{"id":1269,"date":"2021-07-27T23:19:24","date_gmt":"2021-07-27T21:19:24","guid":{"rendered":"https:\/\/kosmetikbyemad.de\/?page_id=1269"},"modified":"2021-10-20T00:41:21","modified_gmt":"2021-10-19T22:41:21","slug":"agb","status":"publish","type":"page","link":"https:\/\/kosmetikbyemad.de\/en\/agb\/","title":{"rendered":"AGB"},"content":{"rendered":"<div id=\"pl-1269\"  class=\"panel-layout\" ><div id=\"pg-1269-0\"  class=\"panel-grid panel-no-style\" ><div id=\"pgc-1269-0-0\"  class=\"panel-grid-cell\" ><div id=\"panel-1269-0-0-0\" class=\"so-panel widget widget_sow-editor panel-first-child panel-last-child\" data-index=\"0\" ><div\n\t\t\t\n\t\t\tclass=\"so-widget-sow-editor so-widget-sow-editor-base\"\n\t\t\t\n\t\t>\n<div class=\"siteorigin-widget-tinymce textwidget\">\n\t<h1>Allgemeine Gesch\u00e4ftsbedingungen mit Kundeninformationen<\/h1>\n<p>f\u00fcr K\u00e4ufe im Onlineshop unter kosmetikbyemad.de<\/p>\n<h2>Inhaltsverzeichnis:<\/h2>\n<p>1- Allgemeines, Geltungsbereich der AGB<br \/>\n2- Vertragsschluss, Zustandekommen des Vertrags<br \/>\n3- Speicherung des Vertragstextes<br \/>\n4- Widerrufsrecht<br \/>\n5- Preise und Versandkosten<br \/>\n6-\u00a0 Liefer- und Versandbedingungen<br \/>\n7- Zahlungsbedingungen<br \/>\n8- Gew\u00e4hrleistung<br \/>\n9- Haftung<br \/>\n10- Kundenservice<br \/>\n11- Sonstiges<span style=\"font-size: small;\"><b><br \/>\n<\/b><\/span><b><\/b><\/p>\n<h3>\u00a7 1 Allgemeines, Geltungsbereich der AGB<\/h3>\n<p>1.1 Alle Lieferungen und Leistungen erfolgen ausschlie\u00dflich auf der Grundlage der nachfolgenden Allgemeinen Gesch\u00e4ftsbedingungen (nachfolgend \u201eAGB\u201c) in ihrer zum Zeitpunkt der Bestellung g\u00fcltigen Fassung.<br \/>\n1.2 Vertragspartner ist KosmetikbyEmad, M\u00fcnchner stra\u00dfe 65 57439 Attendorn, Emad Edwar Twadrous Boles (nachfolgend \u201eVerk\u00e4ufer\u201c).<br \/>\n1.3 Kunde im Sinne dieser Gesch\u00e4ftsbedingungen k\u00f6nnen Verbraucher sein (nachfolgend \u201eKunde\u201c). Verbraucher im Sinne der Gesch\u00e4ftsbedingungen sind nat\u00fcrliche Personen, die Vertr\u00e4ge zu einem Zweck abschlie\u00dfen, der \u00fcberwiegend weder ihrer gewerblichen noch ihrer beruflichen T\u00e4tigkeit zugerechnet werden k\u00f6nnen.<\/p>\n<h3>\u00a7 2 Vertragsschluss, Zustandekommen des Vertrags<\/h3>\n<p>2.1 Die Angebote und Artikelpr\u00e4sentationen stellen kein bindendes Angebot dar. Erst Ihre Bestellung ist ein bindendes Angebot nach \u00a7 145 B\u00fcrgerliches Gesetzbuch (BGB), welches wir annehmen k\u00f6nnen. Nach Versendung der Bestellung \u00fcbermitteln wir Ihnen zun\u00e4chst eine Bestell-Eingangsbest\u00e4tigung per E-Mail. Bei Annahme Ihrer Bestellung durch uns erhalten Sie innerhalb von 3 Werktagen nach Eingang Ihrer Bestellung eine Auftragsbest\u00e4tigung per E-Mail, mit der der Vertrag zustande kommt.<br \/>\n2.2 Wenn Sie das gew\u00fcnschte Produkt gefunden haben, k\u00f6nnen Sie dieses unverbindlich durch Anklicken des Produktnamens oder des Produktbildes genauer ansehen. Durch Anklicken des Buttons In den Warenkorb k\u00f6nnen sie den Artikel in den Warenkorb legen. Den Inhalt des Warenkorbs k\u00f6nnen Sie jederzeit durch Anklicken des Buttons Warenkorb unverbindlich ansehen. Die Produkte k\u00f6nnen Sie durch Anklicken der Grafiken \u00c4ndern und L\u00f6schen wieder aus dem Warenkorb entfernen oder \u00e4ndern. Wenn Sie die Produkte im Warenkorb kaufen wollen, klicken Sie in der Seite \u201eWarenkorb\u201c auf den Button Zur Kasse.<br \/>\nIm Verlauf des weiteren Bestellvorgangs richten Sie bei Ihrem erstmaligen Einkauf ein Kundenkonto bei uns ein und w\u00e4hlen die Versand- sowie die Zahlungsart. Im letzten Schritt erhalten Sie unter \u201eBestellinformation\u201c nochmals eine \u00dcbersicht \u00fcber Ihre Bestelldaten und k\u00f6nnen alle Angaben nochmals \u00fcberpr\u00fcfen und unter korrigieren, l\u00f6schen oder \u00e4ndern. Eingabefehler k\u00f6nnen Sie auch dadurch berichtigen, dass Sie im Browser r\u00fcckw\u00e4rts navigieren oder den Bestellvorgang abbrechen und von vorn beginnen. Um den Einkauf abzuschlie\u00dfen, m\u00fcssen Sie unsere Allgemeinen Gesch\u00e4ftsbedingungen akzeptieren und auf den Button \u201eJetzt kaufen\u201c dr\u00fccken. Damit versenden Sie die Bestellung an uns.<\/p>\n<h3>\u00a7 3 Speicherung des Vertragstextes<\/h3>\n<p>Wir speichern Ihre Bestellung, die eingegebenen Bestelldaten sowie den gesamten Vertragstext. Wir senden Ihnen per E-Mail eine Bestell-Eingangsbest\u00e4tigung und anschlie\u00dfend eine Auftragsbest\u00e4tigung mit allen Bestelldaten und dem gesamten Vertragstext zu.<\/p>\n<h3>\u00a7 4 Widerrufsrecht<\/h3>\n<p>4.1 Verbrauchern steht grunds\u00e4tzlich ein Widerrufsrecht zu.<br \/>\n4.2 N\u00e4here Informationen zum Widerrufsrecht ergeben sich aus der Widerrufsbelehrung des Verk\u00e4ufers.<br \/>\n4.3 Das Widerrufsrecht gilt nicht f\u00fcr Verbraucher, die zum Zeitpunkt des Vertragsschlusses keinem Mitgliedstaat der Europ\u00e4ischen Union angeh\u00f6ren und deren alleiniger Wohnsitz und Lieferadresse zum Zeitpunkt des Vertragsschlusses au\u00dferhalb der Europ\u00e4ischen Union liegen<\/p>\n<h3>\u00a7 5 Preise und Versandkosten<\/h3>\n<p>5.1 Alle Preise gelten inklusive der gesetzlichen Mehrwertsteuer .<br \/>\n5.2 Zus\u00e4tzlich zu den angegebenen Preisen berechnet der Verk\u00e4ufer f\u00fcr die Lieferung Versandkosten. Die Versandkosten werden dem K\u00e4ufer auf einer gesonderten Informationsseite und im Rahmen des Bestellvorgangs deutlich mitgeteilt. Wir liefern mit DHL.<\/p>\n<h3>\u00a7 6\u00a0 Liefer- und Versandbedingungen<\/h3>\n<p>6.1. Soweit Vorkasse vereinbart ist, erfolgt die Lieferung nach Eingang des Rechnungsbetrages.<br \/>\n6.1 Wir liefern ausschlie\u00dflich innerhalb Deutschlands und Europa.<br \/>\n6.2 Die Ware wird, sofern nicht beim Angebot anders angegeben, innerhalb von 2 Werktagen nach 3 in Deutschland und von 5 nach 10 Werktagen in Europa geliefert.<\/p>\n<h3>\u00a7 7 Zahlungsbedingungen<\/h3>\n<p>7.1 Die Zahlung erfolgt wahlweise per Vorkasse oder Paypal.<br \/>\nWir behalten uns vor, einzelne Zahlungsarten auszuschlie\u00dfen.<br \/>\n7.1.1 Bei Wahl der Zahlungsart Vorkasse : Erfolgt die Lieferung nach Eingang des Rechnungsbetrages.<br \/>\n7.1.2 Bei Zahlung per Paypal: Erfolgt die Lieferung nach Eingang des Geld.<br \/>\n7.2 Wir behalten uns das Eigentum an der Kaufsache bis zur vollst\u00e4ndigen Zahlung des Rechnungsbetrags vor.<\/p>\n<h3>\u00a7 8 Gew\u00e4hrleistung<\/h3>\n<p>Wenn Sie Verbraucher sind, erfolgt die Gew\u00e4hrleistung nach den gesetzlichen Bestimmungen.<\/p>\n<h3>\u00a7 9 Haftung<\/h3>\n<p>Wir haften unbeschr\u00e4nkt f\u00fcr Vorsatz und grobe Fahrl\u00e4ssigkeit und nach den Vorgaben des Produkthaftungsgesetzes. Bei leichter Fahrl\u00e4ssigkeit haften wir aus Verletzungen des Lebens, des K\u00f6rpers und der Gesundheit von Personen.<br \/>\nIn anderen F\u00e4llen haften wir f\u00fcr leichte Fahrl\u00e4ssigkeit nur bei der Verletzung vertragswesentlicher Pflichten. Vertragswesentliche Pflichten sind solche deren Erf\u00fcllung die ordnungsgem\u00e4\u00dfe Durchf\u00fchrung des Vertrags erst erm\u00f6glicht und auf deren Einhaltung der Vertragspartner vertraut. Die Haftung bei Verletzung einer solchen vertragswesentlichen Pflicht ist auf den vertragstypischen Schaden begrenzt, mit dessen Entstehen wir bei Vertragsabschluss auf Grund der zu diesem Zeitpunkt bekannten Umst\u00e4nde rechnen mussten. Diese Haftungsbeschr\u00e4nkung gilt auch zugunsten von unseren Erf\u00fcllungsgehilfen.<\/p>\n<h3>\u00a7 10 Kundenservice<\/h3>\n<p>Bei Fragen, Beschwerden oder Reklamationen nehmen Sie bitte Kontakt zu uns auf. Sie erreichen uns Montag - Freitag zwischen 08:00 Uhr und 18:00 Uhr unter der Telefonnummer +491632169088 oder per E-Mail an kosmetikbyemad@gmail.com.<\/p>\n<h3>\u00a7 11 Sonstiges<\/h3>\n<p>11.1 Die Vertragssprache ist Deutsch.<\/p>\n<p>11.2 Die Europ\u00e4ischen Kommission stellt eine Plattform zur Online-Streitbeilegung (OS) bereit. Diese ist \u00fcber die folgende Internetadresse erreichbar:<\/p>\n<p>https:\/\/ec.europa.eu\/consumers\/odr\/.<\/p>\n<p>Wir sind nicht bereit oder verpflichtet an einem Streitbeilegungsverfahren der Verbraucherschlichtungsstellen teilzunehmen.<\/p>\n<p>11.3 Sind eine oder mehrere Regelungen dieser AGB unwirksam, so bleibt der Vertrag im \u00dcbrigen wirksam. Soweit die Bestimmungen unwirksam sind, richtet sich der Inhalt des Vertrages nach den gesetzlichen Vorschriften.<\/p>\n<\/div>\n<\/div><\/div><\/div><\/div><\/div>","protected":false},"excerpt":{"rendered":"<p>Allgemeine Gesch\u00e4ftsbedingungen mit Kundeninformationen f\u00fcr K\u00e4ufe im Onlineshop unter kosmetikbyemad.de Inhaltsverzeichnis: 1- Allgemeines, Geltungsbereich der AGB 2- Vertragsschluss, Zustandekommen des [&hellip;]<\/p>\n","protected":false},"author":1,"featured_media":0,"parent":0,"menu_order":0,"comment_status":"closed","ping_status":"closed","template":"","meta":{"footnotes":""},"class_list":["post-1269","page","type-page","status-publish","hentry"],"jetpack_sharing_enabled":true,"_links":{"self":[{"href":"https:\/\/kosmetikbyemad.de\/en\/wp-json\/wp\/v2\/pages\/1269","targetHints":{"allow":["GET"]}}],"collection":[{"href":"https:\/\/kosmetikbyemad.de\/en\/wp-json\/wp\/v2\/pages"}],"about":[{"href":"https:\/\/kosmetikbyemad.de\/en\/wp-json\/wp\/v2\/types\/page"}],"author":[{"embeddable":true,"href":"https:\/\/kosmetikbyemad.de\/en\/wp-json\/wp\/v2\/users\/1"}],"replies":[{"embeddable":true,"href":"https:\/\/kosmetikbyemad.de\/en\/wp-json\/wp\/v2\/comments?post=1269"}],"version-history":[{"count":5,"href":"https:\/\/kosmetikbyemad.de\/en\/wp-json\/wp\/v2\/pages\/1269\/revisions"}],"predecessor-version":[{"id":1748,"href":"https:\/\/kosmetikbyemad.de\/en\/wp-json\/wp\/v2\/pages\/1269\/revisions\/1748"}],"wp:attachment":[{"href":"https:\/\/kosmetikbyemad.de\/en\/wp-json\/wp\/v2\/media?parent=1269"}],"curies":[{"name":"wp","href":"https:\/\/api.w.org\/{rel}","templated":true}]}}