{"id":1673,"date":"2021-08-15T22:46:18","date_gmt":"2021-08-15T20:46:18","guid":{"rendered":"https:\/\/kosmetikbyemad.de\/?page_id=1673"},"modified":"2021-10-20T00:46:27","modified_gmt":"2021-10-19T22:46:27","slug":"ueber-uns","status":"publish","type":"page","link":"https:\/\/kosmetikbyemad.de\/en\/ueber-uns\/","title":{"rendered":"\u00dcber uns"},"content":{"rendered":"<div id=\"pl-1673\"  class=\"panel-layout\" ><div id=\"pg-1673-0\"  class=\"panel-grid panel-no-style\" ><div id=\"pgc-1673-0-0\"  class=\"panel-grid-cell\" ><div id=\"panel-1673-0-0-0\" class=\"so-panel widget widget_themegrill_flash_heading tg-widget section-title-wrapper panel-first-child panel-last-child\" data-index=\"0\" >\t<h3 class=\"section-title\">\u00dcber uns<\/h3>\n<\/div><\/div><\/div><div id=\"pg-1673-1\"  class=\"panel-grid panel-no-style\" ><div id=\"pgc-1673-1-0\"  class=\"panel-grid-cell\" ><div id=\"panel-1673-1-0-0\" class=\"so-panel widget widget_sow-editor panel-first-child panel-last-child\" data-index=\"1\" ><div\n\t\t\t\n\t\t\tclass=\"so-widget-sow-editor so-widget-sow-editor-base\"\n\t\t\t\n\t\t>\n<div class=\"siteorigin-widget-tinymce textwidget\">\n\t<p>Zun\u00e4chst begr\u00fc\u00dfen wir Sie in unserem Online-Shop.<br \/>\nKosmetik by Emad W\u00fcrde im Jahr 2020 in Stadt Attendorn von Emad Boles gegr\u00fcndet.<\/p>\n<p>Wir sind Autorisierter Vertreter gro\u00dfer Brasilianische Unternehmen, offizieller H\u00e4ndler aller Marken auf dieser Website.<br \/>\nSpezialisiert auf den Import und Verkauf von Brasilianische haargl\u00e4ttung-und Haarpflegeprodukten sowie haargl\u00e4ttungger\u00e4te.<br \/>\nHier sind die verf\u00fcgbaren brasilianischen Haar-Strecker-Marken online: Nano Brazil Professional, Top Hair Cosmetics, Lizze Equipamentos.<\/p>\n<p>Durch dieses Gesch\u00e4ft, wollten wir am attraktivsten Preis f\u00fcr die Verbraucher in verschiedenen Bereichen weitergeben.<\/p>\n<p>Wenn Sie weitere Informationen ben\u00f6tigen, k\u00f6nnen Sie uns unter: <\/p>\n<p><i class=\"fa fa-envelope\"><\/i> <a href=\"mailto:info@kosmetikbyemad.de\">info@kosmetikbyemad.de<\/a><br \/>\n<i class=\"fa fa-mobile\"><\/i> <a href=\"tel:00491632169088\">+49163 21 690 88<\/a><br \/>\n<i class=\"fa fa-phone\"><\/i> <a href=\"tel:004927226589975\">+49 2722 6589975<\/a><\/p>\n<\/div>\n<\/div><\/div><\/div><\/div><\/div>","protected":false},"excerpt":{"rendered":"<p>Zun\u00e4chst begr\u00fc\u00dfen wir Sie in unserem Online-Shop. Kosmetik by Emad W\u00fcrde im Jahr 2020 in Stadt Attendorn von Emad Boles [&hellip;]<\/p>\n","protected":false},"author":1,"featured_media":0,"parent":0,"menu_order":0,"comment_status":"closed","ping_status":"closed","template":"","meta":{"footnotes":""},"class_list":["post-1673","page","type-page","status-publish","hentry"],"jetpack_sharing_enabled":true,"_links":{"self":[{"href":"https:\/\/kosmetikbyemad.de\/en\/wp-json\/wp\/v2\/pages\/1673","targetHints":{"allow":["GET"]}}],"collection":[{"href":"https:\/\/kosmetikbyemad.de\/en\/wp-json\/wp\/v2\/pages"}],"about":[{"href":"https:\/\/kosmetikbyemad.de\/en\/wp-json\/wp\/v2\/types\/page"}],"author":[{"embeddable":true,"href":"https:\/\/kosmetikbyemad.de\/en\/wp-json\/wp\/v2\/users\/1"}],"replies":[{"embeddable":true,"href":"https:\/\/kosmetikbyemad.de\/en\/wp-json\/wp\/v2\/comments?post=1673"}],"version-history":[{"count":10,"href":"https:\/\/kosmetikbyemad.de\/en\/wp-json\/wp\/v2\/pages\/1673\/revisions"}],"predecessor-version":[{"id":1752,"href":"https:\/\/kosmetikbyemad.de\/en\/wp-json\/wp\/v2\/pages\/1673\/revisions\/1752"}],"wp:attachment":[{"href":"https:\/\/kosmetikbyemad.de\/en\/wp-json\/wp\/v2\/media?parent=1673"}],"curies":[{"name":"wp","href":"https:\/\/api.w.org\/{rel}","templated":true}]}}