{"id":735,"date":"2021-03-22T17:48:41","date_gmt":"2021-03-22T17:48:41","guid":{"rendered":"https:\/\/kosmetikbyemad.de\/shipping-methods\/"},"modified":"2024-10-05T19:27:08","modified_gmt":"2024-10-05T17:27:08","slug":"shipping-methods","status":"publish","type":"page","link":"https:\/\/kosmetikbyemad.de\/en\/shipping-methods\/","title":{"rendered":"Shipping Methods"},"content":{"rendered":"<div id=\"pl-735\"  class=\"panel-layout\" ><div id=\"pg-735-0\"  class=\"panel-grid panel-no-style\" ><div id=\"pgc-735-0-0\"  class=\"panel-grid-cell\" ><div id=\"panel-735-0-0-0\" class=\"so-panel widget widget_sow-editor panel-first-child panel-last-child\" data-index=\"0\" ><div\n\t\t\t\n\t\t\tclass=\"so-widget-sow-editor so-widget-sow-editor-base\"\n\t\t\t\n\t\t>\n<div class=\"siteorigin-widget-tinymce textwidget\">\n\t<div class=\"uncont\">\n<div class=\"uncode_text_column\">\n<h2>Versandkosten und Lieferinformationen<\/h2>\n<p>Die auf den Produktseiten genannten Preise enthalten die gesetzliche Mehrwertsteuer und sonstige Preisbestandteile.<\/p>\n<p><strong>Wir liefern innerhalb Deutschlands und ganze Europe.<\/strong><\/p>\n<p>Zus\u00e4tzlich zu den angegebenen Preisen berechnen wir f\u00fcr die Lieferung innerhalb Deutschlands pauschal 4,99 Euro pro Bestellung und f\u00fcr die Lieferung innerhalb Europe ( Au\u00dfer Deutschland ) pauschal 17,99 Euro pro Bestellung. Die Versandkosten werden Ihnen im Warenkorbsystem und auf der Bestellseite nochmals deutlich mitgeteilt.<\/p>\n<p>Die Versandkostenpauschale betr\u00e4gt 4,99 Euro. Die Versandkostenpauschale enth\u00e4lt die gesetzliche Mehrwertsteuer. Da die Mehrwertsteuer auf die Versandkostenpauschale abh\u00e4ngig von den erworbenen Waren berechnet wird, kann sie sich mindern, wenn Waren zu niedrigeren Umsatzsteuers\u00e4tzen erworben werden (z.B. bei Erwerb von B\u00fcchern). Das bedeutet, dass die Versandkostenpauschale erst im Rahmen des Bestellprozesses endg\u00fcltig berechnet werden kann. Sie kann dabei jedoch nicht h\u00f6her, sondern nur zu Ihren Gunsten niedriger werden.<\/p>\n<\/div>\n<\/div>\n<\/div>\n<\/div><\/div><\/div><\/div><div id=\"pg-735-1\"  class=\"panel-grid panel-has-style\" ><div class=\"panel-row-style panel-row-style-for-735-1\" ><div id=\"pgc-735-1-0\"  class=\"panel-grid-cell\" ><div id=\"panel-735-1-0-0\" class=\"so-panel widget widget_sow-editor panel-first-child panel-last-child\" data-index=\"1\" ><div class=\"eso-hide-desktop eso-hide-tablet eso-hide-mobile panel-widget-style panel-widget-style-for-735-1-0-0\" ><div\n\t\t\t\n\t\t\tclass=\"so-widget-sow-editor so-widget-sow-editor-base\"\n\t\t\t\n\t\t>\n<div class=\"siteorigin-widget-tinymce textwidget\">\n\t<p><em>Kostenlos Versand ab 100 Euro innerhalb Deutscland.<\/em><\/p>\n<\/div>\n<\/div><\/div><\/div><\/div><\/div><\/div><\/div>","protected":false},"excerpt":{"rendered":"<p>Versandkosten und Lieferinformationen Die auf den Produktseiten genannten Preise enthalten die gesetzliche Mehrwertsteuer und sonstige Preisbestandteile. Wir liefern innerhalb Deutschlands [&hellip;]<\/p>\n","protected":false},"author":1,"featured_media":0,"parent":0,"menu_order":0,"comment_status":"closed","ping_status":"closed","template":"","meta":{"footnotes":""},"class_list":["post-735","page","type-page","status-publish","hentry"],"jetpack_sharing_enabled":true,"_links":{"self":[{"href":"https:\/\/kosmetikbyemad.de\/en\/wp-json\/wp\/v2\/pages\/735","targetHints":{"allow":["GET"]}}],"collection":[{"href":"https:\/\/kosmetikbyemad.de\/en\/wp-json\/wp\/v2\/pages"}],"about":[{"href":"https:\/\/kosmetikbyemad.de\/en\/wp-json\/wp\/v2\/types\/page"}],"author":[{"embeddable":true,"href":"https:\/\/kosmetikbyemad.de\/en\/wp-json\/wp\/v2\/users\/1"}],"replies":[{"embeddable":true,"href":"https:\/\/kosmetikbyemad.de\/en\/wp-json\/wp\/v2\/comments?post=735"}],"version-history":[{"count":9,"href":"https:\/\/kosmetikbyemad.de\/en\/wp-json\/wp\/v2\/pages\/735\/revisions"}],"predecessor-version":[{"id":3139,"href":"https:\/\/kosmetikbyemad.de\/en\/wp-json\/wp\/v2\/pages\/735\/revisions\/3139"}],"wp:attachment":[{"href":"https:\/\/kosmetikbyemad.de\/en\/wp-json\/wp\/v2\/media?parent=735"}],"curies":[{"name":"wp","href":"https:\/\/api.w.org\/{rel}","templated":true}]}}