{"id":1043,"date":"2021-04-26T00:55:07","date_gmt":"2021-04-25T22:55:07","guid":{"rendered":"https:\/\/kosmetikbyemad.de\/?post_type=product&#038;p=1043"},"modified":"2026-03-23T10:24:50","modified_gmt":"2026-03-23T09:24:50","slug":"top-hair-ph-stabilization-mask-mit-hyaluronsaeure-seidenprotein","status":"publish","type":"product","link":"https:\/\/kosmetikbyemad.de\/en\/product\/top-hair-ph-stabilization-mask-mit-hyaluronsaeure-seidenprotein\/","title":{"rendered":"Top Hair pH Stabilization Mask \u2013 mit Hyalurons\u00e4ure &#038; Seidenprotein"},"content":{"rendered":"<div id=\"pl-1043\"  class=\"panel-layout\" ><div id=\"pg-1043-0\"  class=\"panel-grid panel-no-style\" ><div id=\"pgc-1043-0-0\"  class=\"panel-grid-cell\" ><div id=\"panel-1043-0-0-0\" class=\"so-panel widget widget_sow-editor panel-first-child\" data-index=\"0\" ><div\n\t\t\t\n\t\t\tclass=\"so-widget-sow-editor so-widget-sow-editor-base\"\n\t\t\t\n\t\t>\n<div class=\"siteorigin-widget-tinymce textwidget\">\n\t<div id=\"ds_div\"><\/div>\n<div><strong>Top Hair pH Stabilization Mask<\/strong> \u2013 pH-ausgleichende Haarmaske mit Hyalurons\u00e4ure &amp; Seidenprotein<\/div>\n<div><\/div>\n<div>Bringe dein Haar ins Gleichgewicht \u2013 mit der TopHair pH Stabilization Mask, speziell entwickelt f\u00fcr chemisch behandeltes Haar. Diese professionelle Haarmaske stabilisiert den nat\u00fcrlichen pH-Wert des Haares und schlie\u00dft die Schuppenschicht zuverl\u00e4ssig nach einer Protein- oder chemischen Behandlung.<\/div>\n<div><\/div>\n<div><strong>Produktvorteile:<\/strong><\/div>\n<div>\u2022pH-Ausgleich: Stellt den nat\u00fcrlichen pH-Wert des Haares wieder her und sch\u00fctzt so vor Feuchtigkeitsverlust.<\/div>\n<div>\u2022Hyalurons\u00e4ure &amp; Seidenprotein: Spenden intensive Feuchtigkeit und st\u00e4rken die Haarstruktur.<\/div>\n<div>\u2022Versiegelung der Schuppenschicht: Gl\u00e4ttet die Haaroberfl\u00e4che und sorgt f\u00fcr langanhaltenden Glanz und Geschmeidigkeit.<\/div>\n<div>\u2022Regeneration &amp; Pflege: Repariert gesch\u00e4digtes Haar und macht es widerstandsf\u00e4higer gegen \u00e4u\u00dfere Einfl\u00fcsse.<\/div>\n<div>\u2022Ideal nach chemischen Behandlungen: Perfekt geeignet nach F\u00e4rben, Blondieren, Gl\u00e4tten oder Proteinbehandlungen.<\/div>\n<div><\/div>\n<div><strong>Anwendung:<\/strong><\/div>\n<div>Nach dem Aussp\u00fclen der Behandlung oder des Shampoos auf das feuchte Haar auftragen, besonders in L\u00e4ngen und Spitzen einmassieren. 5\u201310 Minuten einwirken lassen und gr\u00fcndlich aussp\u00fclen.<\/div>\n<div><\/div>\n<div><strong>Erh\u00e4ltlich in:<\/strong><\/div>\n<div>\u2022300 ml (Salon- &amp; Heimgebrauch)<\/div>\n<div><\/div>\n<div id=\"ds_div\">\n<p dir=\"ltr\"><strong>Vorsichtsma\u00dfnahmen:<\/strong>\u00a0Von Kindern fernhalten. Vor Licht, \u00fcberm\u00e4\u00dfiger Hitze und Feuchtigkeit sch\u00fctzen. Kontakt mit Augen, Mund und Schleimh\u00e4uten vermeiden. Bei Allergien die Anwendung abbrechen.<\/p>\n<\/div>\n<\/div>\n<\/div><\/div><div id=\"panel-1043-0-0-1\" class=\"so-panel widget widget_echelonso-eso-video panel-last-child\" data-index=\"1\" ><div\n\t\t\t\n\t\t\tclass=\"so-widget-echelonso-eso-video so-widget-echelonso-eso-video-default-d75171398898-1043\"\n\t\t\t\n\t\t>    <video style=\"max-width: 100%;\" src=\"https:\/\/kosmetikbyemad.de\/wp-content\/uploads\/2021\/04\/WhatsApp-Video-2025-06-25-at-02.10.58.mp4\" uk-video=\"autoplay: inview\" eso muted loop playsinline><\/video>\r\n<\/div><\/div><\/div><\/div><\/div>","protected":false},"excerpt":{"rendered":"<p>PH-Acidifiyngmask Intensivpfleg<\/p>","protected":false},"featured_media":2800,"comment_status":"open","ping_status":"closed","template":"","meta":[],"product_brand":[],"product_cat":[83,50],"product_tag":[141,139,142],"class_list":{"0":"post-1043","1":"product","2":"type-product","3":"status-publish","4":"has-post-thumbnail","6":"product_cat-ph-equilibrium","7":"product_cat-top-hair","8":"product_tag-anti-frizz","9":"product_tag-haarmaske","10":"product_tag-organic","11":"product_shipping_class-package","13":"first","14":"outofstock","15":"taxable","16":"shipping-taxable","17":"purchasable","18":"product-type-simple"},"jetpack_sharing_enabled":true,"_links":{"self":[{"href":"https:\/\/kosmetikbyemad.de\/en\/wp-json\/wp\/v2\/product\/1043","targetHints":{"allow":["GET"]}}],"collection":[{"href":"https:\/\/kosmetikbyemad.de\/en\/wp-json\/wp\/v2\/product"}],"about":[{"href":"https:\/\/kosmetikbyemad.de\/en\/wp-json\/wp\/v2\/types\/product"}],"replies":[{"embeddable":true,"href":"https:\/\/kosmetikbyemad.de\/en\/wp-json\/wp\/v2\/comments?post=1043"}],"wp:featuredmedia":[{"embeddable":true,"href":"https:\/\/kosmetikbyemad.de\/en\/wp-json\/wp\/v2\/media\/2800"}],"wp:attachment":[{"href":"https:\/\/kosmetikbyemad.de\/en\/wp-json\/wp\/v2\/media?parent=1043"}],"wp:term":[{"taxonomy":"product_brand","embeddable":true,"href":"https:\/\/kosmetikbyemad.de\/en\/wp-json\/wp\/v2\/product_brand?post=1043"},{"taxonomy":"product_cat","embeddable":true,"href":"https:\/\/kosmetikbyemad.de\/en\/wp-json\/wp\/v2\/product_cat?post=1043"},{"taxonomy":"product_tag","embeddable":true,"href":"https:\/\/kosmetikbyemad.de\/en\/wp-json\/wp\/v2\/product_tag?post=1043"}],"curies":[{"name":"wp","href":"https:\/\/api.w.org\/{rel}","templated":true}]}}