{"id":1104,"date":"2021-05-20T22:24:54","date_gmt":"2021-05-20T20:24:54","guid":{"rendered":"https:\/\/kosmetikbyemad.de\/?post_type=product&#038;p=1104"},"modified":"2026-03-29T14:57:50","modified_gmt":"2026-03-29T12:57:50","slug":"lizze-extreme-titan","status":"publish","type":"product","link":"https:\/\/kosmetikbyemad.de\/en\/product\/lizze-extreme-titan\/","title":{"rendered":"Lizze Extreme Titan 250 \u00b0C \/ 480 \u00b0F professionell haargl\u00e4tter 32mm heitzplatten"},"content":{"rendered":"<div id=\"pl-1104\"  class=\"panel-layout\" ><div id=\"pg-1104-0\"  class=\"panel-grid panel-no-style\" ><div id=\"pgc-1104-0-0\"  class=\"panel-grid-cell\" ><div id=\"panel-1104-0-0-0\" class=\"so-panel widget widget_sow-editor panel-first-child panel-last-child\" data-index=\"0\" ><div\n\t\t\t\n\t\t\tclass=\"so-widget-sow-editor so-widget-sow-editor-base\"\n\t\t\t\n\t\t>\n<div class=\"siteorigin-widget-tinymce textwidget\">\n\t<div id=\"ds_div\">\n<h1 class=\"product_title entry-title\">Lizze Extreme Titan 250 \u00b0C \/ 480 \u00b0F professionell haargl\u00e4tter<\/h1>\n<\/div>\n<div id=\"ds_div\">\n<p dir=\"ltr\">Das Gl\u00e4tteisen Extreme Tit\u00e2nio 250 \u00b0C\u00a0 480 \u00b0F von Lizze ist die brasilianische Herstellung der besten Gl\u00e4tteisen der Welt.<\/p>\n<p dir=\"ltr\">Es bietet einen echten Komfort beim Arbeiten. Mit einem Gewicht von 300 Gramm ist es leicht.<\/p>\n<p dir=\"ltr\">Die L\u00e4nge der Platten erm\u00f6glicht es, lange Str\u00e4hnen zu greifen. Die mittlere Breite erm\u00f6glicht es, sowohl kleine als auch lange Haare zu fangen.<\/p>\n<p dir=\"ltr\">Die leicht gefederten Platten sorgen f\u00fcr eine stabile Aufnahme der Str\u00e4hne.<\/p>\n<p dir=\"ltr\">Die Nano-Titan-Technologie sorgt f\u00fcr eine bessere W\u00e4rmeverteilung, eine konstante Temperatur, d.h. ohne Temperaturverlust beim Gl\u00e4tten. Leistungsvergleichstabelle Anzahl der Durchg\u00e4nge der Gl\u00e4tteisen von 10 mal 50 mal Maximum* Organische Gl\u00e4ttung 16 bis 20 mal 8 bis 10 mal MAXIMUM* * Nicht \u00fcberschreiten, da sonst unn\u00f6tig Zeit verschwendet wird.<\/p>\n<p dir=\"ltr\">Die Titan-Technologie des Gl\u00e4tteisen Lizze Extreme erm\u00f6glicht es, das Haar schneller zu arbeiten, auch bei der Verwendung bei niedrigen Temperaturen wie bei der Arbeit auf d\u00fcnnem, br\u00fcchigem, gestr\u00e4hntem Haar. Denn die thermische Leistung des Lizze Extreme Gl\u00e4tteisen sind nicht die einzige Gr\u00fcnde, die die Anzahl der Durchg\u00e4nge der Platten so viel verringern.<\/p>\n<p dir=\"ltr\">Die exklusive Technologie und die Auswahl der Materialien dieses Haargl\u00e4tter tragen ebenfalls dazu bei, dass es so einfach ist.<\/p>\n<p><strong>Details<\/strong><\/p>\n<p>Marke:Lizze<\/p>\n<p>Artikelma\u00dfe L x B x H: 29 x 3 x 30 Millimeter<\/p>\n<p>Artikelgewicht: 450 Gramm<\/p>\n<p>Max.Temperatureinstellung: 250 Grad Celsius<\/p>\n<p dir=\"ltr\"><strong>Eigenschaften:<\/strong><\/p>\n<ul>\n<li>Titanplatten<\/li>\n<li>Temperatur einstellbar zwischen 150 \u00b0 C \/ 300 \u00b0 F und 250 \u00b0 C \/ 480 \u00b0 F<\/li>\n<li>Widerstand vom Typ MCH.<\/li>\n<li>Temperatureinstellung \u00fcber das Drehrad<\/li>\n<li>360\u00ba-Gummi-Drehkabel, 2,7 m lang.<\/li>\n<li>Spannung: 220 V<\/li>\n<li>Frequenz: 50\/60 Hz<\/li>\n<li>Leistung: 44 W<\/li>\n<li>Automatische Trennung nach 60 Minuten<\/li>\n<li>F\u00fcr nat\u00fcrliches Haar<\/li>\n<li>LCD-Display mit Temperaturanzeige<\/li>\n<li>LED-Anzeige mit Temperaturanzeige<\/li>\n<li>Plattenma\u00dfe: 32 x 110 mm<\/li>\n<\/ul>\n<\/div>\n<p>* WARNUNG: Verwenden Sie das Produkt nicht f\u00fcr Kunsthaare oder wenn die Haare nass sind.<\/p>\n<\/div>\n<\/div><\/div><\/div><\/div><div id=\"pg-1104-1\"  class=\"panel-grid panel-no-style\" ><div id=\"pgc-1104-1-0\"  class=\"panel-grid-cell\" ><div id=\"panel-1104-1-0-0\" class=\"so-panel widget widget_echelonso-eso-slider panel-first-child panel-last-child\" data-index=\"1\" ><div class=\"slider-product-video panel-widget-style panel-widget-style-for-1104-1-0-0\" ><div\n\t\t\t\n\t\t\tclass=\"so-widget-echelonso-eso-slider so-widget-echelonso-eso-slider-default-4333943d95ad-1104\"\n\t\t\t\n\t\t>\r\n    <div uk-slider=\"center: true; autoplay: true; autoplay-interval: 6000; clsActivated: eso\" tabindex=\"-1\">\r\n\r\n        <div class=\"uk-position-relative\">\r\n\r\n            <div  class=\"uk-slider-container\">\r\n\r\n                <div class=\"uk-slider-items uk-grid eso-slider-items-class uk-child-width-1-1 uk-child-width-1-1 uk-child-width-1-1 uk-child-width-1-1\">\r\n                                            <div>\r\n                            <div id=\"pl-w6e7751fc\"  class=\"panel-layout\" ><div id=\"pg-w6e7751fc-0\"  class=\"panel-grid panel-no-style\" ><div id=\"pgc-w6e7751fc-0-0\"  class=\"panel-grid-cell\" ><div id=\"panel-w6e7751fc-0-0-0\" class=\"so-panel widget widget_media_video panel-first-child panel-last-child\" data-index=\"0\" ><div style=\"width:100%;\" class=\"wp-video\"><video class=\"wp-video-shortcode\" id=\"video-1104-1\" preload=\"metadata\" controls=\"controls\"><source type=\"video\/mp4\" src=\"https:\/\/kosmetikbyemad.de\/wp-content\/uploads\/2021\/05\/glatteisen-lizze-extreme-video-4.mp4?_=1\" \/><source type=\"video\/mp4\" src=\"https:\/\/kosmetikbyemad.de\/wp-content\/uploads\/2021\/05\/glatteisen-lizze-extreme-video-4.mp4?_=1\" \/><a href=\"https:\/\/kosmetikbyemad.de\/wp-content\/uploads\/2021\/05\/glatteisen-lizze-extreme-video-4.mp4\">https:\/\/kosmetikbyemad.de\/wp-content\/uploads\/2021\/05\/glatteisen-lizze-extreme-video-4.mp4<\/a><\/video><\/div><\/div><\/div><\/div><\/div>                        <\/div>\r\n                                            <div>\r\n                            <div id=\"pl-wb991308b\"  class=\"panel-layout\" ><div id=\"pg-wb991308b-0\"  class=\"panel-grid panel-no-style\" ><div id=\"pgc-wb991308b-0-0\"  class=\"panel-grid-cell\" ><div id=\"panel-wb991308b-0-0-0\" class=\"so-panel widget widget_media_video panel-first-child panel-last-child\" data-index=\"0\" ><div style=\"width:100%;\" class=\"wp-video\"><video class=\"wp-video-shortcode\" id=\"video-1104-2\" preload=\"metadata\" controls=\"controls\"><source type=\"video\/mp4\" src=\"https:\/\/kosmetikbyemad.de\/wp-content\/uploads\/2021\/05\/glatteisen-lizze-extreme-video-2.mp4?_=2\" \/><source type=\"video\/mp4\" src=\"https:\/\/kosmetikbyemad.de\/wp-content\/uploads\/2021\/05\/glatteisen-lizze-extreme-video-2.mp4?_=2\" \/><a href=\"https:\/\/kosmetikbyemad.de\/wp-content\/uploads\/2021\/05\/glatteisen-lizze-extreme-video-2.mp4\">https:\/\/kosmetikbyemad.de\/wp-content\/uploads\/2021\/05\/glatteisen-lizze-extreme-video-2.mp4<\/a><\/video><\/div><\/div><\/div><\/div><\/div>                        <\/div>\r\n                                            <div>\r\n                            <div id=\"pl-w6853a57f\"  class=\"panel-layout\" ><div id=\"pg-w6853a57f-0\"  class=\"panel-grid panel-no-style\" ><div id=\"pgc-w6853a57f-0-0\"  class=\"panel-grid-cell\" ><div id=\"panel-w6853a57f-0-0-0\" class=\"so-panel widget widget_media_video panel-first-child panel-last-child\" data-index=\"0\" ><div style=\"width:100%;\" class=\"wp-video\"><video class=\"wp-video-shortcode\" id=\"video-1104-3\" preload=\"metadata\" controls=\"controls\"><source type=\"video\/mp4\" src=\"https:\/\/kosmetikbyemad.de\/wp-content\/uploads\/2021\/05\/glatteisen-lizze-extreme-video-3.mp4?_=3\" \/><source type=\"video\/mp4\" src=\"https:\/\/kosmetikbyemad.de\/wp-content\/uploads\/2021\/05\/glatteisen-lizze-extreme-video-3.mp4?_=3\" \/><a href=\"https:\/\/kosmetikbyemad.de\/wp-content\/uploads\/2021\/05\/glatteisen-lizze-extreme-video-3.mp4\">https:\/\/kosmetikbyemad.de\/wp-content\/uploads\/2021\/05\/glatteisen-lizze-extreme-video-3.mp4<\/a><\/video><\/div><\/div><\/div><\/div><\/div>                        <\/div>\r\n                                    <\/div>\r\n\r\n            <\/div>\r\n\r\n                            <a class=\"uk-slidenav uk-position-center-left-out eso eso uk-hidden-touch\" href=\"#\" uk-slidenav-previous uk-slider-item=\"previous\"><\/a>\r\n                <a class=\"uk-slidenav uk-position-center-right-out eso eso uk-hidden-touch\" href=\"#\" uk-slidenav-next uk-slider-item=\"next\"><\/a>\r\n            \r\n        <\/div>\r\n\r\n                    <ul class=\"uk-slider-nav uk-dotnav uk-flex-center\"><\/ul>\r\n        \r\n    <\/div>\r\n\r\n<\/div><\/div><\/div><\/div><\/div><\/div>","protected":false},"excerpt":{"rendered":"<p>Lizze Extreme Titan 250 \u00b0C \/ 480 \u00b0F professionell haargl\u00e4tter 32mm heitzplatten<\/p>","protected":false},"featured_media":1854,"comment_status":"open","ping_status":"closed","template":"","meta":[],"product_brand":[],"product_cat":[77,78],"product_tag":[129,130,131,138],"class_list":{"0":"post-1104","1":"product","2":"type-product","3":"status-publish","4":"has-post-thumbnail","6":"product_cat-lizze","7":"product_cat-lizze-extreme","8":"product_tag-glaetteisen","9":"product_tag-haarglaetter","10":"product_tag-lizze","11":"product_tag-lizze-exterme","12":"product_shipping_class-package","14":"first","15":"instock","16":"sale","17":"taxable","18":"shipping-taxable","19":"purchasable","20":"product-type-simple"},"jetpack_sharing_enabled":true,"_links":{"self":[{"href":"https:\/\/kosmetikbyemad.de\/en\/wp-json\/wp\/v2\/product\/1104","targetHints":{"allow":["GET"]}}],"collection":[{"href":"https:\/\/kosmetikbyemad.de\/en\/wp-json\/wp\/v2\/product"}],"about":[{"href":"https:\/\/kosmetikbyemad.de\/en\/wp-json\/wp\/v2\/types\/product"}],"replies":[{"embeddable":true,"href":"https:\/\/kosmetikbyemad.de\/en\/wp-json\/wp\/v2\/comments?post=1104"}],"wp:featuredmedia":[{"embeddable":true,"href":"https:\/\/kosmetikbyemad.de\/en\/wp-json\/wp\/v2\/media\/1854"}],"wp:attachment":[{"href":"https:\/\/kosmetikbyemad.de\/en\/wp-json\/wp\/v2\/media?parent=1104"}],"wp:term":[{"taxonomy":"product_brand","embeddable":true,"href":"https:\/\/kosmetikbyemad.de\/en\/wp-json\/wp\/v2\/product_brand?post=1104"},{"taxonomy":"product_cat","embeddable":true,"href":"https:\/\/kosmetikbyemad.de\/en\/wp-json\/wp\/v2\/product_cat?post=1104"},{"taxonomy":"product_tag","embeddable":true,"href":"https:\/\/kosmetikbyemad.de\/en\/wp-json\/wp\/v2\/product_tag?post=1104"}],"curies":[{"name":"wp","href":"https:\/\/api.w.org\/{rel}","templated":true}]}}