{"id":1527,"date":"2021-08-06T17:26:14","date_gmt":"2021-08-06T15:26:14","guid":{"rendered":"https:\/\/kosmetikbyemad.de\/?post_type=product&#038;p=1527"},"modified":"2025-03-19T12:39:07","modified_gmt":"2025-03-19T11:39:07","slug":"photon-lizze-extreme","status":"publish","type":"product","link":"https:\/\/kosmetikbyemad.de\/en\/product\/photon-lizze-extreme\/","title":{"rendered":"Photon Lizze Extreme"},"content":{"rendered":"<div id=\"pl-1527\"  class=\"panel-layout\" ><div id=\"pg-1527-0\"  class=\"panel-grid panel-no-style\" ><div id=\"pgc-1527-0-0\"  class=\"panel-grid-cell\" ><div id=\"panel-1527-0-0-0\" class=\"so-panel widget widget_sow-editor panel-first-child panel-last-child\" data-index=\"0\" ><div\n\t\t\t\n\t\t\tclass=\"so-widget-sow-editor so-widget-sow-editor-base\"\n\t\t\t\n\t\t>\n<div class=\"siteorigin-widget-tinymce textwidget\">\n\t<div id=\"ds_div\">\n<p dir=\"ltr\">Photon Lizze Extreme Photonic Rotes Und\u00a0 Blaues Licht Brasilianische Haarbehandlung<\/p>\n<p dir=\"ltr\">Photon Lizze ist mit einer sehr hohen Technologie ausgestattet, die in der Lage ist, spektakul\u00e4re Ergebnisse in den Haarstr\u00e4hnen zu erzielen.\u00a0 Dies liegt daran, dass seine 450-Nanometer-Blaulichtwellen in direkten Kontakt mit der Haarkutikula kommen und so l\u00e4nger anhaltende und \u00fcberraschende Ergebnisse erzielen.\u00a0 Dar\u00fcber hinaus aktiviert sein 600-Nanometer-Rotlicht die Durchblutung und st\u00e4rkt die Haarfaser.<\/p>\n<p dir=\"ltr\"><img decoding=\"async\" class=\"emoji\" role=\"img\" draggable=\"false\" src=\"https:\/\/s.w.org\/images\/core\/emoji\/13.1.0\/svg\/1f535.svg\" alt=\"\ud83d\udd35\" \/>Blaulicht<br \/>\nseine blauen mit 450-Nanometer-Lichtwellen kommen direkt mit der Haarkutikula in Ber\u00fchrung , wodurch dauerhafte und \u00fcberraschende Ergebnisse erzielt werden k\u00f6nnen . Bei Kontakt mit dem Haar l\u00f6st der Laser chemische Reaktionen zwischen den im Haar verteilten Produktbestandteilen aus, die die Wirkung verst\u00e4rken und die Haltbarkeit durch Eindringen und Fixierung des Produkts in den Kapillarfasern verl\u00e4ngern.<br \/>\nSorgt f\u00fcr :<br \/>\n<img decoding=\"async\" class=\"emoji\" role=\"img\" draggable=\"false\" src=\"https:\/\/s.w.org\/images\/core\/emoji\/13.1.0\/svg\/1f535.svg\" alt=\"\ud83d\udd35\" \/>Gl\u00e4ttung<br \/>\n<img decoding=\"async\" class=\"emoji\" role=\"img\" draggable=\"false\" src=\"https:\/\/s.w.org\/images\/core\/emoji\/13.1.0\/svg\/1f535.svg\" alt=\"\ud83d\udd35\" \/>Hydration<br \/>\n<img decoding=\"async\" class=\"emoji\" role=\"img\" draggable=\"false\" src=\"https:\/\/s.w.org\/images\/core\/emoji\/13.1.0\/svg\/1f535.svg\" alt=\"\ud83d\udd35\" \/>Ern\u00e4hrung<\/p>\n<p dir=\"ltr\">\n<\/div>\n<p dir=\"ltr\"><img decoding=\"async\" class=\"emoji\" role=\"img\" draggable=\"false\" src=\"https:\/\/s.w.org\/images\/core\/emoji\/13.1.0\/svg\/1f534.svg\" alt=\"\ud83d\udd34\" \/>Rotlicht<br \/>\nRotlichtbehandlungen mit einer L\u00e4nge von 600 Nanometern, die den Haarausfall unterst\u00fctzen und st\u00e4rken<br \/>\n<img decoding=\"async\" class=\"emoji\" role=\"img\" draggable=\"false\" src=\"https:\/\/s.w.org\/images\/core\/emoji\/13.1.0\/svg\/1f534.svg\" alt=\"\ud83d\udd34\" \/>3 bis 6 Monate. Behandlungsempfehlung mindestens 20 min pro Woche.<br \/>\n<img decoding=\"async\" class=\"emoji\" role=\"img\" draggable=\"false\" src=\"https:\/\/s.w.org\/images\/core\/emoji\/13.1.0\/svg\/1f534.svg\" alt=\"\ud83d\udd34\" \/>hilft entz\u00fcndliche Prozesse einzud\u00e4mmen, wirkt auf die Haarst\u00e4rkung, Haarausfall, stimuliert die Kollagensynthese<\/p>\n<div id=\"ds_div\"><\/div>\n<div id=\"ds_div\">\n<p dir=\"ltr\"><strong>Photon Lizze hat viele Anwendungen.\u00a0 Normalerweise verwenden Friseure es zum F\u00e4rben der Haare, zur Feuchtigkeitsversorgung der Haare und zur Keratinbehandlung.<\/strong><\/p>\n<p dir=\"ltr\"><b>Photon-Laser (Photon Lizze) zum F\u00e4rben von Haaren:<\/b><\/p>\n<p dir=\"ltr\">1.Haare waschen<\/p>\n<p dir=\"ltr\">2.Trocknen und \u00fcbersch\u00fcssiges Wasser mit einem Handtuch entfernen.<\/p>\n<p dir=\"ltr\">3.Trage deine Lieblingsfarbe auf<\/p>\n<p dir=\"ltr\">4.Verwenden Sie Photon Laser (Photon Lizze) f\u00fcr 10 Minuten im gesamten Haar.<\/p>\n<p dir=\"ltr\">5.Warten Sie 20 Minuten.<\/p>\n<p dir=\"ltr\">6.Haare waschen<\/p>\n<p dir=\"ltr\">7.F\u00f6hnen<\/p>\n<p dir=\"ltr\">8.Haare k\u00e4mmen<\/p>\n<p dir=\"ltr\">9.Frisieren<\/p>\n<p dir=\"ltr\">10.Verwenden Sie Photon Laser f\u00fcr 5 Minuten im gesamten Haar f\u00fcr ein perfektes Finish.<\/p>\n<p dir=\"ltr\"><b>Photon-Laser (<\/b><b>Photon Lizze) f\u00fcr\u00a0<\/b><b>Feuchtigkeitsversorgung die haare<\/b>:<\/p>\n<p dir=\"ltr\">1.Haare waschen.<\/p>\n<p dir=\"ltr\">2.Trocknen und \u00fcbersch\u00fcssiges Wasser mit einem Handtuch entfernen.<\/p>\n<p dir=\"ltr\">3.Tragen Sie Ihr bevorzugtes Kapillarmaskenprodukt auf.<\/p>\n<p dir=\"ltr\">4.Verwenden Sie Photon Laser (Photon Lizze) f\u00fcr 10 Minuten im gesamten Haar.<\/p>\n<p dir=\"ltr\">5.Warten Sie 20 Minuten.<\/p>\n<p dir=\"ltr\">6.Haare waschen<\/p>\n<p dir=\"ltr\">7.F\u00f6hnen<\/p>\n<p dir=\"ltr\">8.Haare k\u00e4mmen<\/p>\n<p dir=\"ltr\">9.Frisieren<\/p>\n<p dir=\"ltr\">10.Verwenden Sie Photon Laser f\u00fcr 5 Minuten im gesamten Haar f\u00fcr ein perfektes Finish.<\/p>\n<p dir=\"ltr\"><b>Photon-Laser (Photon Lizze) f\u00fcr die Keratin-Behandlung (permanentes Haar):<\/b><\/p>\n<p dir=\"ltr\">1.Waschen Sie die Haare mit einem teifenreinigen Shampoo<\/p>\n<p dir=\"ltr\">2.Trocknen und \u00fcbersch\u00fcssiges Wasser mit einem Handtuch entfernen.<\/p>\n<p dir=\"ltr\">3.Verwenden Sie Ihr Lieblings-Keratin oder Proteingl\u00e4ttung stellen Sie sicher, dass Sie das Produkt Str\u00e4hne f\u00fcr Str\u00e4hne auftragen.<\/p>\n<p dir=\"ltr\">4.\u00dcbersch\u00fcssiges Produkt aus dem Haar entfernen<\/p>\n<p dir=\"ltr\">5.Verwenden Sie Photon Laser (Photon Lizze) f\u00fcr 10 Minuten im gesamten Haar.<\/p>\n<p dir=\"ltr\">6.F\u00f6hnen<\/p>\n<p dir=\"ltr\">7.Haare k\u00e4mmen<\/p>\n<p dir=\"ltr\">8.Frisieren<\/p>\n<p dir=\"ltr\">9. Wenn die Kundin ihre Haare am selben Tag waschen m\u00f6chte, waschen Sie sie NUR mit salzfreiem Shampoo und Sp\u00fclung<\/p>\n<p dir=\"ltr\">10. Nach der Haarw\u00e4sche Verwenden Sie Photon Laser f\u00fcr 5 Minuten im gesamten Haar f\u00fcr ein perfektes Finish.<\/p>\n<p>&nbsp;<\/p>\n<p dir=\"ltr\">\n<\/div>\n<\/div>\n<\/div><\/div><\/div><\/div><div id=\"pg-1527-1\"  class=\"panel-grid panel-no-style\" ><div id=\"pgc-1527-1-0\"  class=\"panel-grid-cell\" ><div id=\"panel-1527-1-0-0\" class=\"so-panel widget widget_echelonso-eso-slider panel-first-child panel-last-child\" data-index=\"1\" ><div class=\"slider-product-video panel-widget-style panel-widget-style-for-1527-1-0-0\" ><div\n\t\t\t\n\t\t\tclass=\"so-widget-echelonso-eso-slider so-widget-echelonso-eso-slider-default-4333943d95ad-1527\"\n\t\t\t\n\t\t>\r\n    <div uk-slider=\"center: true; autoplay: true; autoplay-interval: 6000; clsActivated: eso\" tabindex=\"-1\">\r\n\r\n        <div class=\"uk-position-relative\">\r\n\r\n            <div  class=\"uk-slider-container\">\r\n\r\n                <div class=\"uk-slider-items uk-grid eso-slider-items-class uk-child-width-1-1 uk-child-width-1-1 uk-child-width-1-1 uk-child-width-1-1\">\r\n                                            <div>\r\n                            <div id=\"pl-wa516db7d\"  class=\"panel-layout\" ><div id=\"pg-wa516db7d-0\"  class=\"panel-grid panel-no-style\" ><div id=\"pgc-wa516db7d-0-0\"  class=\"panel-grid-cell\" ><div id=\"panel-wa516db7d-0-0-0\" class=\"so-panel widget widget_media_video panel-first-child panel-last-child\" data-index=\"0\" ><div style=\"width:100%;\" class=\"wp-video\"><video class=\"wp-video-shortcode\" id=\"video-1527-1\" preload=\"metadata\" controls=\"controls\"><source type=\"video\/mp4\" src=\"https:\/\/kosmetikbyemad.de\/wp-content\/uploads\/2021\/08\/VIDEO-EMAD-4.mp4?_=1\" \/><source type=\"video\/mp4\" src=\"https:\/\/kosmetikbyemad.de\/wp-content\/uploads\/2021\/08\/VIDEO-EMAD-4.mp4?_=1\" \/><a href=\"https:\/\/kosmetikbyemad.de\/wp-content\/uploads\/2021\/08\/VIDEO-EMAD-4.mp4\">https:\/\/kosmetikbyemad.de\/wp-content\/uploads\/2021\/08\/VIDEO-EMAD-4.mp4<\/a><\/video><\/div><\/div><\/div><\/div><\/div>                        <\/div>\r\n                                            <div>\r\n                            <div id=\"pl-w0f8f7aa7\"  class=\"panel-layout\" ><div id=\"pg-w0f8f7aa7-0\"  class=\"panel-grid panel-no-style\" ><div id=\"pgc-w0f8f7aa7-0-0\"  class=\"panel-grid-cell\" ><div id=\"panel-w0f8f7aa7-0-0-0\" class=\"so-panel widget widget_media_video panel-first-child panel-last-child\" data-index=\"0\" ><div style=\"width:100%;\" class=\"wp-video\"><video class=\"wp-video-shortcode\" id=\"video-1527-2\" preload=\"metadata\" controls=\"controls\"><source type=\"video\/mp4\" src=\"https:\/\/kosmetikbyemad.de\/wp-content\/uploads\/2021\/08\/VIDEO-EMAD-3.mp4?_=2\" \/><source type=\"video\/mp4\" src=\"https:\/\/kosmetikbyemad.de\/wp-content\/uploads\/2021\/08\/VIDEO-EMAD-3.mp4?_=2\" \/><a href=\"https:\/\/kosmetikbyemad.de\/wp-content\/uploads\/2021\/08\/VIDEO-EMAD-3.mp4\">https:\/\/kosmetikbyemad.de\/wp-content\/uploads\/2021\/08\/VIDEO-EMAD-3.mp4<\/a><\/video><\/div><\/div><\/div><\/div><\/div>                        <\/div>\r\n                                            <div>\r\n                            <div id=\"pl-w084ab478\"  class=\"panel-layout\" ><div id=\"pg-w084ab478-0\"  class=\"panel-grid panel-no-style\" ><div id=\"pgc-w084ab478-0-0\"  class=\"panel-grid-cell\" ><div id=\"panel-w084ab478-0-0-0\" class=\"so-panel widget widget_media_video panel-first-child panel-last-child\" data-index=\"0\" ><div style=\"width:100%;\" class=\"wp-video\"><video class=\"wp-video-shortcode\" id=\"video-1527-3\" preload=\"metadata\" controls=\"controls\"><source type=\"video\/mp4\" src=\"https:\/\/kosmetikbyemad.de\/wp-content\/uploads\/2021\/08\/VIDEO-EMAD-2.mp4?_=3\" \/><source type=\"video\/mp4\" src=\"https:\/\/kosmetikbyemad.de\/wp-content\/uploads\/2021\/08\/VIDEO-EMAD-2.mp4?_=3\" \/><a href=\"https:\/\/kosmetikbyemad.de\/wp-content\/uploads\/2021\/08\/VIDEO-EMAD-2.mp4\">https:\/\/kosmetikbyemad.de\/wp-content\/uploads\/2021\/08\/VIDEO-EMAD-2.mp4<\/a><\/video><\/div><\/div><\/div><\/div><\/div>                        <\/div>\r\n                                            <div>\r\n                            <div id=\"pl-wa223f339\"  class=\"panel-layout\" ><div id=\"pg-wa223f339-0\"  class=\"panel-grid panel-no-style\" ><div id=\"pgc-wa223f339-0-0\"  class=\"panel-grid-cell\" ><div id=\"panel-wa223f339-0-0-0\" class=\"so-panel widget widget_media_video panel-first-child panel-last-child\" data-index=\"0\" ><div style=\"width:100%;\" class=\"wp-video\"><video class=\"wp-video-shortcode\" id=\"video-1527-4\" preload=\"metadata\" controls=\"controls\"><source type=\"video\/mp4\" src=\"https:\/\/kosmetikbyemad.de\/wp-content\/uploads\/2021\/08\/WhatsApp-Video-2022-01-22-at-00.35.30.mp4?_=4\" \/><source type=\"video\/mp4\" src=\"https:\/\/kosmetikbyemad.de\/wp-content\/uploads\/2021\/08\/WhatsApp-Video-2022-01-22-at-00.35.30.mp4?_=4\" \/><a href=\"https:\/\/kosmetikbyemad.de\/wp-content\/uploads\/2021\/08\/WhatsApp-Video-2022-01-22-at-00.35.30.mp4\">https:\/\/kosmetikbyemad.de\/wp-content\/uploads\/2021\/08\/WhatsApp-Video-2022-01-22-at-00.35.30.mp4<\/a><\/video><\/div><\/div><\/div><\/div><\/div>                        <\/div>\r\n                                    <\/div>\r\n\r\n            <\/div>\r\n\r\n                            <a class=\"uk-slidenav uk-position-center-left-out eso eso uk-hidden-touch\" href=\"#\" uk-slidenav-previous uk-slider-item=\"previous\"><\/a>\r\n                <a class=\"uk-slidenav uk-position-center-right-out eso eso uk-hidden-touch\" href=\"#\" uk-slidenav-next uk-slider-item=\"next\"><\/a>\r\n            \r\n        <\/div>\r\n\r\n                    <ul class=\"uk-slider-nav uk-dotnav uk-flex-center\"><\/ul>\r\n        \r\n    <\/div>\r\n\r\n<\/div><\/div><\/div><\/div><\/div><\/div>","protected":false},"excerpt":{"rendered":"<p>Photon Lizze Extreme Photonic Rotes Und Blaues Licht Brasilianische Haarbehandlung<\/p>","protected":false},"featured_media":1530,"comment_status":"open","ping_status":"closed","template":"","meta":[],"product_brand":[],"product_cat":[77,112],"product_tag":[138,113],"class_list":{"0":"post-1527","1":"product","2":"type-product","3":"status-publish","4":"has-post-thumbnail","6":"product_cat-lizze","7":"product_cat-photon-lizze-extreme","8":"product_tag-lizze-exterme","9":"product_tag-photon-lizze","10":"product_shipping_class-package","12":"first","13":"outofstock","14":"sale","15":"taxable","16":"shipping-taxable","17":"purchasable","18":"product-type-simple"},"jetpack_sharing_enabled":true,"_links":{"self":[{"href":"https:\/\/kosmetikbyemad.de\/en\/wp-json\/wp\/v2\/product\/1527","targetHints":{"allow":["GET"]}}],"collection":[{"href":"https:\/\/kosmetikbyemad.de\/en\/wp-json\/wp\/v2\/product"}],"about":[{"href":"https:\/\/kosmetikbyemad.de\/en\/wp-json\/wp\/v2\/types\/product"}],"replies":[{"embeddable":true,"href":"https:\/\/kosmetikbyemad.de\/en\/wp-json\/wp\/v2\/comments?post=1527"}],"wp:featuredmedia":[{"embeddable":true,"href":"https:\/\/kosmetikbyemad.de\/en\/wp-json\/wp\/v2\/media\/1530"}],"wp:attachment":[{"href":"https:\/\/kosmetikbyemad.de\/en\/wp-json\/wp\/v2\/media?parent=1527"}],"wp:term":[{"taxonomy":"product_brand","embeddable":true,"href":"https:\/\/kosmetikbyemad.de\/en\/wp-json\/wp\/v2\/product_brand?post=1527"},{"taxonomy":"product_cat","embeddable":true,"href":"https:\/\/kosmetikbyemad.de\/en\/wp-json\/wp\/v2\/product_cat?post=1527"},{"taxonomy":"product_tag","embeddable":true,"href":"https:\/\/kosmetikbyemad.de\/en\/wp-json\/wp\/v2\/product_tag?post=1527"}],"curies":[{"name":"wp","href":"https:\/\/api.w.org\/{rel}","templated":true}]}}