{"id":1539,"date":"2021-08-06T19:46:50","date_gmt":"2021-08-06T17:46:50","guid":{"rendered":"https:\/\/kosmetikbyemad.de\/?post_type=product&#038;p=1539"},"modified":"2026-04-06T09:10:58","modified_gmt":"2026-04-06T07:10:58","slug":"top-hair-cosmetics-leblon-haarserum","status":"publish","type":"product","link":"https:\/\/kosmetikbyemad.de\/en\/product\/top-hair-cosmetics-leblon-haarserum\/","title":{"rendered":"Top Hair Cosmetics \u2013 \u201cLeblon\u201d Haarserum"},"content":{"rendered":"<div id=\"pl-1539\"  class=\"panel-layout\" ><div id=\"pg-1539-0\"  class=\"panel-grid panel-no-style\" ><div id=\"pgc-1539-0-0\"  class=\"panel-grid-cell\" ><div id=\"panel-1539-0-0-0\" class=\"so-panel widget widget_sow-editor panel-first-child panel-last-child\" data-index=\"0\" ><div\n\t\t\t\n\t\t\tclass=\"so-widget-sow-editor so-widget-sow-editor-base\"\n\t\t\t\n\t\t>\n<div class=\"siteorigin-widget-tinymce textwidget\">\n\t<p>Top Hair Cosmetics \u2013 \u201cLeblon\u201d Haarserum<\/p>\n<p>Wiederbelebung & Glanz f\u00fcr gesch\u00e4digtes Haar<\/p>\n<p>Verw\u00f6hne dein Haar mit dem Leblon Serum von TopHair Cosmetics \u2013 deiner intensiven Pflegeformel f\u00fcr gesch\u00e4digtes, trockenes oder kraftloses Haar.<br \/>\nDieses luxuri\u00f6se Serum spendet tiefenwirksame Feuchtigkeit, gl\u00e4ttet die Haarstruktur und verleiht deinem Haar sofort sp\u00fcrbare Geschmeidigkeit und gesunden Glanz \u2013 ganz ohne zu beschweren.<\/p>\n<p><strong>\u2728 Deine Vorteile auf einen Blick:<\/strong><br \/>\n\u2714 Regeneriert gesch\u00e4digtes Haar<br \/>\n\u2714 Versorgt mit Feuchtigkeit & n\u00e4hrt intensiv<br \/>\n\u2714 Reduziert Frizz & fliegende Haare<br \/>\n\u2714 Sofortige Glanzwirkung<br \/>\n\u2714 Leichte Textur \u2013 ohne R\u00fcckst\u00e4nde<\/p>\n<p>Anwendung:<br \/>\n1\u20132 Pumpst\u00f6\u00dfe in den Handfl\u00e4chen verteilen und gleichm\u00e4\u00dfig in die L\u00e4ngen und Spitzen des handtuchtrockenen oder trockenen Haares einarbeiten. Nicht aussp\u00fclen.<\/p>\n<p>\ud83d\udce6 Inhalt: 60 ml<br \/>\n\ud83c\udf31 F\u00fcr alle Haartypen geeignet | Ideal bei Spliss & Haarbruch<\/p>\n<p><strong>Vorsichtsma\u00dfnahmen:<\/strong>  Von Kindern fernhalten. Vor Licht, \u00fcberm\u00e4\u00dfiger Hitze und Feuchtigkeit sch\u00fctzen. Kontakt mit Augen, Mund und Schleimh\u00e4uten vermeiden. Bei Allergien die Anwendung abbrechen.<\/p>\n<\/div>\n<\/div><\/div><\/div><\/div><div id=\"pg-1539-1\"  class=\"panel-grid panel-no-style\" ><div id=\"pgc-1539-1-0\"  class=\"panel-grid-cell panel-grid-cell-empty\" ><\/div><\/div><\/div>","protected":false},"excerpt":{"rendered":"<p>Top Hair Cosmetics Leblon aufbauendes Serum Haar 60 ml<\/p>","protected":false},"featured_media":2842,"comment_status":"open","ping_status":"closed","template":"","meta":[],"product_brand":[],"product_cat":[207,50],"product_tag":[121,166],"class_list":{"0":"post-1539","1":"product","2":"type-product","3":"status-publish","4":"has-post-thumbnail","6":"product_cat-leblon-serum","7":"product_cat-top-hair","8":"product_tag-oel","9":"product_tag-serum","10":"product_shipping_class-package","12":"first","13":"instock","14":"sale","15":"taxable","16":"shipping-taxable","17":"purchasable","18":"product-type-simple"},"jetpack_sharing_enabled":true,"_links":{"self":[{"href":"https:\/\/kosmetikbyemad.de\/en\/wp-json\/wp\/v2\/product\/1539","targetHints":{"allow":["GET"]}}],"collection":[{"href":"https:\/\/kosmetikbyemad.de\/en\/wp-json\/wp\/v2\/product"}],"about":[{"href":"https:\/\/kosmetikbyemad.de\/en\/wp-json\/wp\/v2\/types\/product"}],"replies":[{"embeddable":true,"href":"https:\/\/kosmetikbyemad.de\/en\/wp-json\/wp\/v2\/comments?post=1539"}],"wp:featuredmedia":[{"embeddable":true,"href":"https:\/\/kosmetikbyemad.de\/en\/wp-json\/wp\/v2\/media\/2842"}],"wp:attachment":[{"href":"https:\/\/kosmetikbyemad.de\/en\/wp-json\/wp\/v2\/media?parent=1539"}],"wp:term":[{"taxonomy":"product_brand","embeddable":true,"href":"https:\/\/kosmetikbyemad.de\/en\/wp-json\/wp\/v2\/product_brand?post=1539"},{"taxonomy":"product_cat","embeddable":true,"href":"https:\/\/kosmetikbyemad.de\/en\/wp-json\/wp\/v2\/product_cat?post=1539"},{"taxonomy":"product_tag","embeddable":true,"href":"https:\/\/kosmetikbyemad.de\/en\/wp-json\/wp\/v2\/product_tag?post=1539"}],"curies":[{"name":"wp","href":"https:\/\/api.w.org\/{rel}","templated":true}]}}