{"id":1628,"date":"2021-08-13T22:11:50","date_gmt":"2021-08-13T20:11:50","guid":{"rendered":"https:\/\/kosmetikbyemad.de\/?post_type=product&#038;p=1628"},"modified":"2026-03-02T22:18:42","modified_gmt":"2026-03-02T21:18:42","slug":"lizze-haarglaetter-lizze-supreme-titannium-252c-485f","status":"publish","type":"product","link":"https:\/\/kosmetikbyemad.de\/en\/product\/lizze-haarglaetter-lizze-supreme-titannium-252c-485f\/","title":{"rendered":"LIZZE Haargl\u00e4tter Lizze Supreme Titannium  252\u00b0C \/ 485\u00b0F"},"content":{"rendered":"<div id=\"pl-1628\"  class=\"panel-layout\" ><div id=\"pg-1628-0\"  class=\"panel-grid panel-no-style\" ><div id=\"pgc-1628-0-0\"  class=\"panel-grid-cell\" ><div id=\"panel-1628-0-0-0\" class=\"so-panel widget widget_sow-editor panel-first-child panel-last-child\" data-index=\"0\" ><div\n\t\t\t\n\t\t\tclass=\"so-widget-sow-editor so-widget-sow-editor-base\"\n\t\t\t\n\t\t>\n<div class=\"siteorigin-widget-tinymce textwidget\">\n\t<div id=\"ds_div\">\n<p dir=\"ltr\"><em>LIZZE Haargl\u00e4tter Lizze Supreme Titannium 252\u00b0C \/ 485\u00b0F\u00a0<\/em><\/p>\n<p dir=\"ltr\">Er bietet echten Arbeitskomfort dank seiner Vorteile:<\/p>\n<ul>\n<li>Mit einem Gewicht von 475 Gramm ist es leicht zu bedienen.<\/li>\n<li>Die L\u00e4nge der Platten erm\u00f6glicht das Greifen langer Dochte<\/li>\n<li>Die mittlere Breite erm\u00f6glicht es, sowohl kleine als auch lange Haare zu fangen<\/li>\n<li>Leicht federbelastete Platten sorgen f\u00fcr einen stabilen Bit-Griff<\/li>\n<li>Die Nano-Titan-Technologie garantiert eine bessere W\u00e4rmeverteilung, eine konstante Temperatur, also ohne Temperaturverlust beim Richten<\/li>\n<\/ul>\n<p dir=\"ltr\">Die Titan-Technologie des Lizze Supreme Gl\u00e4tteisens erm\u00f6glicht eine schnellere Bearbeitung des Haares, auch bei Verwendung bei reduzierter Temperatur, wie bei der Bearbeitung von feinem, br\u00fcchigem, gestr\u00e4hntem, gef\u00e4rbtem, gebleichtem Haar. Tats\u00e4chlich ist die thermische Leistung der Lizze Supreme Gl\u00e4tteisen nicht der einzige Grund, warum die Anzahl der Durchg\u00e4nge der Platten so stark reduziert werden kann. Auch die exklusive Technik und Materialauswahl dieses Gl\u00e4tteisens tragen zu einer hohen Benutzerfreundlichkeit bei.<\/p>\n<p><strong>Mehr wissen:<\/strong><\/p>\n<p>Es sch\u00fctzt die Haarfaser vor direktem Kontakt mit der Aluminiumplatte, was das Gleiten noch einfacher macht. Dadurch wird der Richtprozess schneller, pr\u00e4ziser und gleichm\u00e4\u00dfiger.<\/p>\n<\/div>\n<p><strong>70 % schneller:<\/strong>\u00a0Mit dem hei\u00dfesten Titan-Board auf dem Markt spart es sogar 70 % der Zeit. Das beste Ergebnis, der beste Glanz und die beste Geschmeidigkeit in einem Produkt<\/p>\n<p>Die Platten passen sich perfekt an die Str\u00e4hnen an, gl\u00e4tten und gleiten leichter, ohne das Haar zu besch\u00e4digen.<\/p>\n<p>Die Temperatur kann bis zu 252 \u00b0C \/ 485 \u00b0F ansteigen, die ideale Temperatur f\u00fcr Friseurprofis.<\/p>\n<p>Sein Design profitiert vom Beitrag der neuesten Generation von Technologien, um dem Profi Komfort und beste Ergebnisse zu bieten, ohne das Haar zu besch\u00e4digen.<\/p>\n<p>Seine W\u00e4rmeleistung wird durch seine maximale Leitf\u00e4higkeit f\u00fcr optimale Effizienz verst\u00e4rkt.<\/p>\n<p>Die MCH-Technologie bietet eine sehr widerstandsf\u00e4hige Keramik ohne Temperaturverlust. So gelingt dem Profi das Gl\u00e4tten.<\/p>\n<p><strong>Seine titanbeschichteten Platten haben mehrere Vorteile:<\/strong><\/p>\n<ul>\n<li>Dies hilft, das Haar zu sch\u00fctzen<\/li>\n<li>Der Gl\u00e4ttungsprozess wird zu:<\/li>\n<li>Schneller<\/li>\n<li>genauer<\/li>\n<li>Uniform<\/li>\n<li>Das bringt zu den Haaren:<\/li>\n<li>mehr Glanz<\/li>\n<li>mehr gl\u00e4tte<\/li>\n<\/ul>\n<div id=\"ds_div\">\n<p dir=\"ltr\"><strong>Merkmale &amp; Details<\/strong><\/p>\n<p dir=\"ltr\">-\u00a0Ultraschnelles\u00a0Aufheizen<br \/>\n- Progressiv mit nur wenigen Durchg\u00e4ngen (kann je nach Haar und verwendeter Chemikalie variieren)<br \/>\n- Gepolsterte TITANPLATTEN - Bietet eine hervorragende W\u00e4rmeleitf\u00e4higkeit, best\u00e4ndig gegen chemische Korrosion, so stark wie Stahl, aber mit nur 60% seine Dichte.<br \/>\n- LED-Anzeige und Temperaturkontrolltasten.<br \/>\n- Temperaturregulierung bis zu 251\u00baC (Grad Celsius) \/ 485\u00baF (Grad Fahrenheit), 21 Grad w\u00e4rmer.<br \/>\n- Infrarotw\u00e4rme, dringt in das Innere ein, ohne das Haar zu besch\u00e4digen<br \/>\n- \u00c4u\u00dfere Beschichtung verhindert \u00fcberm\u00e4\u00dfiger Hitze<br \/>\n- Gl\u00e4ttet gr\u00f6\u00dfere Str\u00e4hnen<br \/>\n- MCH-System: Keramikwiderstand, der beim Durchlaufen des Haares keine W\u00e4rme verliert.<\/p>\n<p dir=\"ltr\"><strong>Eigenschaften:<\/strong><\/p>\n<ul>\n<li>Titanplatten<\/li>\n<li>Temperatur einstellbar zwischen 190 \u00b0 C \/ 375 \u00b0 F und 252 \u00b0 C \/ 491 \u00b0 F<\/li>\n<li>Widerstand vom Typ MCH.<\/li>\n<li>Temperatureinstellung \u00fcber das Drehrad<\/li>\n<li>360\u00ba-Gummi-Drehkabel, 2,7 m lang.<\/li>\n<li>Spannung: 220-240 V<\/li>\n<li>Frequenz: 50\/60 Hz<\/li>\n<li>Leistung: 200 W<\/li>\n<li>Automatische Trennung nach 60 Minuten<\/li>\n<li>F\u00fcr alle Haartypen<\/li>\n<li>LCD-Display mit Temperaturanzeige<\/li>\n<li>LED-Anzeige mit Temperaturanzeige<\/li>\n<li>Plattenma\u00dfe: 4 x 11 cm<\/li>\n<\/ul>\n<p dir=\"ltr\"><strong>ENTHALTENE ARTIKEL:<\/strong><\/p>\n<\/div>\n<p dir=\"ltr\">- 01 Lizze\u00ae SUPREME Professional Board \/Glatteisen<br \/>\n- 01 Reinigungswachs<br \/>\n- 01 Handbuch<br \/>\n- 01 Garantiezertifikat<\/p>\n<p dir=\"ltr\"><strong>Umrechnungstabelle f\u00fcr Fahrenheit \/ Celsius<\/strong><\/p>\n<p dir=\"ltr\">\u00a0 \u00a0<strong>Fahrenheit<\/strong>\u00a0 \u00a0 \u00a0 <strong>Celsius<\/strong><\/p>\n<p dir=\"ltr\">\u00a0 \u00a0485 \u00b0F (super)\u00a0 \u00a0 \u00a0 252 \u00b0C<\/p>\n<p dir=\"ltr\">\u00a0 \u00a0480 \u00b0F\u00a0 \u00a0 \u00a0 \u00a0 \u00a0 \u00a0 \u00a0 \u00a0 \u00a0 \u00a0 250 \u00b0C<\/p>\n<p dir=\"ltr\">\u00a0 \u00a0450 \u00b0F\u00a0 \u00a0 \u00a0 \u00a0 \u00a0 \u00a0 \u00a0 \u00a0 \u00a0 \u00a0 230 \u00b0C<\/p>\n<p dir=\"ltr\">\u00a0 \u00a0410 \u00b0F\u00a0 \u00a0 \u00a0 \u00a0 \u00a0 \u00a0 \u00a0 \u00a0 \u00a0 \u00a0 210 \u00b0C<\/p>\n<p dir=\"ltr\">\u00a0 \u00a0375 \u00b0F\u00a0 \u00a0 \u00a0 \u00a0 \u00a0 \u00a0 \u00a0 \u00a0 \u00a0 \u00a0 190 \u00b0C<\/p>\n<p dir=\"ltr\"><strong>* WARNUNG: Verwenden Sie das Produkt nicht f\u00fcr Kunsthaare oder nasse Haare geeignet<\/strong><\/p>\n<\/div>\n<\/div><\/div><\/div><\/div><div id=\"pg-1628-1\"  class=\"panel-grid panel-no-style\" ><div id=\"pgc-1628-1-0\"  class=\"panel-grid-cell\" ><div id=\"panel-1628-1-0-0\" class=\"so-panel widget widget_echelonso-eso-slider panel-first-child panel-last-child\" data-index=\"1\" ><div class=\"slider-product-video panel-widget-style panel-widget-style-for-1628-1-0-0\" ><div\n\t\t\t\n\t\t\tclass=\"so-widget-echelonso-eso-slider so-widget-echelonso-eso-slider-default-4333943d95ad-1628\"\n\t\t\t\n\t\t>\r\n    <div uk-slider=\"center: true; autoplay: true; autoplay-interval: 6000; clsActivated: eso\" tabindex=\"-1\">\r\n\r\n        <div class=\"uk-position-relative\">\r\n\r\n            <div  class=\"uk-slider-container\">\r\n\r\n                <div class=\"uk-slider-items uk-grid eso-slider-items-class uk-child-width-1-1 uk-child-width-1-1 uk-child-width-1-1 uk-child-width-1-1\">\r\n                                            <div>\r\n                            <div id=\"pl-wd3a31e20\"  class=\"panel-layout\" ><div id=\"pg-wd3a31e20-0\"  class=\"panel-grid panel-no-style\" ><div id=\"pgc-wd3a31e20-0-0\"  class=\"panel-grid-cell\" ><div id=\"panel-wd3a31e20-0-0-0\" class=\"so-panel widget widget_media_video panel-first-child panel-last-child\" data-index=\"0\" ><div style=\"width:100%;\" class=\"wp-video\"><video class=\"wp-video-shortcode\" id=\"video-1628-1\" preload=\"metadata\" controls=\"controls\"><source type=\"video\/mp4\" src=\"https:\/\/kosmetikbyemad.de\/wp-content\/uploads\/2021\/08\/WhatsApp-Video-2021-08-30-at-15.13.16.mp4?_=1\" \/><source type=\"video\/mp4\" src=\"https:\/\/kosmetikbyemad.de\/wp-content\/uploads\/2021\/08\/WhatsApp-Video-2021-08-30-at-15.13.16.mp4?_=1\" \/><a href=\"https:\/\/kosmetikbyemad.de\/wp-content\/uploads\/2021\/08\/WhatsApp-Video-2021-08-30-at-15.13.16.mp4\">https:\/\/kosmetikbyemad.de\/wp-content\/uploads\/2021\/08\/WhatsApp-Video-2021-08-30-at-15.13.16.mp4<\/a><\/video><\/div><\/div><\/div><\/div><\/div>                        <\/div>\r\n                                            <div>\r\n                            <div id=\"pl-wacae873d\"  class=\"panel-layout\" ><div id=\"pg-wacae873d-0\"  class=\"panel-grid panel-no-style\" ><div id=\"pgc-wacae873d-0-0\"  class=\"panel-grid-cell\" ><div id=\"panel-wacae873d-0-0-0\" class=\"so-panel widget widget_media_video panel-first-child panel-last-child\" data-index=\"0\" ><div class=\"panel-widget-style panel-widget-style-for-wacae873d-0-0-0\" ><div style=\"width:100%;\" class=\"wp-video\"><video class=\"wp-video-shortcode\" id=\"video-1628-2\" preload=\"metadata\" controls=\"controls\"><source type=\"video\/mp4\" src=\"https:\/\/kosmetikbyemad.de\/wp-content\/uploads\/2021\/08\/WhatsApp-Video-2022-07-15-at-07.54.17.mp4?_=2\" \/><source type=\"video\/mp4\" src=\"https:\/\/kosmetikbyemad.de\/wp-content\/uploads\/2021\/08\/WhatsApp-Video-2022-07-15-at-07.54.17.mp4?_=2\" \/><a href=\"https:\/\/kosmetikbyemad.de\/wp-content\/uploads\/2021\/08\/WhatsApp-Video-2022-07-15-at-07.54.17.mp4\">https:\/\/kosmetikbyemad.de\/wp-content\/uploads\/2021\/08\/WhatsApp-Video-2022-07-15-at-07.54.17.mp4<\/a><\/video><\/div><\/div><\/div><\/div><\/div><\/div>                        <\/div>\r\n                                            <div>\r\n                            <div id=\"pl-wb61c64eb\"  class=\"panel-layout\" ><div id=\"pg-wb61c64eb-0\"  class=\"panel-grid panel-no-style\" ><div id=\"pgc-wb61c64eb-0-0\"  class=\"panel-grid-cell\" ><div id=\"panel-wb61c64eb-0-0-0\" class=\"so-panel widget widget_media_video panel-first-child panel-last-child\" data-index=\"0\" ><div class=\"panel-widget-style panel-widget-style-for-wb61c64eb-0-0-0\" ><div style=\"width:100%;\" class=\"wp-video\"><video class=\"wp-video-shortcode\" id=\"video-1628-3\" preload=\"metadata\" controls=\"controls\"><source type=\"video\/mp4\" src=\"https:\/\/kosmetikbyemad.de\/wp-content\/uploads\/2021\/08\/WhatsApp-Video-2022-07-15-at-08.17.01.mp4?_=3\" \/><source type=\"video\/mp4\" src=\"https:\/\/kosmetikbyemad.de\/wp-content\/uploads\/2021\/08\/WhatsApp-Video-2022-07-15-at-08.17.01.mp4?_=3\" \/><a href=\"https:\/\/kosmetikbyemad.de\/wp-content\/uploads\/2021\/08\/WhatsApp-Video-2022-07-15-at-08.17.01.mp4\">https:\/\/kosmetikbyemad.de\/wp-content\/uploads\/2021\/08\/WhatsApp-Video-2022-07-15-at-08.17.01.mp4<\/a><\/video><\/div><\/div><\/div><\/div><\/div><\/div>                        <\/div>\r\n                                            <div>\r\n                            <div id=\"pl-w6b57c22d\"  class=\"panel-layout\" ><div id=\"pg-w6b57c22d-0\"  class=\"panel-grid panel-no-style\" ><div id=\"pgc-w6b57c22d-0-0\"  class=\"panel-grid-cell\" ><div id=\"panel-w6b57c22d-0-0-0\" class=\"so-panel widget widget_media_video panel-first-child panel-last-child\" data-index=\"0\" ><div class=\"panel-widget-style panel-widget-style-for-w6b57c22d-0-0-0\" ><div style=\"width:100%;\" class=\"wp-video\"><video class=\"wp-video-shortcode\" id=\"video-1628-4\" preload=\"metadata\" controls=\"controls\"><source type=\"video\/mp4\" src=\"https:\/\/kosmetikbyemad.de\/wp-content\/uploads\/2021\/08\/WhatsApp-Video-2022-07-15-at-09.07.31.mp4?_=4\" \/><source type=\"video\/mp4\" src=\"https:\/\/kosmetikbyemad.de\/wp-content\/uploads\/2021\/08\/WhatsApp-Video-2022-07-15-at-09.07.31.mp4?_=4\" \/><a href=\"https:\/\/kosmetikbyemad.de\/wp-content\/uploads\/2021\/08\/WhatsApp-Video-2022-07-15-at-09.07.31.mp4\">https:\/\/kosmetikbyemad.de\/wp-content\/uploads\/2021\/08\/WhatsApp-Video-2022-07-15-at-09.07.31.mp4<\/a><\/video><\/div><\/div><\/div><\/div><\/div><\/div>                        <\/div>\r\n                                    <\/div>\r\n\r\n            <\/div>\r\n\r\n                            <a class=\"uk-slidenav uk-position-center-left-out eso eso uk-hidden-touch\" href=\"#\" uk-slidenav-previous uk-slider-item=\"previous\"><\/a>\r\n                <a class=\"uk-slidenav uk-position-center-right-out eso eso uk-hidden-touch\" href=\"#\" uk-slidenav-next uk-slider-item=\"next\"><\/a>\r\n            \r\n        <\/div>\r\n\r\n                    <ul class=\"uk-slider-nav uk-dotnav uk-flex-center\"><\/ul>\r\n        \r\n    <\/div>\r\n\r\n<\/div><\/div><\/div><\/div><\/div><\/div>","protected":false},"excerpt":{"rendered":"<p>LIZZE SUPREME TITANIUM 250\u00b0C \/ 485\u00b0F<\/p>","protected":false},"featured_media":1659,"comment_status":"open","ping_status":"closed","template":"","meta":[],"product_brand":[],"product_cat":[77,127],"product_tag":[129,130,128],"class_list":{"0":"post-1628","1":"product","2":"type-product","3":"status-publish","4":"has-post-thumbnail","6":"product_cat-lizze","7":"product_cat-lizze-supreme","8":"product_tag-glaetteisen","9":"product_tag-haarglaetter","10":"product_tag-lizze-supreme","11":"product_shipping_class-package","13":"first","14":"instock","15":"taxable","16":"shipping-taxable","17":"purchasable","18":"product-type-simple"},"jetpack_sharing_enabled":true,"_links":{"self":[{"href":"https:\/\/kosmetikbyemad.de\/en\/wp-json\/wp\/v2\/product\/1628","targetHints":{"allow":["GET"]}}],"collection":[{"href":"https:\/\/kosmetikbyemad.de\/en\/wp-json\/wp\/v2\/product"}],"about":[{"href":"https:\/\/kosmetikbyemad.de\/en\/wp-json\/wp\/v2\/types\/product"}],"replies":[{"embeddable":true,"href":"https:\/\/kosmetikbyemad.de\/en\/wp-json\/wp\/v2\/comments?post=1628"}],"wp:featuredmedia":[{"embeddable":true,"href":"https:\/\/kosmetikbyemad.de\/en\/wp-json\/wp\/v2\/media\/1659"}],"wp:attachment":[{"href":"https:\/\/kosmetikbyemad.de\/en\/wp-json\/wp\/v2\/media?parent=1628"}],"wp:term":[{"taxonomy":"product_brand","embeddable":true,"href":"https:\/\/kosmetikbyemad.de\/en\/wp-json\/wp\/v2\/product_brand?post=1628"},{"taxonomy":"product_cat","embeddable":true,"href":"https:\/\/kosmetikbyemad.de\/en\/wp-json\/wp\/v2\/product_cat?post=1628"},{"taxonomy":"product_tag","embeddable":true,"href":"https:\/\/kosmetikbyemad.de\/en\/wp-json\/wp\/v2\/product_tag?post=1628"}],"curies":[{"name":"wp","href":"https:\/\/api.w.org\/{rel}","templated":true}]}}