{"id":1821,"date":"2021-11-26T21:02:29","date_gmt":"2021-11-26T20:02:29","guid":{"rendered":"https:\/\/kosmetikbyemad.de\/?post_type=product&#038;p=1821"},"modified":"2025-12-12T07:51:45","modified_gmt":"2025-12-12T06:51:45","slug":"photon-lizze-supreme","status":"publish","type":"product","link":"https:\/\/kosmetikbyemad.de\/en\/product\/photon-lizze-supreme\/","title":{"rendered":"Photon Lizze Supreme (Rote \/ Blaue \/ Gr\u00fcne LED-Leuchten)"},"content":{"rendered":"<div id=\"pl-1821\"  class=\"panel-layout\" ><div id=\"pg-1821-0\"  class=\"panel-grid panel-no-style\" ><div id=\"pgc-1821-0-0\"  class=\"panel-grid-cell\" ><div id=\"panel-1821-0-0-0\" class=\"so-panel widget widget_sow-editor panel-first-child panel-last-child\" data-index=\"0\" ><div\n\t\t\t\n\t\t\tclass=\"so-widget-sow-editor so-widget-sow-editor-base\"\n\t\t\t\n\t\t>\n<div class=\"siteorigin-widget-tinymce textwidget\">\n\t<h4>Photon Lizze Supreme ist mit der neuesten Technologie ausgestattet und kann spektakul\u00e4re Ergebnisse auf Haarstr\u00e4hnen erzielen.<\/h4>\n<p>Wird verwendet, um das Haar sicherer und wirksamer zu behandeln, indem es kalte Lichtstrahlen abgibt und Techniken wie Gl\u00e4tten, Feuchtigkeitsversorgung und Entspannung ges\u00fcnder macht. Zus\u00e4tzlich zur R\u00fcckf\u00fchrung von Keratin in das Haar.<br \/>\nEs handelt sich um ein photonisches Beschleunigersystem f\u00fcr progressives B\u00fcrsten, dauerhaftes B\u00fcrsten, F\u00e4rben.<br \/>\nBalayage, Entspannung, Hydratation Wiederaufbau und Gl\u00e4ttung.<\/p>\n<p><strong>BLAUES LICHT: <\/strong>KOMMT DIREKT MIT DER SCHUPPENSCHICHT DES HAARES IN BER\u00dcHRUNG, D.H. DADURCH K\u00d6NNEN L\u00c4NGER ANHALTENDE ERGEBNISSE ERZIELT WERDEN, DA DAS PROTEIN TIEFER IN DAS HAAR EINDRINGEN KANN.<br \/>\nZUS\u00c4TZLICHER GLANZ IN DEN HAAREN UND LANGE HALTBARKEIT<\/p>\n<p><strong>ROTES LICHT:<\/strong> F\u00d6RDERT DIE DURCHBLUTUNG DER KOPFHAUT, ST\u00c4RKT DIE KAPILLARE FASERN UND F\u00d6RDERT DAS WACHSTUM.<br \/>\nES HILFT TROCKENER KOPFHAUT ENTGEGEN ZU WIRKEN.<\/p>\n<p><strong>GR\u00dcNES LICHT<\/strong>:W\u00c4HREND DAS GR\u00dcNES LICHT DIE HAARFASER ERNEUERT WERDEN UND DAS HAAR DURCH MIKROZIRKULATION UND KOLLAGENAKTIVIERUNG N\u00c4HRT.<br \/>\nERNEUERT DIE HAARFASER UND N\u00c4HRT DIE STR\u00c4HNEN.<\/p>\n<p><strong>Technische Eigenschaften:<\/strong><\/p>\n<ul>\n<li aria-level=\"2\">Spannung: Biovoltaik 220 Volt<\/li>\n<li aria-level=\"2\">Frequenz 50-60 Hz<\/li>\n<li aria-level=\"2\">Leistung: 5 Watt<\/li>\n<li aria-level=\"2\">Farbe: gold<\/li>\n<\/ul>\n<p><strong>Mit ausdrucksstarken Ergebnissen in diesen Modalit\u00e4ten der Haarpflege\/-umwandlung wird Photon Lizze heute von Fachleuten in diesem Bereich und von Verbrauchern als echtes Hair Spa angesehen.<\/strong><\/p>\n<\/div>\n<\/div><\/div><\/div><\/div><div id=\"pg-1821-1\"  class=\"panel-grid panel-no-style\" ><div id=\"pgc-1821-1-0\"  class=\"panel-grid-cell\" ><div id=\"panel-1821-1-0-0\" class=\"so-panel widget widget_echelonso-eso-slider panel-first-child panel-last-child\" data-index=\"1\" ><div\n\t\t\t\n\t\t\tclass=\"so-widget-echelonso-eso-slider so-widget-echelonso-eso-slider-default-4333943d95ad-1821\"\n\t\t\t\n\t\t>\r\n    <div uk-slider=\"center: true; autoplay: true; autoplay-interval: 6000; clsActivated: eso\" tabindex=\"-1\">\r\n\r\n        <div class=\"uk-position-relative\">\r\n\r\n            <div  class=\"uk-slider-container\">\r\n\r\n                <div class=\"uk-slider-items uk-grid eso-slider-items-class uk-child-width-1-1 uk-child-width-1-1 uk-child-width-1-1 uk-child-width-1-1\">\r\n                                            <div>\r\n                            <div id=\"pl-w45c73800\"  class=\"panel-layout\" ><div id=\"pg-w45c73800-0\"  class=\"panel-grid panel-no-style\" ><div id=\"pgc-w45c73800-0-0\"  class=\"panel-grid-cell\" ><div id=\"panel-w45c73800-0-0-0\" class=\"so-panel widget widget_media_video panel-first-child panel-last-child\" data-index=\"0\" ><div class=\"panel-widget-style panel-widget-style-for-w45c73800-0-0-0\" ><div style=\"width:100%;\" class=\"wp-video\"><video class=\"wp-video-shortcode\" id=\"video-1821-1\" preload=\"metadata\" controls=\"controls\"><source type=\"video\/mp4\" src=\"https:\/\/kosmetikbyemad.de\/wp-content\/uploads\/2021\/11\/photon-supreme.mp4?_=1\" \/><source type=\"video\/mp4\" src=\"https:\/\/kosmetikbyemad.de\/wp-content\/uploads\/2021\/11\/photon-supreme.mp4?_=1\" \/><a href=\"https:\/\/kosmetikbyemad.de\/wp-content\/uploads\/2021\/11\/photon-supreme.mp4\">https:\/\/kosmetikbyemad.de\/wp-content\/uploads\/2021\/11\/photon-supreme.mp4<\/a><\/video><\/div><\/div><\/div><\/div><\/div><\/div>                        <\/div>\r\n                                            <div>\r\n                            <div id=\"pl-we66e4897\"  class=\"panel-layout\" ><div id=\"pg-we66e4897-0\"  class=\"panel-grid panel-no-style\" ><div id=\"pgc-we66e4897-0-0\"  class=\"panel-grid-cell\" ><div id=\"panel-we66e4897-0-0-0\" class=\"so-panel widget widget_media_video panel-first-child panel-last-child\" data-index=\"0\" ><div class=\"panel-widget-style panel-widget-style-for-we66e4897-0-0-0\" ><div style=\"width:100%;\" class=\"wp-video\"><video class=\"wp-video-shortcode\" id=\"video-1821-2\" preload=\"metadata\" controls=\"controls\"><source type=\"video\/mp4\" src=\"https:\/\/kosmetikbyemad.de\/wp-content\/uploads\/2021\/11\/photon-supreme-2.mp4?_=2\" \/><source type=\"video\/mp4\" src=\"https:\/\/kosmetikbyemad.de\/wp-content\/uploads\/2021\/11\/photon-supreme-2.mp4?_=2\" \/><a href=\"https:\/\/kosmetikbyemad.de\/wp-content\/uploads\/2021\/11\/photon-supreme-2.mp4\">https:\/\/kosmetikbyemad.de\/wp-content\/uploads\/2021\/11\/photon-supreme-2.mp4<\/a><\/video><\/div><\/div><\/div><\/div><\/div><\/div>                        <\/div>\r\n                                            <div>\r\n                            <div id=\"pl-w07e27196\"  class=\"panel-layout\" ><div id=\"pg-w07e27196-0\"  class=\"panel-grid panel-no-style\" ><div id=\"pgc-w07e27196-0-0\"  class=\"panel-grid-cell\" ><div id=\"panel-w07e27196-0-0-0\" class=\"so-panel widget widget_media_video panel-first-child panel-last-child\" data-index=\"0\" ><div class=\"panel-widget-style panel-widget-style-for-w07e27196-0-0-0\" ><div style=\"width:100%;\" class=\"wp-video\"><video class=\"wp-video-shortcode\" id=\"video-1821-3\" preload=\"metadata\" controls=\"controls\"><source type=\"video\/mp4\" src=\"https:\/\/kosmetikbyemad.de\/wp-content\/uploads\/2021\/11\/photon-supreme-1-1.mp4?_=3\" \/><source type=\"video\/mp4\" src=\"https:\/\/kosmetikbyemad.de\/wp-content\/uploads\/2021\/11\/photon-supreme-1-1.mp4?_=3\" \/><a href=\"https:\/\/kosmetikbyemad.de\/wp-content\/uploads\/2021\/11\/photon-supreme-1-1.mp4\">https:\/\/kosmetikbyemad.de\/wp-content\/uploads\/2021\/11\/photon-supreme-1-1.mp4<\/a><\/video><\/div><\/div><\/div><\/div><\/div><\/div>                        <\/div>\r\n                                            <div>\r\n                            <div id=\"pl-w2270afee\"  class=\"panel-layout\" ><div id=\"pg-w2270afee-0\"  class=\"panel-grid panel-no-style\" ><div id=\"pgc-w2270afee-0-0\"  class=\"panel-grid-cell\" ><div id=\"panel-w2270afee-0-0-0\" class=\"so-panel widget widget_media_video panel-first-child panel-last-child\" data-index=\"0\" ><div class=\"panel-widget-style panel-widget-style-for-w2270afee-0-0-0\" ><div style=\"width:100%;\" class=\"wp-video\"><video class=\"wp-video-shortcode\" id=\"video-1821-4\" preload=\"metadata\" controls=\"controls\"><source type=\"video\/mp4\" src=\"https:\/\/kosmetikbyemad.de\/wp-content\/uploads\/2021\/11\/photon-supreme-1.mp4?_=4\" \/><source type=\"video\/mp4\" src=\"https:\/\/kosmetikbyemad.de\/wp-content\/uploads\/2021\/11\/photon-supreme-1.mp4?_=4\" \/><a href=\"https:\/\/kosmetikbyemad.de\/wp-content\/uploads\/2021\/11\/photon-supreme-1.mp4\">https:\/\/kosmetikbyemad.de\/wp-content\/uploads\/2021\/11\/photon-supreme-1.mp4<\/a><\/video><\/div><\/div><\/div><\/div><\/div><\/div>                        <\/div>\r\n                                    <\/div>\r\n\r\n            <\/div>\r\n\r\n                            <a class=\"uk-slidenav uk-position-center-left-out eso eso uk-hidden-touch\" href=\"#\" uk-slidenav-previous uk-slider-item=\"previous\"><\/a>\r\n                <a class=\"uk-slidenav uk-position-center-right-out eso eso uk-hidden-touch\" href=\"#\" uk-slidenav-next uk-slider-item=\"next\"><\/a>\r\n            \r\n        <\/div>\r\n\r\n                    <ul class=\"uk-slider-nav uk-dotnav uk-flex-center\"><\/ul>\r\n        \r\n    <\/div>\r\n\r\n<\/div><\/div><\/div><\/div><\/div>","protected":false},"excerpt":{"rendered":"<p>Photon Lizze Supreme (Red \/Blue \/ Green LED lights )<\/p>","protected":false},"featured_media":1824,"comment_status":"open","ping_status":"closed","template":"","meta":[],"product_brand":[],"product_cat":[77,149],"product_tag":[144,130,102,150,113],"class_list":{"0":"post-1821","1":"product","2":"type-product","3":"status-publish","4":"has-post-thumbnail","6":"product_cat-lizze","7":"product_cat-photon-lizze-supreme","8":"product_tag-dauerhafthaarglaettung","9":"product_tag-haarglaetter","10":"product_tag-haarglaettung","11":"product_tag-nano-protein","12":"product_tag-photon-lizze","13":"product_shipping_class-package","15":"first","16":"instock","17":"sale","18":"taxable","19":"shipping-taxable","20":"purchasable","21":"product-type-simple"},"jetpack_sharing_enabled":true,"_links":{"self":[{"href":"https:\/\/kosmetikbyemad.de\/en\/wp-json\/wp\/v2\/product\/1821","targetHints":{"allow":["GET"]}}],"collection":[{"href":"https:\/\/kosmetikbyemad.de\/en\/wp-json\/wp\/v2\/product"}],"about":[{"href":"https:\/\/kosmetikbyemad.de\/en\/wp-json\/wp\/v2\/types\/product"}],"replies":[{"embeddable":true,"href":"https:\/\/kosmetikbyemad.de\/en\/wp-json\/wp\/v2\/comments?post=1821"}],"wp:featuredmedia":[{"embeddable":true,"href":"https:\/\/kosmetikbyemad.de\/en\/wp-json\/wp\/v2\/media\/1824"}],"wp:attachment":[{"href":"https:\/\/kosmetikbyemad.de\/en\/wp-json\/wp\/v2\/media?parent=1821"}],"wp:term":[{"taxonomy":"product_brand","embeddable":true,"href":"https:\/\/kosmetikbyemad.de\/en\/wp-json\/wp\/v2\/product_brand?post=1821"},{"taxonomy":"product_cat","embeddable":true,"href":"https:\/\/kosmetikbyemad.de\/en\/wp-json\/wp\/v2\/product_cat?post=1821"},{"taxonomy":"product_tag","embeddable":true,"href":"https:\/\/kosmetikbyemad.de\/en\/wp-json\/wp\/v2\/product_tag?post=1821"}],"curies":[{"name":"wp","href":"https:\/\/api.w.org\/{rel}","templated":true}]}}