{"id":1835,"date":"2021-12-31T14:32:00","date_gmt":"2021-12-31T13:32:00","guid":{"rendered":"https:\/\/kosmetikbyemad.de\/?post_type=product&#038;p=1835"},"modified":"2025-12-24T01:24:05","modified_gmt":"2025-12-24T00:24:05","slug":"photon-lizze-photonic-accelerator-progressive-brasilianische-haarbehandlung","status":"publish","type":"product","link":"https:\/\/kosmetikbyemad.de\/en\/product\/photon-lizze-photonic-accelerator-progressive-brasilianische-haarbehandlung\/","title":{"rendered":"PHOTON LIZZE PHOTONIC ACCELERATOR PROGRESSIVE BRASILIANISCHE HAARBEHANDLUNG"},"content":{"rendered":"<div id=\"pl-1835\"  class=\"panel-layout\" ><div id=\"pg-1835-0\"  class=\"panel-grid panel-no-style\" ><div id=\"pgc-1835-0-0\"  class=\"panel-grid-cell\" ><div id=\"panel-1835-0-0-0\" class=\"so-panel widget widget_sow-editor panel-first-child panel-last-child\" data-index=\"0\" ><div\n\t\t\t\n\t\t\tclass=\"so-widget-sow-editor so-widget-sow-editor-base\"\n\t\t\t\n\t\t>\n<div class=\"siteorigin-widget-tinymce textwidget\">\n\t<p>Die Photon Lizze ist mit H\u00f6her Technologie\u00a0 ausgestattet, die spektakul\u00e4re Ergebnisse bei Haarstr\u00e4hnen erzielen kann. Dies liegt daran, dass seine 450 Nanometer blauen Lichtwellen in direkten Kontakt mit der Schuppenschicht des Haares kommen und so dauerhafte und \u00fcberraschende Ergebnisse erzielen. Bei Kontakt mit dem Haar l\u00f6st der Laser die chemischen Reaktionen zwischen den im Haar und Verbindungen des Produkts aus, verst\u00e4rkt seine Wirkung und verl\u00e4ngert seine Haltbarkeit durch Penetration und Fixierung des Produkts in den Haarfasern<\/p>\n<p><img decoding=\"async\" class=\"emoji\" role=\"img\" draggable=\"false\" src=\"https:\/\/s.w.org\/images\/core\/emoji\/13.1.0\/svg\/1f535.svg\" alt=\"\ud83d\udd35\" \/>Blaulicht<br \/>\nseine blauen mit 450-Nanometer-Lichtwellen kommen direkt mit der Haarkutikula in Ber\u00fchrung , wodurch dauerhafte und \u00fcberraschende Ergebnisse erzielt werden k\u00f6nnen . Bei Kontakt mit dem Haar l\u00f6st der Laser chemische Reaktionen zwischen den im Haar verteilten Produktbestandteilen aus, die die Wirkung verst\u00e4rken und die Haltbarkeit durch Eindringen und Fixierung des Produkts in den Kapillarfasern verl\u00e4ngern.<br \/>\nSorgt f\u00fcr :<br \/>\n\ud83d\udd35Gl\u00e4ttung<br \/>\n\ud83d\udd35Hydration<br \/>\n\ud83d\udd35Ern\u00e4hrung<\/p>\n<h4><strong>Gebrauchsanweisung:<\/strong><\/h4>\n<p>1- Stecken Sie den Stecker in eine 127- oder 220-Volt-Steckdose<\/p>\n<p>2- Dr\u00fccken Sie den Schalter, um das gew\u00fcnschte Lichtquelle auszuw\u00e4hlen (l-rot, ll-gr\u00fcn, lll-blau); Richten Sie das Licht auf den gew\u00fcnschte Stelle<\/p>\n<p>3- Bewegen Sie das Ger\u00e4telicht, um gleichm\u00e4\u00dfigere Ergebnisse zu erzielen<\/p>\n<h4><strong>Nutzungsprozess:<\/strong><\/h4>\n<p><strong>blaues Licht:\u00a0<\/strong><\/p>\n<p>Nachdem Sie das Produkt auf das Haar aufgetragen haben, verwenden Sie blaues Licht, um den chemischen Prozess in 50% der Wirkzeit des Produkts zu beschleunigen und zu verbessern. Es muss mindestens 10 Minuten pro Vorgang verwendet werden.<\/p>\n<p>&nbsp;<\/p>\n<p dir=\"ltr\"><b>Photon-Laser (Photon Lizze) f\u00fcr die Keratin-Behandlung (permanentes Haar):<\/b><\/p>\n<p dir=\"ltr\">1.Waschen Sie die Haare mit einem teifenreinigen Shampoo<\/p>\n<p dir=\"ltr\">2.Trocknen und \u00fcbersch\u00fcssiges Wasser mit einem Handtuch entfernen.<\/p>\n<p dir=\"ltr\">3.Verwenden Sie Ihr Lieblings-Keratin oder Proteingl\u00e4ttung stellen Sie sicher, dass Sie das Produkt Str\u00e4hne f\u00fcr Str\u00e4hne auftragen.<\/p>\n<p dir=\"ltr\">4.\u00dcbersch\u00fcssiges Produkt aus dem Haar entfernen<\/p>\n<p dir=\"ltr\">5.Verwenden Sie Photon Laser (Photon Lizze) f\u00fcr 10 Minuten im gesamten Haar.<\/p>\n<p dir=\"ltr\">6.F\u00f6hnen<\/p>\n<p dir=\"ltr\">7.Haare k\u00e4mmen<\/p>\n<p dir=\"ltr\">8.Frisieren<\/p>\n<p dir=\"ltr\">9. Wenn die Kundin ihre Haare am selben Tag waschen m\u00f6chte, waschen Sie sie NUR mit salzfreiem Shampoo und Sp\u00fclung<\/p>\n<p dir=\"ltr\">10. Nach der Haarw\u00e4sche Verwenden Sie Photon Laser f\u00fcr 5 Minuten im gesamten Haar f\u00fcr ein perfektes Finish.<\/p>\n<p><strong>Technische Eigenschaften:<\/strong><\/p>\n<ul>\n<li aria-level=\"2\">Ger\u00e4t f\u00fcr den professionellen Einsatz<\/li>\n<li aria-level=\"2\">K\u00fchles blaues Licht, LED<\/li>\n<li aria-level=\"2\">Wellenl\u00e4nge: Blau 450 nm \u00b1 5 nm<\/li>\n<li aria-level=\"2\">Photon-Ger\u00e4t zum professionellen Gl\u00e4tten und Gl\u00e4tten von Haaren<\/li>\n<li aria-level=\"2\">\u00a0Komfortables und benutzerfreundliches Design<\/li>\n<li aria-level=\"2\">Dieses Ger\u00e4t wurde ausschlie\u00dflich entwickelt, um die chemischen Prozesse der Haare zu beschleunigen<\/li>\n<li aria-level=\"2\">Wenn das Netzkabel besch\u00e4digt ist, muss es sofort vom Hersteller ersetzt werden, um Risiken zu vermeiden<\/li>\n<li aria-level=\"2\">Die technischen Eigenschaften dieses Ger\u00e4ts k\u00f6nnen ohne vorherige Ank\u00fcndigung ge\u00e4ndert werden.<\/li>\n<li aria-level=\"2\">Spannung: Biovoltaik 220 Volt<\/li>\n<li aria-level=\"2\">Frequenz 50-60 Hz<\/li>\n<li aria-level=\"2\">Leistung: 5 Watt<\/li>\n<li aria-level=\"2\">Farbe: Schwarz<\/li>\n<li aria-level=\"2\">Produktabmessungen: 230 x 230 x 60 mm<\/li>\n<li aria-level=\"2\">Kabell\u00e4nge: 2,8 m<\/li>\n<li aria-level=\"2\">Nettogewicht: 300 Gramm<\/li>\n<li aria-level=\"2\">Steckertyp: Europ\u00e4ischer Typ C .\u00a0Duplex<\/li>\n<li aria-level=\"2\">Lieferumfang: Photon, Brille und Bedienungsanleitung<\/li>\n<\/ul>\n<h4><strong>Reinigungsprozess:<\/strong><\/h4>\n<p>Ziehen Sie vor der Reinigung der Photon Lizze Supreme den Stecker aus der Steckdose;<\/p>\n<p>F\u00fcr die Au\u00dfenreinigung empfehlen wir ein leicht mit milder Seifenlauge angefeuchtetes Tuch.<\/p>\n<p><strong>Mit ausdrucksstarken Ergebnissen in diesen Modalit\u00e4ten der Haarpflege\/-umwandlung wird Photon Lizze heute von Fachleuten in diesem Bereich und von Verbrauchern als echtes Hair Spa angesehen.<\/strong><\/p>\n<\/div>\n<\/div><\/div><\/div><\/div><div id=\"pg-1835-1\"  class=\"panel-grid panel-no-style\" ><div id=\"pgc-1835-1-0\"  class=\"panel-grid-cell\" ><div id=\"panel-1835-1-0-0\" class=\"so-panel widget widget_echelonso-eso-slider panel-first-child panel-last-child\" data-index=\"1\" ><div\n\t\t\t\n\t\t\tclass=\"so-widget-echelonso-eso-slider so-widget-echelonso-eso-slider-default-4333943d95ad-1835\"\n\t\t\t\n\t\t>\r\n    <div uk-slider=\"center: true; autoplay: true; autoplay-interval: 6000; clsActivated: eso\" tabindex=\"-1\">\r\n\r\n        <div class=\"uk-position-relative\">\r\n\r\n            <div  class=\"uk-slider-container\">\r\n\r\n                <div class=\"uk-slider-items uk-grid eso-slider-items-class uk-child-width-1-1 uk-child-width-1-1 uk-child-width-1-1 uk-child-width-1-1\">\r\n                                            <div>\r\n                            <div id=\"pl-w08fe568b\"  class=\"panel-layout\" ><div id=\"pg-w08fe568b-0\"  class=\"panel-grid panel-no-style\" ><div id=\"pgc-w08fe568b-0-0\"  class=\"panel-grid-cell\" ><div id=\"panel-w08fe568b-0-0-0\" class=\"so-panel widget widget_media_video panel-first-child panel-last-child\" data-index=\"0\" ><div style=\"width:100%;\" class=\"wp-video\"><video class=\"wp-video-shortcode\" id=\"video-1835-1\" preload=\"metadata\" controls=\"controls\"><source type=\"video\/mp4\" src=\"https:\/\/kosmetikbyemad.de\/wp-content\/uploads\/2021\/12\/WhatsApp-Video-2022-02-14-at-23.50.34.mp4?_=1\" \/><source type=\"video\/mp4\" src=\"https:\/\/kosmetikbyemad.de\/wp-content\/uploads\/2021\/12\/WhatsApp-Video-2022-02-14-at-23.50.34.mp4?_=1\" \/><a href=\"https:\/\/kosmetikbyemad.de\/wp-content\/uploads\/2021\/12\/WhatsApp-Video-2022-02-14-at-23.50.34.mp4\">https:\/\/kosmetikbyemad.de\/wp-content\/uploads\/2021\/12\/WhatsApp-Video-2022-02-14-at-23.50.34.mp4<\/a><\/video><\/div><\/div><\/div><\/div><\/div>                        <\/div>\r\n                                    <\/div>\r\n\r\n            <\/div>\r\n\r\n                            <a class=\"uk-slidenav uk-position-center-left-out eso eso uk-hidden-touch\" href=\"#\" uk-slidenav-previous uk-slider-item=\"previous\"><\/a>\r\n                <a class=\"uk-slidenav uk-position-center-right-out eso eso uk-hidden-touch\" href=\"#\" uk-slidenav-next uk-slider-item=\"next\"><\/a>\r\n            \r\n        <\/div>\r\n\r\n                    <ul class=\"uk-slider-nav uk-dotnav uk-flex-center\"><\/ul>\r\n        \r\n    <\/div>\r\n\r\n<\/div><\/div><\/div><\/div><\/div>","protected":false},"excerpt":{"rendered":"<p>PHOTON LIZZE PHOTONIC ACCELERATOR PROGRESSIVE BRASILIANISCHE HAARBEHANDLUNG<\/p>","protected":false},"featured_media":1838,"comment_status":"open","ping_status":"closed","template":"","meta":[],"product_brand":[],"product_cat":[77,154],"product_tag":[144,155,130,102,150,113,156],"class_list":{"0":"post-1835","1":"product","2":"type-product","3":"status-publish","4":"has-post-thumbnail","6":"product_cat-lizze","7":"product_cat-photon-lizze","8":"product_tag-dauerhafthaarglaettung","9":"product_tag-extreme","10":"product_tag-haarglaetter","11":"product_tag-haarglaettung","12":"product_tag-nano-protein","13":"product_tag-photon-lizze","14":"product_tag-supreme","15":"product_shipping_class-package","17":"first","18":"instock","19":"sale","20":"taxable","21":"shipping-taxable","22":"purchasable","23":"product-type-simple"},"jetpack_sharing_enabled":true,"_links":{"self":[{"href":"https:\/\/kosmetikbyemad.de\/en\/wp-json\/wp\/v2\/product\/1835","targetHints":{"allow":["GET"]}}],"collection":[{"href":"https:\/\/kosmetikbyemad.de\/en\/wp-json\/wp\/v2\/product"}],"about":[{"href":"https:\/\/kosmetikbyemad.de\/en\/wp-json\/wp\/v2\/types\/product"}],"replies":[{"embeddable":true,"href":"https:\/\/kosmetikbyemad.de\/en\/wp-json\/wp\/v2\/comments?post=1835"}],"wp:featuredmedia":[{"embeddable":true,"href":"https:\/\/kosmetikbyemad.de\/en\/wp-json\/wp\/v2\/media\/1838"}],"wp:attachment":[{"href":"https:\/\/kosmetikbyemad.de\/en\/wp-json\/wp\/v2\/media?parent=1835"}],"wp:term":[{"taxonomy":"product_brand","embeddable":true,"href":"https:\/\/kosmetikbyemad.de\/en\/wp-json\/wp\/v2\/product_brand?post=1835"},{"taxonomy":"product_cat","embeddable":true,"href":"https:\/\/kosmetikbyemad.de\/en\/wp-json\/wp\/v2\/product_cat?post=1835"},{"taxonomy":"product_tag","embeddable":true,"href":"https:\/\/kosmetikbyemad.de\/en\/wp-json\/wp\/v2\/product_tag?post=1835"}],"curies":[{"name":"wp","href":"https:\/\/api.w.org\/{rel}","templated":true}]}}