{"id":1985,"date":"2022-02-26T03:45:13","date_gmt":"2022-02-26T02:45:13","guid":{"rendered":"https:\/\/kosmetikbyemad.de\/?post_type=product&#038;p=1985"},"modified":"2025-12-24T01:22:31","modified_gmt":"2025-12-24T00:22:31","slug":"lizze-lockenstab-extreme-450-f-230-c","status":"publish","type":"product","link":"https:\/\/kosmetikbyemad.de\/en\/product\/lizze-lockenstab-extreme-450-f-230-c\/","title":{"rendered":"LIZZE Lockenstab Extreme 450 \u00b0F | 230 \u00b0C"},"content":{"rendered":"<div id=\"pl-1985\"  class=\"panel-layout\" ><div id=\"pg-1985-0\"  class=\"panel-grid panel-no-style\" ><div id=\"pgc-1985-0-0\"  class=\"panel-grid-cell\" ><div id=\"panel-1985-0-0-0\" class=\"so-panel widget widget_sow-editor panel-first-child panel-last-child\" data-index=\"0\" ><div\n\t\t\t\n\t\t\tclass=\"so-widget-sow-editor so-widget-sow-editor-base\"\n\t\t\t\n\t\t>\n<div class=\"siteorigin-widget-tinymce textwidget\">\n\t<h2>LIZZE Lockenstab Extreme 230 \u00b0C |\u00a0450 \u00b0F<\/h2>\n<p>Brasilianische Herstellung bei einstellbarer Temperatur erm\u00f6glicht, Schlaufen schnell zu machen, ohne das Haar zu besch\u00e4digen.<\/p>\n<p>Es wurde mit der neuesten Technologie entwickelt, um dem Fachmann Komfort und Ergebnisse zu bieten, w\u00e4hrend die Haargesundheit zu erhalten.<\/p>\n<p>Dank seiner St\u00e4rken bietet es einen echten Arbeitskomfort:<\/p>\n<p>Drehstromkabel f\u00fcr besseren Komfort und Ergonomie LED-Temperatursteuerung LED-Leuchten Hohe Effizienz-Heizung, Reduzierung der Modellierzeit und Erh\u00f6hung der Schleifen Haltbarkeit Support Tipp: Erleichterung der Produkthandhabung f\u00fcr schnelle und bequeme Richten Die Temperatur kann bis zu 230\u00b0 steigen C, ideale Temperatur f\u00fcr Friseur.<\/p>\n<p>Die Temperatur von 230\u00b0C (450\u00b0 F) ist f\u00fcr dicke und. nat\u00fcrliche Haare reserviert, die keine F\u00e4rbung oder Verf\u00e4rbung erfahren haben.<\/p>\n<p>&nbsp;<\/p>\n<p><strong>MERKMALE DES MODELLS:<\/strong><\/p>\n<p>- Ger\u00e4t f\u00fcr den professionellen Gebrauch<\/p>\n<p>- Schwenkbares Netzkabel<\/p>\n<p>- Temperaturanzeige durch LED Display<\/p>\n<p>- Schnelles Aufheizen<\/p>\n<p>- Clip zum Halten des Haares<\/p>\n<p>- Basis zum St\u00fctzen<\/p>\n<p>- Geeigent f\u00fcr br\u00fcchiges, feinem, normales und dickem Haar<\/p>\n<p>- Innovatives Sicherheitssystem, automatische Abschaltung nach 1 Stunde.<\/p>\n<p><strong>TECHNISCHE SPEZIFIKATIONEN:<\/strong><br \/>\n- Inmetro-Zertifikat<br \/>\n- Temperatur: 130-230\u00b0C (300-450\u00b0F)<br \/>\n- Leistung: 52 W<br \/>\n- Spannung: 220 V<\/p>\n<p><strong>Ma\u00dfe:<\/strong><br \/>\nHeizzylinder: 18cm<br \/>\nGesamtl\u00e4nge: 40 cm<br \/>\nDurchmesser: 25-30cm<br \/>\nKabell\u00e4nge: 2,40 m<\/p>\n<p>&nbsp;<\/p>\n<p>&nbsp;<\/p>\n<\/div>\n<\/div><\/div><\/div><\/div><div id=\"pg-1985-1\"  class=\"panel-grid panel-no-style\" ><div id=\"pgc-1985-1-0\"  class=\"panel-grid-cell\" ><div id=\"panel-1985-1-0-0\" class=\"so-panel widget widget_echelonso-eso-slider panel-first-child panel-last-child\" data-index=\"1\" ><div class=\"slider-product-video panel-widget-style panel-widget-style-for-1985-1-0-0\" ><div\n\t\t\t\n\t\t\tclass=\"so-widget-echelonso-eso-slider so-widget-echelonso-eso-slider-default-4333943d95ad-1985\"\n\t\t\t\n\t\t>\r\n    <div uk-slider=\"center: true; autoplay: true; autoplay-interval: 6000; clsActivated: eso\" tabindex=\"-1\">\r\n\r\n        <div class=\"uk-position-relative\">\r\n\r\n            <div  class=\"uk-slider-container\">\r\n\r\n                <div class=\"uk-slider-items uk-grid eso-slider-items-class uk-child-width-1-1 uk-child-width-1-1 uk-child-width-1-1 uk-child-width-1-1\">\r\n                                            <div>\r\n                            <div id=\"pl-w2c6083b5\"  class=\"panel-layout\" ><div id=\"pg-w2c6083b5-0\"  class=\"panel-grid panel-no-style\" ><div id=\"pgc-w2c6083b5-0-0\"  class=\"panel-grid-cell\" ><div id=\"panel-w2c6083b5-0-0-0\" class=\"so-panel widget widget_media_video panel-first-child panel-last-child\" data-index=\"0\" ><div style=\"width:100%;\" class=\"wp-video\"><video class=\"wp-video-shortcode\" id=\"video-1985-1\" preload=\"metadata\" controls=\"controls\"><source type=\"video\/mp4\" src=\"https:\/\/kosmetikbyemad.de\/wp-content\/uploads\/2022\/02\/WhatsApp-Video-2022-02-26-at-03.35.07.mp4?_=1\" \/><source type=\"video\/mp4\" src=\"https:\/\/kosmetikbyemad.de\/wp-content\/uploads\/2022\/02\/WhatsApp-Video-2022-02-26-at-03.35.07.mp4?_=1\" \/><a href=\"https:\/\/kosmetikbyemad.de\/wp-content\/uploads\/2022\/02\/WhatsApp-Video-2022-02-26-at-03.35.07.mp4\">https:\/\/kosmetikbyemad.de\/wp-content\/uploads\/2022\/02\/WhatsApp-Video-2022-02-26-at-03.35.07.mp4<\/a><\/video><\/div><\/div><\/div><\/div><\/div>                        <\/div>\r\n                                            <div>\r\n                            <div id=\"pl-wf80267b8\"  class=\"panel-layout\" ><div id=\"pg-wf80267b8-0\"  class=\"panel-grid panel-no-style\" ><div id=\"pgc-wf80267b8-0-0\"  class=\"panel-grid-cell\" ><div id=\"panel-wf80267b8-0-0-0\" class=\"so-panel widget widget_media_video panel-first-child panel-last-child\" data-index=\"0\" ><div style=\"width:100%;\" class=\"wp-video\"><video class=\"wp-video-shortcode\" id=\"video-1985-2\" preload=\"metadata\" controls=\"controls\"><source type=\"video\/mp4\" src=\"https:\/\/kosmetikbyemad.de\/wp-content\/uploads\/2022\/02\/WhatsApp-Video-2022-01-20-at-14.10.26.mp4?_=2\" \/><source type=\"video\/mp4\" src=\"https:\/\/kosmetikbyemad.de\/wp-content\/uploads\/2022\/02\/WhatsApp-Video-2022-01-20-at-14.10.26.mp4?_=2\" \/><a href=\"https:\/\/kosmetikbyemad.de\/wp-content\/uploads\/2022\/02\/WhatsApp-Video-2022-01-20-at-14.10.26.mp4\">https:\/\/kosmetikbyemad.de\/wp-content\/uploads\/2022\/02\/WhatsApp-Video-2022-01-20-at-14.10.26.mp4<\/a><\/video><\/div><\/div><\/div><\/div><\/div>                        <\/div>\r\n                                    <\/div>\r\n\r\n            <\/div>\r\n\r\n                            <a class=\"uk-slidenav uk-position-center-left-out eso eso uk-hidden-touch\" href=\"#\" uk-slidenav-previous uk-slider-item=\"previous\"><\/a>\r\n                <a class=\"uk-slidenav uk-position-center-right-out eso eso uk-hidden-touch\" href=\"#\" uk-slidenav-next uk-slider-item=\"next\"><\/a>\r\n            \r\n        <\/div>\r\n\r\n                    <ul class=\"uk-slider-nav uk-dotnav uk-flex-center\"><\/ul>\r\n        \r\n    <\/div>\r\n\r\n<\/div><\/div><\/div><\/div><\/div><\/div>","protected":false},"excerpt":{"rendered":"<p>Lizze Curly automatico Original 410 Grad professioneller Lockformer<\/p>","protected":false},"featured_media":1998,"comment_status":"open","ping_status":"closed","template":"","meta":[],"product_brand":[],"product_cat":[77,172],"product_tag":[137,135,136],"class_list":{"0":"post-1985","1":"product","2":"type-product","3":"status-publish","4":"has-post-thumbnail","6":"product_cat-lizze","7":"product_cat-modeler-lizze-extreme","8":"product_tag-curly","9":"product_tag-lockenformer","10":"product_tag-lockenstab","11":"product_shipping_class-package","13":"first","14":"instock","15":"sale","16":"taxable","17":"shipping-taxable","18":"purchasable","19":"product-type-simple"},"jetpack_sharing_enabled":true,"_links":{"self":[{"href":"https:\/\/kosmetikbyemad.de\/en\/wp-json\/wp\/v2\/product\/1985","targetHints":{"allow":["GET"]}}],"collection":[{"href":"https:\/\/kosmetikbyemad.de\/en\/wp-json\/wp\/v2\/product"}],"about":[{"href":"https:\/\/kosmetikbyemad.de\/en\/wp-json\/wp\/v2\/types\/product"}],"replies":[{"embeddable":true,"href":"https:\/\/kosmetikbyemad.de\/en\/wp-json\/wp\/v2\/comments?post=1985"}],"wp:featuredmedia":[{"embeddable":true,"href":"https:\/\/kosmetikbyemad.de\/en\/wp-json\/wp\/v2\/media\/1998"}],"wp:attachment":[{"href":"https:\/\/kosmetikbyemad.de\/en\/wp-json\/wp\/v2\/media?parent=1985"}],"wp:term":[{"taxonomy":"product_brand","embeddable":true,"href":"https:\/\/kosmetikbyemad.de\/en\/wp-json\/wp\/v2\/product_brand?post=1985"},{"taxonomy":"product_cat","embeddable":true,"href":"https:\/\/kosmetikbyemad.de\/en\/wp-json\/wp\/v2\/product_cat?post=1985"},{"taxonomy":"product_tag","embeddable":true,"href":"https:\/\/kosmetikbyemad.de\/en\/wp-json\/wp\/v2\/product_tag?post=1985"}],"curies":[{"name":"wp","href":"https:\/\/api.w.org\/{rel}","templated":true}]}}