{"id":2146,"date":"2022-09-22T14:20:03","date_gmt":"2022-09-22T12:20:03","guid":{"rendered":"https:\/\/kosmetikbyemad.de\/?post_type=product&#038;p=2146"},"modified":"2026-03-14T14:59:02","modified_gmt":"2026-03-14T13:59:02","slug":"leblon-repair-spray-intensive-pflege-fuer-geschaedigtes-haar","status":"publish","type":"product","link":"https:\/\/kosmetikbyemad.de\/en\/product\/leblon-repair-spray-intensive-pflege-fuer-geschaedigtes-haar\/","title":{"rendered":"Leblon Repair Spray \u2013 Intensive Pflege f\u00fcr gesch\u00e4digtes Haar"},"content":{"rendered":"<div id=\"pl-2146\"  class=\"panel-layout\" ><div id=\"pg-2146-0\"  class=\"panel-grid panel-no-style\" ><div id=\"pgc-2146-0-0\"  class=\"panel-grid-cell\" ><div id=\"panel-2146-0-0-0\" class=\"so-panel widget widget_sow-editor panel-first-child panel-last-child\" data-index=\"0\" ><div\n\t\t\t\n\t\t\tclass=\"so-widget-sow-editor so-widget-sow-editor-base\"\n\t\t\t\n\t\t><h3 class=\"widget-title\">Leblon Repair Spray<\/h3>\n<div class=\"siteorigin-widget-tinymce textwidget\">\n\t<div><strong>Leblon Repair Spra<\/strong>y \u2013 Intensive Pflege f\u00fcr gesch\u00e4digtes Haar<\/div>\n<div><\/div>\n<div>G\u00f6nne deinem Haar eine tiefenwirksame Regeneration mit dem Leblon Repair Spray von TopHair Cosmetics \u2013 speziell entwickelt f\u00fcr trockenes, br\u00fcchiges und chemisch behandeltes Haar.<\/div>\n<div><\/div>\n<div>Diese kraftvolle Leave-in-Pflege mit hochwirksamen Aminos\u00e4uren st\u00e4rkt die Haarstruktur, spendet intensive Feuchtigkeit und sch\u00fctzt vor t\u00e4glichen Belastungen. Ideal als Thermalschutz \u2013 ob beim F\u00f6hnen, Gl\u00e4tten oder Stylen.<\/div>\n<div><\/div>\n<div><strong>\u2728 Deine Vorteile auf einen Blick:<\/strong><\/div>\n<div>\u2022Revitalisiert und st\u00e4rkt strapaziertes Haar<\/div>\n<div>\u2022Spendet tiefenwirksame Hydration<\/div>\n<div>\u2022Sch\u00fctzt vor Hitzeeinwirkung und Umwelteinfl\u00fcssen<\/div>\n<div>\u2022Bek\u00e4mpft Frizz, erh\u00f6ht die Elastizit\u00e4t und verleiht nat\u00fcrlichen Glanz<\/div>\n<div>\u2022Leave-in Formel \u2013 kein Aussp\u00fclen n\u00f6tig<\/div>\n<div><\/div>\n<div><strong>\u2705 Anwendung:<\/strong><\/div>\n<div><\/div>\n<div>Nach dem Waschen auf das handtuchtrockene Haar spr\u00fchen. Gleichm\u00e4\u00dfig verteilen \u2013 nicht aussp\u00fclen. Perfekt auch als Hitzeschutz vor dem Styling.<\/div>\n<div><\/div>\n<div>\u2e3b<\/div>\n<div><\/div>\n<div><strong>Inhalt<\/strong> 260 ml<\/div>\n<div>Geeignet f\u00fcr: alle Haartypen \u2013 besonders gesch\u00e4digtes oder chemisch behandeltes Haar<\/div>\n<div>Frei von: Parabenen &amp; Silikonen<\/div>\n<p>TOP HAIR COSMETICS<br \/>\nsind Produkte f\u00fcr den professionellen Gebrauch.Wir ber\u00fccksichtigen keine Reklamationen!<\/p>\n<\/div>\n<\/div><\/div><\/div><\/div><div id=\"pg-2146-1\"  class=\"panel-grid panel-no-style\" ><div id=\"pgc-2146-1-0\"  class=\"panel-grid-cell\" ><div id=\"panel-2146-1-0-0\" class=\"so-panel widget widget_echelonso-eso-slider panel-first-child panel-last-child\" data-index=\"1\" ><div class=\"slider-product-video panel-widget-style panel-widget-style-for-2146-1-0-0\" ><div\n\t\t\t\n\t\t\tclass=\"so-widget-echelonso-eso-slider so-widget-echelonso-eso-slider-default-4333943d95ad-2146\"\n\t\t\t\n\t\t>\r\n    <div uk-slider=\"center: true; autoplay: true; autoplay-interval: 6000; clsActivated: eso\" tabindex=\"-1\">\r\n\r\n        <div class=\"uk-position-relative\">\r\n\r\n            <div  class=\"uk-slider-container\">\r\n\r\n                <div class=\"uk-slider-items uk-grid eso-slider-items-class uk-child-width-1-1 uk-child-width-1-1 uk-child-width-1-1 uk-child-width-1-1\">\r\n                                            <div>\r\n                            <div id=\"pl-wdc8fbda1\"  class=\"panel-layout\" ><div id=\"pg-wdc8fbda1-0\"  class=\"panel-grid panel-no-style\" ><div id=\"pgc-wdc8fbda1-0-0\"  class=\"panel-grid-cell\" ><div id=\"panel-wdc8fbda1-0-0-0\" class=\"so-panel widget widget_media_video panel-first-child panel-last-child\" data-index=\"0\" ><div class=\"panel-widget-style panel-widget-style-for-wdc8fbda1-0-0-0\" ><div style=\"width:100%;\" class=\"wp-video\"><video class=\"wp-video-shortcode\" id=\"video-2146-1\" preload=\"metadata\" controls=\"controls\"><source type=\"video\/mp4\" src=\"https:\/\/kosmetikbyemad.de\/wp-content\/uploads\/2022\/09\/WhatsApp-Video-2025-07-02-at-09.10.56.mp4?_=1\" \/><source type=\"video\/mp4\" src=\"https:\/\/kosmetikbyemad.de\/wp-content\/uploads\/2022\/09\/WhatsApp-Video-2025-07-02-at-09.10.56.mp4?_=1\" \/><a href=\"https:\/\/kosmetikbyemad.de\/wp-content\/uploads\/2022\/09\/WhatsApp-Video-2025-07-02-at-09.10.56.mp4\">https:\/\/kosmetikbyemad.de\/wp-content\/uploads\/2022\/09\/WhatsApp-Video-2025-07-02-at-09.10.56.mp4<\/a><\/video><\/div><\/div><\/div><\/div><\/div><\/div>                        <\/div>\r\n                                    <\/div>\r\n\r\n            <\/div>\r\n\r\n                            <a class=\"uk-slidenav uk-position-center-left-out eso eso uk-hidden-touch\" href=\"#\" uk-slidenav-previous uk-slider-item=\"previous\"><\/a>\r\n                <a class=\"uk-slidenav uk-position-center-right-out eso eso uk-hidden-touch\" href=\"#\" uk-slidenav-next uk-slider-item=\"next\"><\/a>\r\n            \r\n        <\/div>\r\n\r\n                    <ul class=\"uk-slider-nav uk-dotnav uk-flex-center\"><\/ul>\r\n        \r\n    <\/div>\r\n\r\n<\/div><\/div><\/div><\/div><\/div><\/div>","protected":false},"excerpt":{"rendered":"<p>Leblon Repair Spray \u2013 Intensive Pflege f\u00fcr gesch\u00e4digtes Haar G\u00f6nne deinem Haar eine tiefenwirksame Regeneration mit dem Leblon Repair Spray [&hellip;]<\/p>\n","protected":false},"featured_media":3584,"comment_status":"open","ping_status":"closed","template":"","meta":[],"product_brand":[],"product_cat":[196,50],"product_tag":[],"class_list":{"0":"post-2146","1":"product","2":"type-product","3":"status-publish","4":"has-post-thumbnail","6":"product_cat-leblon-repair-spray-top-hair","7":"product_cat-top-hair","8":"product_shipping_class-package","10":"first","11":"instock","12":"sale","13":"taxable","14":"shipping-taxable","15":"purchasable","16":"product-type-simple"},"jetpack_sharing_enabled":true,"_links":{"self":[{"href":"https:\/\/kosmetikbyemad.de\/en\/wp-json\/wp\/v2\/product\/2146","targetHints":{"allow":["GET"]}}],"collection":[{"href":"https:\/\/kosmetikbyemad.de\/en\/wp-json\/wp\/v2\/product"}],"about":[{"href":"https:\/\/kosmetikbyemad.de\/en\/wp-json\/wp\/v2\/types\/product"}],"replies":[{"embeddable":true,"href":"https:\/\/kosmetikbyemad.de\/en\/wp-json\/wp\/v2\/comments?post=2146"}],"wp:featuredmedia":[{"embeddable":true,"href":"https:\/\/kosmetikbyemad.de\/en\/wp-json\/wp\/v2\/media\/3584"}],"wp:attachment":[{"href":"https:\/\/kosmetikbyemad.de\/en\/wp-json\/wp\/v2\/media?parent=2146"}],"wp:term":[{"taxonomy":"product_brand","embeddable":true,"href":"https:\/\/kosmetikbyemad.de\/en\/wp-json\/wp\/v2\/product_brand?post=2146"},{"taxonomy":"product_cat","embeddable":true,"href":"https:\/\/kosmetikbyemad.de\/en\/wp-json\/wp\/v2\/product_cat?post=2146"},{"taxonomy":"product_tag","embeddable":true,"href":"https:\/\/kosmetikbyemad.de\/en\/wp-json\/wp\/v2\/product_tag?post=2146"}],"curies":[{"name":"wp","href":"https:\/\/api.w.org\/{rel}","templated":true}]}}