{"id":2195,"date":"2022-11-14T19:59:36","date_gmt":"2022-11-14T18:59:36","guid":{"rendered":"https:\/\/kosmetikbyemad.de\/?post_type=product&#038;p=2195"},"modified":"2026-03-14T14:58:46","modified_gmt":"2026-03-14T13:58:46","slug":"leblon-set","status":"publish","type":"product","link":"https:\/\/kosmetikbyemad.de\/en\/product\/leblon-set\/","title":{"rendered":"Leblon Set"},"content":{"rendered":"<div id=\"pl-2195\"  class=\"panel-layout\" ><div id=\"pg-2195-0\"  class=\"panel-grid panel-no-style\" ><div id=\"pgc-2195-0-0\"  class=\"panel-grid-cell\" ><div id=\"panel-2195-0-0-0\" class=\"so-panel widget widget_sow-editor panel-first-child panel-last-child\" data-index=\"0\" ><div\n\t\t\t\n\t\t\tclass=\"so-widget-sow-editor so-widget-sow-editor-base\"\n\t\t\t\n\t\t><h3 class=\"widget-title\">Leblon Set<\/h3>\n<div class=\"siteorigin-widget-tinymce textwidget\">\n\t<p>Leblon Repair Spray stellt das Haar wieder her und macht es widerstandsf\u00e4higer, hydratisiert und weich.<br \/>\nEs hat die Kraft, getrocknetes, spr\u00f6des und chemisch gesch\u00e4digtes Haar wiederherzustellen,<br \/>\nsein gesundes Aussehen wiederherzustellen und es vor der Hitze des Haartrockners und des B\u00fcgeleisens zu sch\u00fctzen.<\/p>\n<p>Das Leblon Shampoo wurde mit Kokosnuss, Argan, Panthenol, Aloe Vera und Ricin entwickelt, das das Haar sanft reinigt und es weich, hydratisiert, gl\u00e4nzend und formbar macht.<\/p>\n<p>Der BALM Leblon ist ein feuchtigkeitsspendender, pflegender und weichmachender Komplex. Es ist angereichert mit Kokosnuss, Argan\u00f6l, Panthenol und Aloe Vera, die Feuchtigkeit spenden und n\u00e4hren. Angezeigt f\u00fcr chemisch behandeltes Haar.<\/p>\n<p>TOP HAIR COSMETICS<br \/>\nsind Produkte f\u00fcr den professionellen Gebrauch.Wir ber\u00fccksichtigen keine Reklamationen!<\/p>\n<\/div>\n<\/div><\/div><\/div><\/div><div id=\"pg-2195-1\"  class=\"panel-grid panel-no-style\" ><div id=\"pgc-2195-1-0\"  class=\"panel-grid-cell\" ><div id=\"panel-2195-1-0-0\" class=\"so-panel widget widget_echelonso-eso-slider panel-first-child panel-last-child\" data-index=\"1\" ><div class=\"slider-product-video panel-widget-style panel-widget-style-for-2195-1-0-0\" ><div\n\t\t\t\n\t\t\tclass=\"so-widget-echelonso-eso-slider so-widget-echelonso-eso-slider-default-4333943d95ad-2195\"\n\t\t\t\n\t\t>\r\n    <div uk-slider=\"center: true; autoplay: true; autoplay-interval: 6000; clsActivated: eso\" tabindex=\"-1\">\r\n\r\n        <div class=\"uk-position-relative\">\r\n\r\n            <div  class=\"uk-slider-container\">\r\n\r\n                <div class=\"uk-slider-items uk-grid eso-slider-items-class uk-child-width-1-1 uk-child-width-1-1 uk-child-width-1-1 uk-child-width-1-1\">\r\n                                            <div>\r\n                            <div id=\"pl-w0bdbf0da\"  class=\"panel-layout\" ><div id=\"pg-w0bdbf0da-0\"  class=\"panel-grid panel-no-style\" ><div id=\"pgc-w0bdbf0da-0-0\"  class=\"panel-grid-cell\" ><div id=\"panel-w0bdbf0da-0-0-0\" class=\"so-panel widget widget_media_video panel-first-child panel-last-child\" data-index=\"0\" ><div class=\"panel-widget-style panel-widget-style-for-w0bdbf0da-0-0-0\" ><div style=\"width:100%;\" class=\"wp-video\"><video class=\"wp-video-shortcode\" id=\"video-2195-1\" preload=\"metadata\" controls=\"controls\"><source type=\"video\/mp4\" src=\"https:\/\/kosmetikbyemad.de\/wp-content\/uploads\/2022\/09\/WhatsApp-Video-2022-09-22-at-14.34.48.mp4?_=1\" \/><source type=\"video\/mp4\" src=\"https:\/\/kosmetikbyemad.de\/wp-content\/uploads\/2022\/09\/WhatsApp-Video-2022-09-22-at-14.34.48.mp4?_=1\" \/><a href=\"https:\/\/kosmetikbyemad.de\/wp-content\/uploads\/2022\/09\/WhatsApp-Video-2022-09-22-at-14.34.48.mp4\">https:\/\/kosmetikbyemad.de\/wp-content\/uploads\/2022\/09\/WhatsApp-Video-2022-09-22-at-14.34.48.mp4<\/a><\/video><\/div><\/div><\/div><\/div><\/div><\/div>                        <\/div>\r\n                                    <\/div>\r\n\r\n            <\/div>\r\n\r\n                            <a class=\"uk-slidenav uk-position-center-left-out eso eso uk-hidden-touch\" href=\"#\" uk-slidenav-previous uk-slider-item=\"previous\"><\/a>\r\n                <a class=\"uk-slidenav uk-position-center-right-out eso eso uk-hidden-touch\" href=\"#\" uk-slidenav-next uk-slider-item=\"next\"><\/a>\r\n            \r\n        <\/div>\r\n\r\n                    <ul class=\"uk-slider-nav uk-dotnav uk-flex-center\"><\/ul>\r\n        \r\n    <\/div>\r\n\r\n<\/div><\/div><\/div><\/div><\/div><\/div>","protected":false},"excerpt":{"rendered":"<p>Shampoo 300 Ml, Balm 300 Ml, Spray 260 Ml<\/p>","protected":false},"featured_media":2530,"comment_status":"open","ping_status":"closed","template":"","meta":[],"product_brand":[],"product_cat":[198,50],"product_tag":[],"class_list":{"0":"post-2195","1":"product","2":"type-product","3":"status-publish","4":"has-post-thumbnail","6":"product_cat-leblon-set","7":"product_cat-top-hair","8":"product_shipping_class-package","10":"first","11":"instock","12":"sale","13":"taxable","14":"shipping-taxable","15":"purchasable","16":"product-type-simple"},"jetpack_sharing_enabled":true,"_links":{"self":[{"href":"https:\/\/kosmetikbyemad.de\/en\/wp-json\/wp\/v2\/product\/2195","targetHints":{"allow":["GET"]}}],"collection":[{"href":"https:\/\/kosmetikbyemad.de\/en\/wp-json\/wp\/v2\/product"}],"about":[{"href":"https:\/\/kosmetikbyemad.de\/en\/wp-json\/wp\/v2\/types\/product"}],"replies":[{"embeddable":true,"href":"https:\/\/kosmetikbyemad.de\/en\/wp-json\/wp\/v2\/comments?post=2195"}],"wp:featuredmedia":[{"embeddable":true,"href":"https:\/\/kosmetikbyemad.de\/en\/wp-json\/wp\/v2\/media\/2530"}],"wp:attachment":[{"href":"https:\/\/kosmetikbyemad.de\/en\/wp-json\/wp\/v2\/media?parent=2195"}],"wp:term":[{"taxonomy":"product_brand","embeddable":true,"href":"https:\/\/kosmetikbyemad.de\/en\/wp-json\/wp\/v2\/product_brand?post=2195"},{"taxonomy":"product_cat","embeddable":true,"href":"https:\/\/kosmetikbyemad.de\/en\/wp-json\/wp\/v2\/product_cat?post=2195"},{"taxonomy":"product_tag","embeddable":true,"href":"https:\/\/kosmetikbyemad.de\/en\/wp-json\/wp\/v2\/product_tag?post=2195"}],"curies":[{"name":"wp","href":"https:\/\/api.w.org\/{rel}","templated":true}]}}