{"id":2201,"date":"2022-11-17T00:07:23","date_gmt":"2022-11-16T23:07:23","guid":{"rendered":"https:\/\/kosmetikbyemad.de\/?post_type=product&#038;p=2201"},"modified":"2026-03-30T23:24:54","modified_gmt":"2026-03-30T21:24:54","slug":"top-hair-tijuca-bio-plastia-brasilianische-proteinglaettung-120-ml","status":"publish","type":"product","link":"https:\/\/kosmetikbyemad.de\/en\/product\/top-hair-tijuca-bio-plastia-brasilianische-proteinglaettung-120-ml\/","title":{"rendered":"Top Hair Tijuca \u2013 Bio-plastia Brasilianische Proteingl\u00e4ttung 120 ML"},"content":{"rendered":"<div id=\"pl-2201\"  class=\"panel-layout\" ><div id=\"pg-2201-0\"  class=\"panel-grid panel-no-style\" ><div id=\"pgc-2201-0-0\"  class=\"panel-grid-cell\" ><div id=\"panel-2201-0-0-0\" class=\"so-panel widget widget_sow-editor panel-first-child panel-last-child\" data-index=\"0\" ><div\n\t\t\t\n\t\t\tclass=\"so-widget-sow-editor so-widget-sow-editor-base\"\n\t\t\t\n\t\t>\n<div class=\"siteorigin-widget-tinymce textwidget\">\n\t<p><strong>TopHair Tijuca<\/strong> \u2013 Brasilianische Proteingl\u00e4ttung 120 ML<br \/>\n\ud83c\udf3f\u00a0Bio-Formel | Ohne Chemie | Ohne Formaldehyd<\/p>\n<p><strong>Erlebe<\/strong> die Kraft der brasilianischen Natur mit Tijuca von TopHair Cosmetics \u2013 einer innovativen Proteingl\u00e4ttung, die speziell f\u00fcr blondiertes und coloriertes Haar entwickelt wurde. Dank der integrierten violetten Pigmente wirkt das Produkt farbausgleichend und verhindert unerw\u00fcnschten Gelbstich \u2013 ideal f\u00fcr blondes, aufgehelltes oder gestr\u00e4hntes Haar. Gleichzeitig ist die Formel so sanft, dass sie sich f\u00fcr alle Haartypen eignet.<\/p>\n<p><strong>\u2728\u00a0Was macht Tijuca besonders?<\/strong><br \/>\n\u2022 Ohne Formaldehyd und aggressive Chemikalien \u2013 100 % sicher in der Anwendung<br \/>\n\u2022 Mit biologischen Wirkstoffen: Amla, Tanin, Keratin, Biotin, Sheabutter &amp; Jasmin\u00f6l<br \/>\n\u2022 Pflegt und gl\u00e4ttet in einem Schritt \u2013 f\u00fcr seidiges, gl\u00e4nzendes Haar<br \/>\n\u2022 Schont die Haarfarbe durch violette Pigmente \u2013 ideal bei coloriertem Haar<br \/>\n\u2022 Professionelles Ergebnis wie beim Friseur \u2013 ganz einfach zu Hause<\/p>\n<p>\ud83d\udca7<strong>\u00a0Vorteile auf einen Blick:<\/strong><br \/>\n\u2714\ufe0f\u00a0Intensiver Gl\u00e4ttungseffekt ohne Hitze-Stress<br \/>\n\u2714\ufe0f\u00a0St\u00e4rkt die Haarstruktur von innen<br \/>\n\u2714\ufe0f\u00a0Frei von tierischen Inhaltsstoffen &amp; cruelty-free<br \/>\n\u2714\ufe0f\u00a0F\u00fcr den professionellen oder privaten Gebrauch geeignet<\/p>\n<p><strong>Nach<\/strong> der Behandlung empfiehlt sich die Verwendung des Leblon Set,Essential Set Oder Total Repair es verl\u00e4ngert die Wirkung der Behandlung um mehrere Monate. Aufgrund der gleichen Wirkstoffe erg\u00e4nzen sie die Kortexschicht, den interzellul\u00e4ren Zement und die Haarkutikula.<\/p>\n<p><strong>Vorsichtsma\u00dfnahmen:<\/strong>Von Kindern fernhalten. Vor Licht, \u00fcberm\u00e4\u00dfiger Hitze und Feuchtigkeit sch\u00fctzen. Kontakt mit Augen, Mund und Schleimh\u00e4uten vermeiden. Bei Allergien die Anwendung abbrechen.<\/p>\n<p><strong>*** ACHTUNG! ***<\/strong><br \/>\nTOP HAIR COSMETICS<br \/>\nDie Produkte sind f\u00fcr den Professionellen Gebrauch. Wir ber\u00fccksichtigen keine Reklamationen!<\/p>\n<\/div>\n<\/div><\/div><\/div><\/div><div id=\"pg-2201-1\"  class=\"panel-grid panel-no-style\" ><div id=\"pgc-2201-1-0\"  class=\"panel-grid-cell\" ><div id=\"panel-2201-1-0-0\" class=\"so-panel widget widget_echelonso-eso-slider panel-first-child panel-last-child\" data-index=\"1\" ><div class=\"slider-product-video panel-widget-style panel-widget-style-for-2201-1-0-0\" ><div\n\t\t\t\n\t\t\tclass=\"so-widget-echelonso-eso-slider so-widget-echelonso-eso-slider-default-4333943d95ad-2201\"\n\t\t\t\n\t\t>\r\n    <div uk-slider=\"center: true; autoplay: true; autoplay-interval: 6000; clsActivated: eso\" tabindex=\"-1\">\r\n\r\n        <div class=\"uk-position-relative\">\r\n\r\n            <div  class=\"uk-slider-container\">\r\n\r\n                <div class=\"uk-slider-items uk-grid eso-slider-items-class uk-child-width-1-1 uk-child-width-1-1 uk-child-width-1-1 uk-child-width-1-1\">\r\n                                            <div>\r\n                            <div id=\"pl-wb9870a45\"  class=\"panel-layout\" ><div id=\"pg-wb9870a45-0\"  class=\"panel-grid panel-no-style\" ><div id=\"pgc-wb9870a45-0-0\"  class=\"panel-grid-cell\" ><div id=\"panel-wb9870a45-0-0-0\" class=\"so-panel widget widget_media_video panel-first-child panel-last-child\" data-index=\"0\" ><div style=\"width:100%;\" class=\"wp-video\"><video class=\"wp-video-shortcode\" id=\"video-2201-1\" preload=\"metadata\" controls=\"controls\"><source type=\"video\/mp4\" src=\"https:\/\/kosmetikbyemad.de\/wp-content\/uploads\/2022\/02\/WhatsApp-Video-2022-03-18-at-23.39.57.mp4?_=1\" \/><source type=\"video\/mp4\" src=\"https:\/\/kosmetikbyemad.de\/wp-content\/uploads\/2022\/02\/WhatsApp-Video-2022-03-18-at-23.39.57.mp4?_=1\" \/><a href=\"https:\/\/kosmetikbyemad.de\/wp-content\/uploads\/2022\/02\/WhatsApp-Video-2022-03-18-at-23.39.57.mp4\">https:\/\/kosmetikbyemad.de\/wp-content\/uploads\/2022\/02\/WhatsApp-Video-2022-03-18-at-23.39.57.mp4<\/a><\/video><\/div><\/div><\/div><\/div><\/div>                        <\/div>\r\n                                            <div>\r\n                            <div id=\"pl-w70f9d26d\"  class=\"panel-layout\" ><div id=\"pg-w70f9d26d-0\"  class=\"panel-grid panel-no-style\" ><div id=\"pgc-w70f9d26d-0-0\"  class=\"panel-grid-cell\" ><div id=\"panel-w70f9d26d-0-0-0\" class=\"so-panel widget widget_media_video panel-first-child panel-last-child\" data-index=\"0\" ><div style=\"width:100%;\" class=\"wp-video\"><video class=\"wp-video-shortcode\" id=\"video-2201-2\" preload=\"metadata\" controls=\"controls\"><source type=\"video\/mp4\" src=\"https:\/\/kosmetikbyemad.de\/wp-content\/uploads\/2022\/02\/WhatsApp-Video-2022-02-14-at-23.52.23.mp4?_=2\" \/><source type=\"video\/mp4\" src=\"https:\/\/kosmetikbyemad.de\/wp-content\/uploads\/2022\/02\/WhatsApp-Video-2022-02-14-at-23.52.23.mp4?_=2\" \/><a href=\"https:\/\/kosmetikbyemad.de\/wp-content\/uploads\/2022\/02\/WhatsApp-Video-2022-02-14-at-23.52.23.mp4\">https:\/\/kosmetikbyemad.de\/wp-content\/uploads\/2022\/02\/WhatsApp-Video-2022-02-14-at-23.52.23.mp4<\/a><\/video><\/div><\/div><\/div><\/div><\/div>                        <\/div>\r\n                                            <div>\r\n                            <div id=\"pl-wa2b17fc3\"  class=\"panel-layout\" ><div id=\"pg-wa2b17fc3-0\"  class=\"panel-grid panel-no-style\" ><div id=\"pgc-wa2b17fc3-0-0\"  class=\"panel-grid-cell\" ><div id=\"panel-wa2b17fc3-0-0-0\" class=\"so-panel widget widget_media_video panel-first-child panel-last-child\" data-index=\"0\" ><div class=\"panel-widget-style panel-widget-style-for-wa2b17fc3-0-0-0\" ><div style=\"width:100%;\" class=\"wp-video\"><video class=\"wp-video-shortcode\" id=\"video-2201-3\" preload=\"metadata\" controls=\"controls\"><source type=\"video\/mp4\" src=\"https:\/\/kosmetikbyemad.de\/wp-content\/uploads\/2022\/11\/WhatsApp-Video-2022-10-12-at-23.55.41-2.mp4?_=3\" \/><source type=\"video\/mp4\" src=\"https:\/\/kosmetikbyemad.de\/wp-content\/uploads\/2022\/11\/WhatsApp-Video-2022-10-12-at-23.55.41-2.mp4?_=3\" \/><a href=\"https:\/\/kosmetikbyemad.de\/wp-content\/uploads\/2022\/11\/WhatsApp-Video-2022-10-12-at-23.55.41-2.mp4\">https:\/\/kosmetikbyemad.de\/wp-content\/uploads\/2022\/11\/WhatsApp-Video-2022-10-12-at-23.55.41-2.mp4<\/a><\/video><\/div><\/div><\/div><\/div><\/div><\/div>                        <\/div>\r\n                                            <div>\r\n                            <div id=\"pl-w5c98d147\"  class=\"panel-layout\" ><div id=\"pg-w5c98d147-0\"  class=\"panel-grid panel-no-style\" ><div id=\"pgc-w5c98d147-0-0\"  class=\"panel-grid-cell\" ><div id=\"panel-w5c98d147-0-0-0\" class=\"so-panel widget widget_media_video panel-first-child panel-last-child\" data-index=\"0\" ><div style=\"width:100%;\" class=\"wp-video\"><video class=\"wp-video-shortcode\" id=\"video-2201-4\" preload=\"metadata\" controls=\"controls\"><source type=\"video\/mp4\" src=\"https:\/\/kosmetikbyemad.de\/wp-content\/uploads\/2022\/02\/WhatsApp-Video-2022-03-21-at-00.02.45-2.mp4?_=4\" \/><source type=\"video\/mp4\" src=\"https:\/\/kosmetikbyemad.de\/wp-content\/uploads\/2022\/02\/WhatsApp-Video-2022-03-21-at-00.02.45-2.mp4?_=4\" \/><a href=\"https:\/\/kosmetikbyemad.de\/wp-content\/uploads\/2022\/02\/WhatsApp-Video-2022-03-21-at-00.02.45-2.mp4\">https:\/\/kosmetikbyemad.de\/wp-content\/uploads\/2022\/02\/WhatsApp-Video-2022-03-21-at-00.02.45-2.mp4<\/a><\/video><\/div><\/div><\/div><\/div><\/div>                        <\/div>\r\n                                            <div>\r\n                            <div id=\"pl-w5bce4a6a\"  class=\"panel-layout\" ><div id=\"pg-w5bce4a6a-0\"  class=\"panel-grid panel-no-style\" ><div id=\"pgc-w5bce4a6a-0-0\"  class=\"panel-grid-cell\" ><div id=\"panel-w5bce4a6a-0-0-0\" class=\"so-panel widget widget_media_video panel-first-child panel-last-child\" data-index=\"0\" ><div style=\"width:100%;\" class=\"wp-video\"><video class=\"wp-video-shortcode\" id=\"video-2201-5\" preload=\"metadata\" controls=\"controls\"><source type=\"video\/mp4\" src=\"https:\/\/kosmetikbyemad.de\/wp-content\/uploads\/2022\/02\/WhatsApp-Video-2022-03-28-at-13.33.20.mp4?_=5\" \/><source type=\"video\/mp4\" src=\"https:\/\/kosmetikbyemad.de\/wp-content\/uploads\/2022\/02\/WhatsApp-Video-2022-03-28-at-13.33.20.mp4?_=5\" \/><a href=\"https:\/\/kosmetikbyemad.de\/wp-content\/uploads\/2022\/02\/WhatsApp-Video-2022-03-28-at-13.33.20.mp4\">https:\/\/kosmetikbyemad.de\/wp-content\/uploads\/2022\/02\/WhatsApp-Video-2022-03-28-at-13.33.20.mp4<\/a><\/video><\/div><\/div><\/div><\/div><\/div>                        <\/div>\r\n                                            <div>\r\n                            <div id=\"pl-wb441428d\"  class=\"panel-layout\" ><div id=\"pg-wb441428d-0\"  class=\"panel-grid panel-no-style\" ><div id=\"pgc-wb441428d-0-0\"  class=\"panel-grid-cell\" ><div id=\"panel-wb441428d-0-0-0\" class=\"so-panel widget widget_media_video panel-first-child panel-last-child\" data-index=\"0\" ><div style=\"width:100%;\" class=\"wp-video\"><video class=\"wp-video-shortcode\" id=\"video-2201-6\" preload=\"metadata\" controls=\"controls\"><source type=\"video\/mp4\" src=\"https:\/\/kosmetikbyemad.de\/wp-content\/uploads\/2022\/02\/WhatsApp-Video-2022-07-15-at-08.59.32.mp4?_=6\" \/><source type=\"video\/mp4\" src=\"https:\/\/kosmetikbyemad.de\/wp-content\/uploads\/2022\/02\/WhatsApp-Video-2022-07-15-at-08.59.32.mp4?_=6\" \/><a href=\"https:\/\/kosmetikbyemad.de\/wp-content\/uploads\/2022\/02\/WhatsApp-Video-2022-07-15-at-08.59.32.mp4\">https:\/\/kosmetikbyemad.de\/wp-content\/uploads\/2022\/02\/WhatsApp-Video-2022-07-15-at-08.59.32.mp4<\/a><\/video><\/div><\/div><\/div><\/div><\/div>                        <\/div>\r\n                                            <div>\r\n                            <div id=\"pl-w824d99bd\"  class=\"panel-layout\" ><div id=\"pg-w824d99bd-0\"  class=\"panel-grid panel-no-style\" ><div id=\"pgc-w824d99bd-0-0\"  class=\"panel-grid-cell\" ><div id=\"panel-w824d99bd-0-0-0\" class=\"so-panel widget widget_media_video panel-first-child panel-last-child\" data-index=\"0\" ><div style=\"width:100%;\" class=\"wp-video\"><video class=\"wp-video-shortcode\" id=\"video-2201-7\" preload=\"metadata\" controls=\"controls\"><source type=\"video\/mp4\" src=\"https:\/\/kosmetikbyemad.de\/wp-content\/uploads\/2022\/02\/WhatsApp-Video-2022-07-15-at-08.50.06.mp4?_=7\" \/><source type=\"video\/mp4\" src=\"https:\/\/kosmetikbyemad.de\/wp-content\/uploads\/2022\/02\/WhatsApp-Video-2022-07-15-at-08.50.06.mp4?_=7\" \/><a href=\"https:\/\/kosmetikbyemad.de\/wp-content\/uploads\/2022\/02\/WhatsApp-Video-2022-07-15-at-08.50.06.mp4\">https:\/\/kosmetikbyemad.de\/wp-content\/uploads\/2022\/02\/WhatsApp-Video-2022-07-15-at-08.50.06.mp4<\/a><\/video><\/div><\/div><\/div><\/div><\/div>                        <\/div>\r\n                                            <div>\r\n                            <div id=\"pl-w57bd21c0\"  class=\"panel-layout\" ><div id=\"pg-w57bd21c0-0\"  class=\"panel-grid panel-no-style\" ><div id=\"pgc-w57bd21c0-0-0\"  class=\"panel-grid-cell\" ><div id=\"panel-w57bd21c0-0-0-0\" class=\"so-panel widget widget_media_video panel-first-child panel-last-child\" data-index=\"0\" ><div style=\"width:100%;\" class=\"wp-video\"><video class=\"wp-video-shortcode\" id=\"video-2201-8\" preload=\"metadata\" controls=\"controls\"><source type=\"video\/mp4\" src=\"https:\/\/kosmetikbyemad.de\/wp-content\/uploads\/2022\/02\/WhatsApp-Video-2022-07-15-at-09.00.02-1.mp4?_=8\" \/><source type=\"video\/mp4\" src=\"https:\/\/kosmetikbyemad.de\/wp-content\/uploads\/2022\/02\/WhatsApp-Video-2022-07-15-at-09.00.02-1.mp4?_=8\" \/><a href=\"https:\/\/kosmetikbyemad.de\/wp-content\/uploads\/2022\/02\/WhatsApp-Video-2022-07-15-at-09.00.02-1.mp4\">https:\/\/kosmetikbyemad.de\/wp-content\/uploads\/2022\/02\/WhatsApp-Video-2022-07-15-at-09.00.02-1.mp4<\/a><\/video><\/div><\/div><\/div><\/div><\/div>                        <\/div>\r\n                                    <\/div>\r\n\r\n            <\/div>\r\n\r\n                            <a class=\"uk-slidenav uk-position-center-left-out eso eso uk-hidden-touch\" href=\"#\" uk-slidenav-previous uk-slider-item=\"previous\"><\/a>\r\n                <a class=\"uk-slidenav uk-position-center-right-out eso eso uk-hidden-touch\" href=\"#\" uk-slidenav-next uk-slider-item=\"next\"><\/a>\r\n            \r\n        <\/div>\r\n\r\n                    <ul class=\"uk-slider-nav uk-dotnav uk-flex-center\"><\/ul>\r\n        \r\n    <\/div>\r\n\r\n<\/div><\/div><\/div><\/div><\/div><\/div>","protected":false},"excerpt":{"rendered":"<p>Die die haarstruktur reichhaltig pflegt und gl\u00e4ttet.<br \/>\nDas Haar wir von wurzel bis in die spitzen regeneriert<\/p>","protected":false},"featured_media":3576,"comment_status":"open","ping_status":"closed","template":"","meta":[],"product_brand":[],"product_cat":[234,50],"product_tag":[144,102,100,101,103,153],"class_list":{"0":"post-2201","1":"product","2":"type-product","3":"status-publish","4":"has-post-thumbnail","6":"product_cat-bioplastia-120-ml","7":"product_cat-top-hair","8":"product_tag-dauerhafthaarglaettung","9":"product_tag-haarglaettung","10":"product_tag-keratin","11":"product_tag-keratinglaettung","12":"product_tag-proteinglaettung","13":"product_tag-taninno","14":"product_shipping_class-package","16":"first","17":"instock","18":"sale","19":"taxable","20":"shipping-taxable","21":"purchasable","22":"product-type-simple"},"jetpack_sharing_enabled":true,"_links":{"self":[{"href":"https:\/\/kosmetikbyemad.de\/en\/wp-json\/wp\/v2\/product\/2201","targetHints":{"allow":["GET"]}}],"collection":[{"href":"https:\/\/kosmetikbyemad.de\/en\/wp-json\/wp\/v2\/product"}],"about":[{"href":"https:\/\/kosmetikbyemad.de\/en\/wp-json\/wp\/v2\/types\/product"}],"replies":[{"embeddable":true,"href":"https:\/\/kosmetikbyemad.de\/en\/wp-json\/wp\/v2\/comments?post=2201"}],"wp:featuredmedia":[{"embeddable":true,"href":"https:\/\/kosmetikbyemad.de\/en\/wp-json\/wp\/v2\/media\/3576"}],"wp:attachment":[{"href":"https:\/\/kosmetikbyemad.de\/en\/wp-json\/wp\/v2\/media?parent=2201"}],"wp:term":[{"taxonomy":"product_brand","embeddable":true,"href":"https:\/\/kosmetikbyemad.de\/en\/wp-json\/wp\/v2\/product_brand?post=2201"},{"taxonomy":"product_cat","embeddable":true,"href":"https:\/\/kosmetikbyemad.de\/en\/wp-json\/wp\/v2\/product_cat?post=2201"},{"taxonomy":"product_tag","embeddable":true,"href":"https:\/\/kosmetikbyemad.de\/en\/wp-json\/wp\/v2\/product_tag?post=2201"}],"curies":[{"name":"wp","href":"https:\/\/api.w.org\/{rel}","templated":true}]}}