{"id":2294,"date":"2022-11-30T00:36:30","date_gmt":"2022-11-29T23:36:30","guid":{"rendered":"https:\/\/kosmetikbyemad.de\/?post_type=product&#038;p=2294"},"modified":"2026-03-29T23:25:41","modified_gmt":"2026-03-29T21:25:41","slug":"top-hair-solution-set-intensiv-haarreparatur-in-3-schritten-3-x-500-ml","status":"publish","type":"product","link":"https:\/\/kosmetikbyemad.de\/en\/product\/top-hair-solution-set-intensiv-haarreparatur-in-3-schritten-3-x-500-ml\/","title":{"rendered":"Top Hair Solution Set \u2013 Intensiv-Haarreparatur in 3 Schritten (3 x 500 ml)"},"content":{"rendered":"<div id=\"pl-2294\"  class=\"panel-layout\" ><div id=\"pg-2294-0\"  class=\"panel-grid panel-no-style\" ><div id=\"pgc-2294-0-0\"  class=\"panel-grid-cell\" ><div id=\"panel-2294-0-0-0\" class=\"so-panel widget widget_sow-editor panel-first-child panel-last-child\" data-index=\"0\" ><div\n\t\t\t\n\t\t\tclass=\"so-widget-sow-editor so-widget-sow-editor-base\"\n\t\t\t\n\t\t>\n<div class=\"siteorigin-widget-tinymce textwidget\">\n\t<p><strong>TopHair Solution Set<\/strong> \u2013 Intensiv-Haarreparatur in 3 Schritten (3 x 500 ml)<\/p>\n<p>Tiefenreparatur f\u00fcr stark gesch\u00e4digtes und blondiertes Haar<\/p>\n<p>Erlebe die kraftvolle Wiederherstellung deiner Haare mit dem TopHair Solution Set, einem professionellen 3-Schritte-System f\u00fcr gesch\u00e4digtes, por\u00f6ses oder \u00fcberstrapaziertes Haar \u2013 ideal nach Blondierungen, chemischen Behandlungen oder Hitzesch\u00e4den.<br \/>\nBereits nach der ersten Anwendung sp\u00fcrst du sichtbare Ergebnisse: Das Haar gewinnt an St\u00e4rke, Elastizit\u00e4t und nat\u00fcrlichem Glanz zur\u00fcck \u2013 selbst wenn es sich zuvor wie \u201cGummi\u201d angef\u00fchlt hat.<\/p>\n<p><strong>Das Set beinhaltet:<\/strong><br \/>\n\t1.\tShampoo (500 ml)<br \/>\nSanfte Reinigung mit Wiederaufbaueffekt. Befreit Haar und Kopfhaut von R\u00fcckst\u00e4nden, bereitet optimal auf die Tiefenpflege vor und st\u00e4rkt die Haarstruktur von Beginn an.<br \/>\n\t2.\tReconstructor (500 ml)<br \/>\nDer leistungsstarke Wiederaufbauer dringt tief in das Haar ein, versorgt es mit wertvollen Aminos\u00e4uren und repariert besch\u00e4digte Fasern von innen heraus. Besonders wirksam bei stark beanspruchtem, gummiartigem Haar.<br \/>\n\t3.\tCuticle Repair (500 ml)<br \/>\nVersiegelt die Schuppenschicht, sch\u00fctzt vor Feuchtigkeitsverlust und sorgt f\u00fcr ein seidiges Finish. Mit pflegender Sheabutter f\u00fcr extra Geschmeidigkeit und Glanz.<\/p>\n<p><strong>Ideal f\u00fcr:<\/strong><br \/>\n\t\u2022\tBlondiertes oder chemisch behandeltes Haar<br \/>\n\t\u2022\tGummiartiges, spr\u00f6des oder elastisch \u00fcberdehntes Haar<br \/>\n\t\u2022\tKunden, die eine sofortige Tiefenreparatur w\u00fcnschen<\/p>\n<p>Professionelle Salonqualit\u00e4t \u2013 f\u00fcr gesunde, kr\u00e4ftige und strahlend sch\u00f6ne Haare ab der ersten Anwendung.<\/p>\n<p><strong>VORSICHTSMASSNAHMEN:<\/strong>  \u00c4u\u00dferliche  Anwendung.  Bei  Augenkontakt  mit  viel  Wasser  sp\u00fclen.  Bei  Reizung  die  Anwendung  abbrechen  und  \u00e4rztlichen  Rat  einholen.  Von  Kindern  fern  halten.  Lagern  Sie  das  Produkt  bei  Raumtemperatur  und  vor  Licht  gesch\u00fctzt  lagern.<\/p>\n<p><strong>!!!Achtung!!!<\/strong><br \/>\nTOP HAIR COSMETICS<br \/>\nsind Produkte f\u00fcr den professionellen Gebrauch.Wir ber\u00fccksichtigen keine Reklamationen!<\/p>\n<\/div>\n<\/div><\/div><\/div><\/div><div id=\"pg-2294-1\"  class=\"panel-grid panel-no-style\" ><div id=\"pgc-2294-1-0\"  class=\"panel-grid-cell\" ><div id=\"panel-2294-1-0-0\" class=\"so-panel widget widget_echelonso-eso-slider panel-first-child panel-last-child\" data-index=\"1\" ><div class=\"slider-product-video panel-widget-style panel-widget-style-for-2294-1-0-0\" ><div\n\t\t\t\n\t\t\tclass=\"so-widget-echelonso-eso-slider so-widget-echelonso-eso-slider-default-4333943d95ad-2294\"\n\t\t\t\n\t\t>\r\n    <div uk-slider=\"center: true; autoplay: true; autoplay-interval: 6000; clsActivated: eso\" tabindex=\"-1\">\r\n\r\n        <div class=\"uk-position-relative\">\r\n\r\n            <div  class=\"uk-slider-container\">\r\n\r\n                <div class=\"uk-slider-items uk-grid eso-slider-items-class uk-child-width-1-1 uk-child-width-1-1 uk-child-width-1-1 uk-child-width-1-1\">\r\n                                            <div>\r\n                            <div id=\"pl-w8d745e77\"  class=\"panel-layout\" ><div id=\"pg-w8d745e77-0\"  class=\"panel-grid panel-no-style\" ><div id=\"pgc-w8d745e77-0-0\"  class=\"panel-grid-cell\" ><div id=\"panel-w8d745e77-0-0-0\" class=\"so-panel widget widget_media_video panel-first-child panel-last-child\" data-index=\"0\" ><div class=\"panel-widget-style panel-widget-style-for-w8d745e77-0-0-0\" ><div style=\"width:100%;\" class=\"wp-video\"><video class=\"wp-video-shortcode\" id=\"video-2294-1\" preload=\"metadata\" controls=\"controls\"><source type=\"video\/mp4\" src=\"https:\/\/kosmetikbyemad.de\/wp-content\/uploads\/2022\/11\/WhatsApp-Video-2025-06-28-at-01.55.16.mp4?_=1\" \/><source type=\"video\/mp4\" src=\"https:\/\/kosmetikbyemad.de\/wp-content\/uploads\/2022\/11\/WhatsApp-Video-2025-06-28-at-01.55.16.mp4?_=1\" \/><a href=\"https:\/\/kosmetikbyemad.de\/wp-content\/uploads\/2022\/11\/WhatsApp-Video-2025-06-28-at-01.55.16.mp4\">https:\/\/kosmetikbyemad.de\/wp-content\/uploads\/2022\/11\/WhatsApp-Video-2025-06-28-at-01.55.16.mp4<\/a><\/video><\/div><\/div><\/div><\/div><\/div><\/div>                        <\/div>\r\n                                            <div>\r\n                            <div id=\"pl-w583ef311\"  class=\"panel-layout\" ><div id=\"pg-w583ef311-0\"  class=\"panel-grid panel-no-style\" ><div id=\"pgc-w583ef311-0-0\"  class=\"panel-grid-cell\" ><div id=\"panel-w583ef311-0-0-0\" class=\"so-panel widget widget_media_video panel-first-child panel-last-child\" data-index=\"0\" ><div class=\"panel-widget-style panel-widget-style-for-w583ef311-0-0-0\" ><div style=\"width:100%;\" class=\"wp-video\"><video class=\"wp-video-shortcode\" id=\"video-2294-2\" preload=\"metadata\" controls=\"controls\"><source type=\"video\/mp4\" src=\"https:\/\/kosmetikbyemad.de\/wp-content\/uploads\/2022\/11\/Solution.mp4?_=2\" \/><source type=\"video\/mp4\" src=\"https:\/\/kosmetikbyemad.de\/wp-content\/uploads\/2022\/11\/Solution.mp4?_=2\" \/><a href=\"https:\/\/kosmetikbyemad.de\/wp-content\/uploads\/2022\/11\/Solution.mp4\">https:\/\/kosmetikbyemad.de\/wp-content\/uploads\/2022\/11\/Solution.mp4<\/a><\/video><\/div><\/div><\/div><\/div><\/div><\/div>                        <\/div>\r\n                                            <div>\r\n                            <div id=\"pl-w12009314\"  class=\"panel-layout\" ><div id=\"pg-w12009314-0\"  class=\"panel-grid panel-no-style\" ><div id=\"pgc-w12009314-0-0\"  class=\"panel-grid-cell\" ><div id=\"panel-w12009314-0-0-0\" class=\"so-panel widget widget_media_video panel-first-child panel-last-child\" data-index=\"0\" ><div class=\"panel-widget-style panel-widget-style-for-w12009314-0-0-0\" ><div style=\"width:100%;\" class=\"wp-video\"><video class=\"wp-video-shortcode\" id=\"video-2294-3\" preload=\"metadata\" controls=\"controls\"><source type=\"video\/mp4\" src=\"https:\/\/kosmetikbyemad.de\/wp-content\/uploads\/2022\/11\/WhatsApp-Video-2023-11-14-at-02.13.18-1.mp4?_=3\" \/><source type=\"video\/mp4\" src=\"https:\/\/kosmetikbyemad.de\/wp-content\/uploads\/2022\/11\/WhatsApp-Video-2023-11-14-at-02.13.18-1.mp4?_=3\" \/><a href=\"https:\/\/kosmetikbyemad.de\/wp-content\/uploads\/2022\/11\/WhatsApp-Video-2023-11-14-at-02.13.18-1.mp4\">https:\/\/kosmetikbyemad.de\/wp-content\/uploads\/2022\/11\/WhatsApp-Video-2023-11-14-at-02.13.18-1.mp4<\/a><\/video><\/div><\/div><\/div><\/div><\/div><\/div>                        <\/div>\r\n                                            <div>\r\n                            <div id=\"pl-w0c03a73a\"  class=\"panel-layout\" ><div id=\"pg-w0c03a73a-0\"  class=\"panel-grid panel-no-style\" ><div id=\"pgc-w0c03a73a-0-0\"  class=\"panel-grid-cell\" ><div id=\"panel-w0c03a73a-0-0-0\" class=\"so-panel widget widget_media_video panel-first-child panel-last-child\" data-index=\"0\" ><div class=\"panel-widget-style panel-widget-style-for-w0c03a73a-0-0-0\" ><div style=\"width:100%;\" class=\"wp-video\"><video class=\"wp-video-shortcode\" id=\"video-2294-4\" preload=\"metadata\" controls=\"controls\"><source type=\"video\/mp4\" src=\"https:\/\/kosmetikbyemad.de\/wp-content\/uploads\/2022\/11\/WhatsApp-Video-2023-11-14-at-02.13.18.mp4?_=4\" \/><source type=\"video\/mp4\" src=\"https:\/\/kosmetikbyemad.de\/wp-content\/uploads\/2022\/11\/WhatsApp-Video-2023-11-14-at-02.13.18.mp4?_=4\" \/><a href=\"https:\/\/kosmetikbyemad.de\/wp-content\/uploads\/2022\/11\/WhatsApp-Video-2023-11-14-at-02.13.18.mp4\">https:\/\/kosmetikbyemad.de\/wp-content\/uploads\/2022\/11\/WhatsApp-Video-2023-11-14-at-02.13.18.mp4<\/a><\/video><\/div><\/div><\/div><\/div><\/div><\/div>                        <\/div>\r\n                                    <\/div>\r\n\r\n            <\/div>\r\n\r\n                            <a class=\"uk-slidenav uk-position-center-left-out eso eso uk-hidden-touch\" href=\"#\" uk-slidenav-previous uk-slider-item=\"previous\"><\/a>\r\n                <a class=\"uk-slidenav uk-position-center-right-out eso eso uk-hidden-touch\" href=\"#\" uk-slidenav-next uk-slider-item=\"next\"><\/a>\r\n            \r\n        <\/div>\r\n\r\n                    <ul class=\"uk-slider-nav uk-dotnav uk-flex-center\"><\/ul>\r\n        \r\n    <\/div>\r\n\r\n<\/div><\/div><\/div><\/div><\/div><\/div>","protected":false},"excerpt":{"rendered":"<p>Top Hair Solution<\/p>","protected":false},"featured_media":2683,"comment_status":"open","ping_status":"closed","template":"","meta":[],"product_brand":[],"product_cat":[201,50],"product_tag":[210,106,171,209],"class_list":{"0":"post-2294","1":"product","2":"type-product","3":"status-publish","4":"has-post-thumbnail","6":"product_cat-solution-repier","7":"product_cat-top-hair","8":"product_tag-conditioner","9":"product_tag-haarpflegprodukte","10":"product_tag-pflage-produkt","11":"product_tag-shampoo","12":"product_shipping_class-package","14":"first","15":"instock","16":"sale","17":"taxable","18":"shipping-taxable","19":"purchasable","20":"product-type-simple"},"jetpack_sharing_enabled":true,"_links":{"self":[{"href":"https:\/\/kosmetikbyemad.de\/en\/wp-json\/wp\/v2\/product\/2294","targetHints":{"allow":["GET"]}}],"collection":[{"href":"https:\/\/kosmetikbyemad.de\/en\/wp-json\/wp\/v2\/product"}],"about":[{"href":"https:\/\/kosmetikbyemad.de\/en\/wp-json\/wp\/v2\/types\/product"}],"replies":[{"embeddable":true,"href":"https:\/\/kosmetikbyemad.de\/en\/wp-json\/wp\/v2\/comments?post=2294"}],"wp:featuredmedia":[{"embeddable":true,"href":"https:\/\/kosmetikbyemad.de\/en\/wp-json\/wp\/v2\/media\/2683"}],"wp:attachment":[{"href":"https:\/\/kosmetikbyemad.de\/en\/wp-json\/wp\/v2\/media?parent=2294"}],"wp:term":[{"taxonomy":"product_brand","embeddable":true,"href":"https:\/\/kosmetikbyemad.de\/en\/wp-json\/wp\/v2\/product_brand?post=2294"},{"taxonomy":"product_cat","embeddable":true,"href":"https:\/\/kosmetikbyemad.de\/en\/wp-json\/wp\/v2\/product_cat?post=2294"},{"taxonomy":"product_tag","embeddable":true,"href":"https:\/\/kosmetikbyemad.de\/en\/wp-json\/wp\/v2\/product_tag?post=2294"}],"curies":[{"name":"wp","href":"https:\/\/api.w.org\/{rel}","templated":true}]}}