{"id":2650,"date":"2023-11-14T00:34:17","date_gmt":"2023-11-13T23:34:17","guid":{"rendered":"https:\/\/kosmetikbyemad.de\/?post_type=product&#038;p=2650"},"modified":"2026-03-13T10:33:22","modified_gmt":"2026-03-13T09:33:22","slug":"deep-cleaning-tiefenreinigendes-clarifying-shampoo-500-ml","status":"publish","type":"product","link":"https:\/\/kosmetikbyemad.de\/en\/product\/deep-cleaning-tiefenreinigendes-clarifying-shampoo-500-ml\/","title":{"rendered":"Deep Cleaning Tiefenreinigendes Clarifying Shampoo 500 ml"},"content":{"rendered":"<div id=\"pl-2650\"  class=\"panel-layout\" ><div id=\"pg-2650-0\"  class=\"panel-grid panel-no-style\" ><div id=\"pgc-2650-0-0\"  class=\"panel-grid-cell\" ><div id=\"panel-2650-0-0-0\" class=\"so-panel widget widget_sow-editor panel-first-child\" data-index=\"0\" ><div\n\t\t\t\n\t\t\tclass=\"so-widget-sow-editor so-widget-sow-editor-base\"\n\t\t\t\n\t\t>\n<div class=\"siteorigin-widget-tinymce textwidget\">\n\t<p><strong>Deep Cleaning<\/strong> \u2013 Tiefenreinigendes Clarifying Shampoo \u00a0500 ml<\/p>\n<p><strong>Bereite<\/strong> dein Haar optimal auf eine Haarbehandlung vor \u2013 mit dem Deep Cleaning Clarifying Shampoo von TopHair Cosmetics.<\/p>\n<p><strong>Dieses<\/strong> Tiefenreinigungsshampoo \u00f6ffnet gezielt die Schuppenschicht des Haares, um es ideal auf nachfolgende Behandlungen wie z.\u202fB. Keratin- oder Proteinbehandlungen vorzubereiten.<\/p>\n<p><strong>Dank<\/strong> der wirksamen Kombination aus Gr\u00fcntee-Extrakt und Aloe Vera entfernt es zuverl\u00e4ssig alle R\u00fcckst\u00e4nde von Stylingprodukten, Talg und Umweltverschmutzungen. Gleichzeitig wird das Haar getrocknet, um die Aufnahme von pflegenden Proteinen zu maximieren.<\/p>\n<p><strong>Vorteile:<\/strong><\/p>\n<p>\u2705 \u00d6ffnet die Schuppenschicht f\u00fcr maximale Proteinaufnahme<br \/>\n\u2705 Reinigt tiefenwirksam \u2013 entfernt Schmutz, \u00d6l und Produktreste<br \/>\n\u2705 Bereitet das Haar auf Gl\u00e4ttungen oder andere Treatments vor<br \/>\n\u2705 Kontrolliert die Schuppenschicht, um Haarstruktur-Sch\u00e4den zu vermeiden<\/p>\n<p><strong>*** ACHTUNG! ***<\/strong><\/p>\n<p>TOP HAIR COSMETICS<br \/>\nDie Produkte sind f\u00fcr den Professionellen Gebrauch. Wir ber\u00fccksichtigen keine Reklamationen!<\/p>\n<\/div>\n<\/div><\/div><div id=\"panel-2650-0-0-1\" class=\"so-panel widget widget_echelonso-eso-video panel-last-child\" data-index=\"1\" ><div\n\t\t\t\n\t\t\tclass=\"so-widget-echelonso-eso-video so-widget-echelonso-eso-video-default-d75171398898-2650\"\n\t\t\t\n\t\t>    <video style=\"max-width: 100%;\" src=\"https:\/\/kosmetikbyemad.de\/wp-content\/uploads\/2023\/11\/WhatsApp-Video-2025-06-29-at-01.56.23.mp4\" uk-video=\"autoplay: inview\" eso muted loop playsinline><\/video>\r\n<\/div><\/div><\/div><\/div><div id=\"pg-2650-1\"  class=\"panel-grid panel-no-style\" ><div id=\"pgc-2650-1-0\"  class=\"panel-grid-cell panel-grid-cell-empty\" ><\/div><\/div><\/div>","protected":false},"excerpt":{"rendered":"<p>exklusiven Kombinationen Green tea + Aloe vera ausgew\u00e4hlt wurde, die zu einer Kontrolle der Erweiterung der Nagelhaut f\u00fchren und Aggressionen in der Kapillarstruktur verhindern.<\/p>","protected":false},"featured_media":3182,"comment_status":"open","ping_status":"closed","template":"","meta":[],"product_brand":[],"product_cat":[233,50],"product_tag":[109,111,110],"class_list":{"0":"post-2650","1":"product","2":"type-product","3":"status-publish","4":"has-post-thumbnail","6":"product_cat-deep-cleaning-shampoo","7":"product_cat-top-hair","8":"product_tag-clarifying-shampoo","9":"product_tag-reinigendes-shampoo","10":"product_tag-sulfat-frei","11":"product_shipping_class-package","13":"first","14":"instock","15":"taxable","16":"shipping-taxable","17":"purchasable","18":"product-type-simple"},"jetpack_sharing_enabled":true,"_links":{"self":[{"href":"https:\/\/kosmetikbyemad.de\/en\/wp-json\/wp\/v2\/product\/2650","targetHints":{"allow":["GET"]}}],"collection":[{"href":"https:\/\/kosmetikbyemad.de\/en\/wp-json\/wp\/v2\/product"}],"about":[{"href":"https:\/\/kosmetikbyemad.de\/en\/wp-json\/wp\/v2\/types\/product"}],"replies":[{"embeddable":true,"href":"https:\/\/kosmetikbyemad.de\/en\/wp-json\/wp\/v2\/comments?post=2650"}],"wp:featuredmedia":[{"embeddable":true,"href":"https:\/\/kosmetikbyemad.de\/en\/wp-json\/wp\/v2\/media\/3182"}],"wp:attachment":[{"href":"https:\/\/kosmetikbyemad.de\/en\/wp-json\/wp\/v2\/media?parent=2650"}],"wp:term":[{"taxonomy":"product_brand","embeddable":true,"href":"https:\/\/kosmetikbyemad.de\/en\/wp-json\/wp\/v2\/product_brand?post=2650"},{"taxonomy":"product_cat","embeddable":true,"href":"https:\/\/kosmetikbyemad.de\/en\/wp-json\/wp\/v2\/product_cat?post=2650"},{"taxonomy":"product_tag","embeddable":true,"href":"https:\/\/kosmetikbyemad.de\/en\/wp-json\/wp\/v2\/product_tag?post=2650"}],"curies":[{"name":"wp","href":"https:\/\/api.w.org\/{rel}","templated":true}]}}