{"id":2754,"date":"2024-01-11T07:42:29","date_gmt":"2024-01-11T06:42:29","guid":{"rendered":"https:\/\/kosmetikbyemad.de\/?post_type=product&#038;p=2754"},"modified":"2025-11-11T12:11:21","modified_gmt":"2025-11-11T11:11:21","slug":"2-stueck-wieder-verwendbare-ohr-abdeckung-haar-faerbemittel-schuetzen","status":"publish","type":"product","link":"https:\/\/kosmetikbyemad.de\/en\/product\/2-stueck-wieder-verwendbare-ohr-abdeckung-haar-faerbemittel-schuetzen\/","title":{"rendered":"2 St\u00fcck wieder verwendbare Ohr abdeckung Haar f\u00e4rbemittel sch\u00fctzen"},"content":{"rendered":"<p>100% nagelneu, hohe Qualit\u00e4t.<\/p>\n<p>Wasserdichte Ohren sch\u00fctzer.<\/p>\n<p>Geformt, um das Ohr zu passen.<br \/>\nUm Ihre Ohren vor dem Haar f\u00e4rbemittel oder Wasser zu sch\u00fctzen, w\u00e4hrend Lockens tab verwendet wird, und kann den L\u00e4rm reduzieren.<br \/>\nIdeal f\u00fcr den pers\u00f6nlichen Gebrauch zu Hause oder f\u00fcr den Friseur-Salon gebrauch.<\/p>\n<p>Tolles &#038; notwendiges Zubeh\u00f6r f\u00fcr Haar f\u00e4rbemittel.<\/p>","protected":false},"excerpt":{"rendered":"<p>100% nagelneu, hohe Qualit\u00e4t. Wasserdichte Ohren sch\u00fctzer. Geformt, um das Ohr zu passen. Um Ihre Ohren vor dem Haar f\u00e4rbemittel [&hellip;]<\/p>\n","protected":false},"featured_media":2759,"comment_status":"closed","ping_status":"closed","template":"","meta":[],"product_brand":[],"product_cat":[214],"product_tag":[],"class_list":{"0":"post-2754","1":"product","2":"type-product","3":"status-publish","4":"has-post-thumbnail","6":"product_cat-zubehoer","7":"product_shipping_class-package","9":"first","10":"instock","11":"sale","12":"taxable","13":"shipping-taxable","14":"purchasable","15":"product-type-simple"},"jetpack_sharing_enabled":true,"_links":{"self":[{"href":"https:\/\/kosmetikbyemad.de\/en\/wp-json\/wp\/v2\/product\/2754","targetHints":{"allow":["GET"]}}],"collection":[{"href":"https:\/\/kosmetikbyemad.de\/en\/wp-json\/wp\/v2\/product"}],"about":[{"href":"https:\/\/kosmetikbyemad.de\/en\/wp-json\/wp\/v2\/types\/product"}],"replies":[{"embeddable":true,"href":"https:\/\/kosmetikbyemad.de\/en\/wp-json\/wp\/v2\/comments?post=2754"}],"wp:featuredmedia":[{"embeddable":true,"href":"https:\/\/kosmetikbyemad.de\/en\/wp-json\/wp\/v2\/media\/2759"}],"wp:attachment":[{"href":"https:\/\/kosmetikbyemad.de\/en\/wp-json\/wp\/v2\/media?parent=2754"}],"wp:term":[{"taxonomy":"product_brand","embeddable":true,"href":"https:\/\/kosmetikbyemad.de\/en\/wp-json\/wp\/v2\/product_brand?post=2754"},{"taxonomy":"product_cat","embeddable":true,"href":"https:\/\/kosmetikbyemad.de\/en\/wp-json\/wp\/v2\/product_cat?post=2754"},{"taxonomy":"product_tag","embeddable":true,"href":"https:\/\/kosmetikbyemad.de\/en\/wp-json\/wp\/v2\/product_tag?post=2754"}],"curies":[{"name":"wp","href":"https:\/\/api.w.org\/{rel}","templated":true}]}}