{"id":2780,"date":"2024-02-03T14:02:09","date_gmt":"2024-02-03T13:02:09","guid":{"rendered":"https:\/\/kosmetikbyemad.de\/?post_type=product&#038;p=2780"},"modified":"2025-09-23T01:36:50","modified_gmt":"2025-09-22T23:36:50","slug":"dk-comb-aluminumkamm","status":"publish","type":"product","link":"https:\/\/kosmetikbyemad.de\/en\/product\/dk-comb-aluminumkamm\/","title":{"rendered":"DK-Comb Aluminumkamm"},"content":{"rendered":"<div id=\"pl-2780\"  class=\"panel-layout\" ><div id=\"pg-2780-0\"  class=\"panel-grid panel-no-style\" ><div id=\"pgc-2780-0-0\"  class=\"panel-grid-cell\" ><div id=\"panel-2780-0-0-0\" class=\"so-panel widget widget_sow-editor panel-first-child panel-last-child\" data-index=\"0\" ><div\n\t\t\t\n\t\t\tclass=\"so-widget-sow-editor so-widget-sow-editor-base\"\n\t\t\t\n\t\t>\n<div class=\"siteorigin-widget-tinymce textwidget\">\n\t<p>Aus Aluminum, einem ultraleichten, aber sto\u00dffesten<br \/>Material<br \/>Fast unzerst\u00f6rbar und daher besonders nachhaltig und<br \/>wirtschaftlich<br \/>Genaue Bearbeitung der Z\u00e4hne, f\u00fcr schnelles und<br \/>einfaches Eindringen in das Haar<br \/>ldeal, ohne M\u00fcdigkeit die oft m\u00fchsamen Behandlungen<br \/>im Friseur Livre mit zwei Kohlenstofftrennklammern<br \/>durchzuf\u00fchren<\/p>\n<\/div>\n<\/div><\/div><\/div><\/div><\/div>","protected":false},"excerpt":{"rendered":"<p>Aus Aluminum, einem ultraleichten, aber sto\u00dffestenMaterialFast unzerst\u00f6rbar und daher besonders nachhaltig undwirtschaftlichGenaue Bearbeitung der Z\u00e4hne, f\u00fcr schnelles undeinfaches Eindringen in [&hellip;]<\/p>\n","protected":false},"featured_media":2781,"comment_status":"closed","ping_status":"closed","template":"","meta":[],"product_brand":[],"product_cat":[214],"product_tag":[],"class_list":{"0":"post-2780","1":"product","2":"type-product","3":"status-publish","4":"has-post-thumbnail","6":"product_cat-zubehoer","7":"product_shipping_class-package","8":"pa_color-gold","9":"pa_color-rose","10":"pa_color-black","12":"first","13":"instock","14":"sale","15":"taxable","16":"shipping-taxable","17":"purchasable","18":"product-type-variable"},"jetpack_sharing_enabled":true,"_links":{"self":[{"href":"https:\/\/kosmetikbyemad.de\/en\/wp-json\/wp\/v2\/product\/2780","targetHints":{"allow":["GET"]}}],"collection":[{"href":"https:\/\/kosmetikbyemad.de\/en\/wp-json\/wp\/v2\/product"}],"about":[{"href":"https:\/\/kosmetikbyemad.de\/en\/wp-json\/wp\/v2\/types\/product"}],"replies":[{"embeddable":true,"href":"https:\/\/kosmetikbyemad.de\/en\/wp-json\/wp\/v2\/comments?post=2780"}],"wp:featuredmedia":[{"embeddable":true,"href":"https:\/\/kosmetikbyemad.de\/en\/wp-json\/wp\/v2\/media\/2781"}],"wp:attachment":[{"href":"https:\/\/kosmetikbyemad.de\/en\/wp-json\/wp\/v2\/media?parent=2780"}],"wp:term":[{"taxonomy":"product_brand","embeddable":true,"href":"https:\/\/kosmetikbyemad.de\/en\/wp-json\/wp\/v2\/product_brand?post=2780"},{"taxonomy":"product_cat","embeddable":true,"href":"https:\/\/kosmetikbyemad.de\/en\/wp-json\/wp\/v2\/product_cat?post=2780"},{"taxonomy":"product_tag","embeddable":true,"href":"https:\/\/kosmetikbyemad.de\/en\/wp-json\/wp\/v2\/product_tag?post=2780"}],"curies":[{"name":"wp","href":"https:\/\/api.w.org\/{rel}","templated":true}]}}