{"id":2928,"date":"2024-06-16T23:30:11","date_gmt":"2024-06-16T21:30:11","guid":{"rendered":"https:\/\/kosmetikbyemad.de\/?post_type=product&#038;p=2928"},"modified":"2026-04-01T23:41:05","modified_gmt":"2026-04-01T21:41:05","slug":"solution-home-care","status":"publish","type":"product","link":"https:\/\/kosmetikbyemad.de\/en\/product\/solution-home-care\/","title":{"rendered":"Solution Home Care"},"content":{"rendered":"<div id=\"pl-2928\"  class=\"panel-layout\" ><div id=\"pg-2928-0\"  class=\"panel-grid panel-no-style\" ><div id=\"pgc-2928-0-0\"  class=\"panel-grid-cell\" ><div id=\"panel-2928-0-0-0\" class=\"so-panel widget widget_sow-editor panel-first-child\" data-index=\"0\" ><div\n\t\t\t\n\t\t\tclass=\"so-widget-sow-editor so-widget-sow-editor-base\"\n\t\t\t\n\t\t>\n<div class=\"siteorigin-widget-tinymce textwidget\">\n\t<p>Beleben Sie Ihr Haar mit Solution Hair Care.<br \/>\nUnser Shampoo, Conditioner und Maske sind das ultimative Trio f\u00fcr strapaziertes Haar.<br \/>\nSie rekonstruieren die besch\u00e4digte Faser und bilden einen Schutzfilm, der f\u00fcr zuk\u00fcnftige St\u00e4rke sorgt.<br \/>\nWeiches, gl\u00e4nzendes Haar, das sich leicht und gesund anf\u00fchlt.<\/p>\n<p>Das Solution Shampoo wurde mit Kokosnuss, Argan, Panthenol, Aloe Vera und Ricin entwickelt, das das Haar sanft reinigt und es weich, hydratisiert, gl\u00e4nzend und formbar macht.<\/p>\n<p>Der Solution Conditioner ist ein feuchtigkeitsspendender, pflegender und weichmachender Komplex. Es ist angereichert mit Kokosnuss, Argan\u00f6l, Panthenol und Aloe Vera, die Feuchtigkeit spenden und n\u00e4hren. Angezeigt f\u00fcr chemisch behandeltes Haar.<\/p>\n<p>TOP HAIR COSMETICS<br \/>\nsind Produkte f\u00fcr den professionellen Gebrauch.Wir ber\u00fccksichtigen keine Reklamationen!<\/p>\n<\/div>\n<\/div><\/div><div id=\"panel-2928-0-0-1\" class=\"so-panel widget widget_echelonso-eso-slider panel-last-child\" data-index=\"1\" ><div class=\"slider-product-video panel-widget-style panel-widget-style-for-2928-0-0-1\" ><div\n\t\t\t\n\t\t\tclass=\"so-widget-echelonso-eso-slider so-widget-echelonso-eso-slider-default-4333943d95ad-2928\"\n\t\t\t\n\t\t>\r\n    <div uk-slider=\"center: true; autoplay: true; autoplay-interval: 6000; clsActivated: uk-transition-active\" tabindex=\"-1\">\r\n\r\n        <div class=\"uk-position-relative\">\r\n\r\n            <div uk-lightbox class=\"uk-slider-container\">\r\n\r\n                <div class=\"uk-slider-items uk-grid eso-slider-items-class uk-child-width-1-1 uk-child-width-1-1 uk-child-width-1-1 uk-child-width-1-1\">\r\n                                            <div>\r\n                            <div id=\"pl-w1a4b50e1\"  class=\"panel-layout\" ><div id=\"pg-w1a4b50e1-0\"  class=\"panel-grid panel-no-style\" ><div id=\"pgc-w1a4b50e1-0-0\"  class=\"panel-grid-cell\" ><div id=\"panel-w1a4b50e1-0-0-0\" class=\"so-panel widget widget_echelonso-eso-video panel-first-child panel-last-child\" data-index=\"0\" ><div class=\"panel-widget-style panel-widget-style-for-w1a4b50e1-0-0-0\" ><div\n\t\t\t\n\t\t\tclass=\"so-widget-echelonso-eso-video so-widget-echelonso-eso-video-default-d75171398898\"\n\t\t\t\n\t\t>    <video style=\"max-width: 100%;\" src=\"https:\/\/kosmetikbyemad.de\/wp-content\/uploads\/2024\/06\/Solution-video3.mp4\" uk-video=\"autoplay: inview\" eso muted loop playsinline><\/video>\r\n<\/div><\/div><\/div><\/div><\/div><\/div>                        <\/div>\r\n                                            <div>\r\n                            <div id=\"pl-wb5a51c30\"  class=\"panel-layout\" ><div id=\"pg-wb5a51c30-0\"  class=\"panel-grid panel-no-style\" ><div id=\"pgc-wb5a51c30-0-0\"  class=\"panel-grid-cell\" ><div id=\"panel-wb5a51c30-0-0-0\" class=\"so-panel widget widget_echelonso-eso-video panel-first-child panel-last-child\" data-index=\"0\" ><div class=\"panel-widget-style panel-widget-style-for-wb5a51c30-0-0-0\" ><div\n\t\t\t\n\t\t\tclass=\"so-widget-echelonso-eso-video so-widget-echelonso-eso-video-default-d75171398898\"\n\t\t\t\n\t\t>    <video style=\"max-width: 100%;\" src=\"https:\/\/kosmetikbyemad.de\/wp-content\/uploads\/2024\/06\/Solution-video2.mp4\" uk-video=\"autoplay: inview\" eso muted loop playsinline><\/video>\r\n<\/div><\/div><\/div><\/div><\/div><\/div>                        <\/div>\r\n                                            <div>\r\n                            <div id=\"pl-wbc99d497\"  class=\"panel-layout\" ><div id=\"pg-wbc99d497-0\"  class=\"panel-grid panel-no-style\" ><div id=\"pgc-wbc99d497-0-0\"  class=\"panel-grid-cell\" ><div id=\"panel-wbc99d497-0-0-0\" class=\"so-panel widget widget_echelonso-eso-video panel-first-child panel-last-child\" data-index=\"0\" ><div class=\"panel-widget-style panel-widget-style-for-wbc99d497-0-0-0\" ><div\n\t\t\t\n\t\t\tclass=\"so-widget-echelonso-eso-video so-widget-echelonso-eso-video-default-d75171398898\"\n\t\t\t\n\t\t>    <video style=\"max-width: 100%;\" src=\"https:\/\/kosmetikbyemad.de\/wp-content\/uploads\/2024\/06\/Solution-video1.mp4\" uk-video=\"autoplay: inview\" eso muted loop playsinline><\/video>\r\n<\/div><\/div><\/div><\/div><\/div><\/div>                        <\/div>\r\n                                    <\/div>\r\n\r\n            <\/div>\r\n\r\n                            <a class=\"uk-slidenav uk-position-center-left-out eso uk-hidden-hover uk-hidden-touch\" href=\"#\" uk-slidenav-previous uk-slider-item=\"previous\"><\/a>\r\n                <a class=\"uk-slidenav uk-position-center-right-out eso uk-hidden-hover uk-hidden-touch\" href=\"#\" uk-slidenav-next uk-slider-item=\"next\"><\/a>\r\n            \r\n        <\/div>\r\n\r\n                    <ul class=\"uk-slider-nav uk-dotnav uk-flex-center\"><\/ul>\r\n        \r\n    <\/div>\r\n\r\n<\/div><\/div><\/div><\/div><\/div><div id=\"pg-2928-1\"  class=\"panel-grid panel-no-style\" ><div id=\"pgc-2928-1-0\"  class=\"panel-grid-cell panel-grid-cell-empty\" ><\/div><\/div><\/div>","protected":false},"excerpt":{"rendered":"<p>Solution Home Care <\/p>","protected":false},"featured_media":2935,"comment_status":"open","ping_status":"closed","template":"","meta":[],"product_brand":[],"product_cat":[216,50],"product_tag":[],"class_list":{"0":"post-2928","1":"product","2":"type-product","3":"status-publish","4":"has-post-thumbnail","6":"product_cat-solution-home-care","7":"product_cat-top-hair","8":"product_shipping_class-package","10":"first","11":"instock","12":"sale","13":"taxable","14":"shipping-taxable","15":"purchasable","16":"product-type-simple"},"jetpack_sharing_enabled":true,"_links":{"self":[{"href":"https:\/\/kosmetikbyemad.de\/en\/wp-json\/wp\/v2\/product\/2928","targetHints":{"allow":["GET"]}}],"collection":[{"href":"https:\/\/kosmetikbyemad.de\/en\/wp-json\/wp\/v2\/product"}],"about":[{"href":"https:\/\/kosmetikbyemad.de\/en\/wp-json\/wp\/v2\/types\/product"}],"replies":[{"embeddable":true,"href":"https:\/\/kosmetikbyemad.de\/en\/wp-json\/wp\/v2\/comments?post=2928"}],"wp:featuredmedia":[{"embeddable":true,"href":"https:\/\/kosmetikbyemad.de\/en\/wp-json\/wp\/v2\/media\/2935"}],"wp:attachment":[{"href":"https:\/\/kosmetikbyemad.de\/en\/wp-json\/wp\/v2\/media?parent=2928"}],"wp:term":[{"taxonomy":"product_brand","embeddable":true,"href":"https:\/\/kosmetikbyemad.de\/en\/wp-json\/wp\/v2\/product_brand?post=2928"},{"taxonomy":"product_cat","embeddable":true,"href":"https:\/\/kosmetikbyemad.de\/en\/wp-json\/wp\/v2\/product_cat?post=2928"},{"taxonomy":"product_tag","embeddable":true,"href":"https:\/\/kosmetikbyemad.de\/en\/wp-json\/wp\/v2\/product_tag?post=2928"}],"curies":[{"name":"wp","href":"https:\/\/api.w.org\/{rel}","templated":true}]}}