{"id":3047,"date":"2024-09-02T01:17:35","date_gmt":"2024-09-01T23:17:35","guid":{"rendered":"https:\/\/kosmetikbyemad.de\/?post_type=product&#038;p=3047"},"modified":"2026-04-09T23:11:33","modified_gmt":"2026-04-09T21:11:33","slug":"premium-hair-smooth-protein-keratin-glaettungsbehandlung-ohne-formaldehyd-120-ml","status":"publish","type":"product","link":"https:\/\/kosmetikbyemad.de\/en\/product\/premium-hair-smooth-protein-keratin-glaettungsbehandlung-ohne-formaldehyd-120-ml\/","title":{"rendered":"Top Hair Premium Hair Smooth \u2013 Organische Proteingl\u00e4ttung 120 ML"},"content":{"rendered":"<div id=\"pl-3047\"  class=\"panel-layout\" ><div id=\"pg-3047-0\"  class=\"panel-grid panel-no-style\" ><div id=\"pgc-3047-0-0\"  class=\"panel-grid-cell\" ><div id=\"panel-3047-0-0-0\" class=\"so-panel widget widget_sow-editor panel-first-child panel-last-child\" data-index=\"0\" ><div\n\t\t\t\n\t\t\tclass=\"so-widget-sow-editor so-widget-sow-editor-base\"\n\t\t\t\n\t\t>\n<div class=\"siteorigin-widget-tinymce textwidget\">\n\t<p>Top Hair Premium Hair Smooth \u2013 Organische Proteingl\u00e4ttung aus Brasilien (120\u202fml & 1\u202fL)<br \/>\nProfessionelle Gl\u00e4ttung mit Anti-Frizz-Effekt \u2013 ganz ohne Formaldehyd<\/p>\n<p>Erlebe geschmeidiges, gl\u00e4nzendes und gesund aussehendes Haar mit der TopHair Premium Hair Smooth Proteingl\u00e4ttung \u2013 direkt aus Brasilien. Diese organische Formel ist speziell entwickelt worden, um Frizz effektiv zu reduzieren und das Haar dauerhaft zu gl\u00e4tten \u2013 und das ganz ohne den Einsatz von sch\u00e4dlichem Formaldehyd.<\/p>\n<p>Highlights:<br \/>\n\t\u2022\t\u2705 Formaldehydfrei \u2013 schonend f\u00fcr Haar und Gesundheit<br \/>\n\t\u2022\t\ud83c\udf3f 100\u202f% organische Wirkstoffe<br \/>\n\t\u2022\t\ud83d\udca7 Mit Kollagen, Ojon-\u00d6l & Kaviarextrakt<br \/>\n\t\u2022\t\u2728 Zero Frizz \u2013 sichtbar glatteres Haar ab der ersten Anwendung<br \/>\n\t\u2022\t\ud83d\udcbc Professionelle Anwendung im Salon oder zu Hause<br \/>\n\t\u2022\t\ud83d\udd04 F\u00fcr alle Haartypen geeignet<\/p>\n<p>Diese Gl\u00e4ttungspflege st\u00e4rkt die Haarstruktur von innen heraus, spendet intensive Feuchtigkeit und sorgt f\u00fcr langanhaltende Gl\u00e4tte \u2013 ganz ohne das Haar zu beschweren. Perfekt f\u00fcr Kund:innen, die auf der Suche nach einer nat\u00fcrlichen, effektiven Alternative zur chemischen Gl\u00e4ttung sind.<\/p>\n<p>Verf\u00fcgbare Gr\u00f6\u00dfen:<br \/>\n\t\u2022\t120\u202fml \u2013 ideal f\u00fcr den Einstieg oder einzelne Anwendungen<br \/>\n\t\u2022\t1\u202fL \u2013 f\u00fcr den professionellen Einsatz im Salon<\/p>\n<p>Nach der Behandlung empfiehlt sich die Verwendung des Leblon Set,Essential Set Oder Total Repair es verl\u00e4ngert die Wirkung der Behandlung um mehrere Monate. Aufgrund der gleichen Wirkstoffe erg\u00e4nzen sie die Kortexschicht, den interzellul\u00e4ren Zement und die Haarkutikula.<\/p>\n<p>Vorsichtsma\u00dfnahmen: Von Kindern fernhalten. Vor Licht, \u00fcberm\u00e4\u00dfiger Hitze und Feuchtigkeit sch\u00fctzen. Kontakt mit Augen, Mund und Schleimh\u00e4uten vermeiden. Bei Allergien die Anwendung abbrechen.<\/p>\n<p>*** ACHTUNG! ***<br \/>\nTOP HAIR COSMETICS<br \/>\nDie Produkte sind f\u00fcr den Professionellen Gebrauch. Wir ber\u00fccksichtigen keine Reklamationen!<\/p>\n<\/div>\n<\/div><\/div><\/div><\/div><div id=\"pg-3047-1\"  class=\"panel-grid panel-no-style\" ><div id=\"pgc-3047-1-0\"  class=\"panel-grid-cell\" ><div id=\"panel-3047-1-0-0\" class=\"so-panel widget widget_echelonso-eso-slider panel-first-child panel-last-child\" data-index=\"1\" ><div class=\"slider-product-video panel-widget-style panel-widget-style-for-3047-1-0-0\" ><div\n\t\t\t\n\t\t\tclass=\"so-widget-echelonso-eso-slider so-widget-echelonso-eso-slider-default-4333943d95ad-3047\"\n\t\t\t\n\t\t>\r\n    <div uk-slider=\"center: true; autoplay: true; autoplay-interval: 6000; clsActivated: eso\" tabindex=\"-1\">\r\n\r\n        <div class=\"uk-position-relative\">\r\n\r\n            <div  class=\"uk-slider-container\">\r\n\r\n                <div class=\"uk-slider-items uk-grid eso-slider-items-class uk-child-width-1-1 uk-child-width-1-1 uk-child-width-1-1 uk-child-width-1-1\">\r\n                                            <div>\r\n                            <div id=\"pl-w0f1d0382\"  class=\"panel-layout\" ><div id=\"pg-w0f1d0382-0\"  class=\"panel-grid panel-no-style\" ><div id=\"pgc-w0f1d0382-0-0\"  class=\"panel-grid-cell\" ><div id=\"panel-w0f1d0382-0-0-0\" class=\"so-panel widget widget_media_video panel-first-child panel-last-child\" data-index=\"0\" ><div class=\"panel-widget-style panel-widget-style-for-w0f1d0382-0-0-0\" ><div style=\"width:100%;\" class=\"wp-video\"><video class=\"wp-video-shortcode\" id=\"video-3047-1\" preload=\"metadata\" controls=\"controls\"><source type=\"video\/mp4\" src=\"https:\/\/kosmetikbyemad.de\/wp-content\/uploads\/2021\/04\/premium10.mp4?_=1\" \/><source type=\"video\/mp4\" src=\"https:\/\/kosmetikbyemad.de\/wp-content\/uploads\/2021\/04\/premium10.mp4?_=1\" \/><a href=\"https:\/\/kosmetikbyemad.de\/wp-content\/uploads\/2021\/04\/premium10.mp4\">https:\/\/kosmetikbyemad.de\/wp-content\/uploads\/2021\/04\/premium10.mp4<\/a><\/video><\/div><\/div><\/div><\/div><\/div><\/div>                        <\/div>\r\n                                            <div>\r\n                            <div id=\"pl-w8ca552e0\"  class=\"panel-layout\" ><div id=\"pg-w8ca552e0-0\"  class=\"panel-grid panel-no-style\" ><div id=\"pgc-w8ca552e0-0-0\"  class=\"panel-grid-cell\" ><div id=\"panel-w8ca552e0-0-0-0\" class=\"so-panel widget widget_media_video panel-first-child panel-last-child\" data-index=\"0\" ><div class=\"panel-widget-style panel-widget-style-for-w8ca552e0-0-0-0\" ><div style=\"width:100%;\" class=\"wp-video\"><video class=\"wp-video-shortcode\" id=\"video-3047-2\" preload=\"metadata\" controls=\"controls\"><source type=\"video\/mp4\" src=\"https:\/\/kosmetikbyemad.de\/wp-content\/uploads\/2021\/04\/premium9.mp4?_=2\" \/><source type=\"video\/mp4\" src=\"https:\/\/kosmetikbyemad.de\/wp-content\/uploads\/2021\/04\/premium9.mp4?_=2\" \/><a href=\"https:\/\/kosmetikbyemad.de\/wp-content\/uploads\/2021\/04\/premium9.mp4\">https:\/\/kosmetikbyemad.de\/wp-content\/uploads\/2021\/04\/premium9.mp4<\/a><\/video><\/div><\/div><\/div><\/div><\/div><\/div>                        <\/div>\r\n                                            <div>\r\n                            <div id=\"pl-wdd9dcb8f\"  class=\"panel-layout\" ><div id=\"pg-wdd9dcb8f-0\"  class=\"panel-grid panel-no-style\" ><div id=\"pgc-wdd9dcb8f-0-0\"  class=\"panel-grid-cell\" ><div id=\"panel-wdd9dcb8f-0-0-0\" class=\"so-panel widget widget_media_video panel-first-child panel-last-child\" data-index=\"0\" ><div class=\"panel-widget-style panel-widget-style-for-wdd9dcb8f-0-0-0\" ><div style=\"width:100%;\" class=\"wp-video\"><video class=\"wp-video-shortcode\" id=\"video-3047-3\" preload=\"metadata\" controls=\"controls\"><source type=\"video\/mp4\" src=\"https:\/\/kosmetikbyemad.de\/wp-content\/uploads\/2021\/04\/premium8.mp4?_=3\" \/><source type=\"video\/mp4\" src=\"https:\/\/kosmetikbyemad.de\/wp-content\/uploads\/2021\/04\/premium8.mp4?_=3\" \/><a href=\"https:\/\/kosmetikbyemad.de\/wp-content\/uploads\/2021\/04\/premium8.mp4\">https:\/\/kosmetikbyemad.de\/wp-content\/uploads\/2021\/04\/premium8.mp4<\/a><\/video><\/div><\/div><\/div><\/div><\/div><\/div>                        <\/div>\r\n                                            <div>\r\n                            <div id=\"pl-w5443ddfb\"  class=\"panel-layout\" ><div id=\"pg-w5443ddfb-0\"  class=\"panel-grid panel-no-style\" ><div id=\"pgc-w5443ddfb-0-0\"  class=\"panel-grid-cell\" ><div id=\"panel-w5443ddfb-0-0-0\" class=\"so-panel widget widget_media_video panel-first-child panel-last-child\" data-index=\"0\" ><div class=\"panel-widget-style panel-widget-style-for-w5443ddfb-0-0-0\" ><div style=\"width:100%;\" class=\"wp-video\"><video class=\"wp-video-shortcode\" id=\"video-3047-4\" preload=\"metadata\" controls=\"controls\"><source type=\"video\/mp4\" src=\"https:\/\/kosmetikbyemad.de\/wp-content\/uploads\/2021\/04\/premium7.mp4?_=4\" \/><source type=\"video\/mp4\" src=\"https:\/\/kosmetikbyemad.de\/wp-content\/uploads\/2021\/04\/premium7.mp4?_=4\" \/><a href=\"https:\/\/kosmetikbyemad.de\/wp-content\/uploads\/2021\/04\/premium7.mp4\">https:\/\/kosmetikbyemad.de\/wp-content\/uploads\/2021\/04\/premium7.mp4<\/a><\/video><\/div><\/div><\/div><\/div><\/div><\/div>                        <\/div>\r\n                                            <div>\r\n                            <div id=\"pl-w8dee6a29\"  class=\"panel-layout\" ><div id=\"pg-w8dee6a29-0\"  class=\"panel-grid panel-no-style\" ><div id=\"pgc-w8dee6a29-0-0\"  class=\"panel-grid-cell\" ><div id=\"panel-w8dee6a29-0-0-0\" class=\"so-panel widget widget_media_video panel-first-child panel-last-child\" data-index=\"0\" ><div class=\"panel-widget-style panel-widget-style-for-w8dee6a29-0-0-0\" ><div style=\"width:100%;\" class=\"wp-video\"><video class=\"wp-video-shortcode\" id=\"video-3047-5\" preload=\"metadata\" controls=\"controls\"><source type=\"video\/mp4\" src=\"https:\/\/kosmetikbyemad.de\/wp-content\/uploads\/2021\/04\/premium6.mp4?_=5\" \/><source type=\"video\/mp4\" src=\"https:\/\/kosmetikbyemad.de\/wp-content\/uploads\/2021\/04\/premium6.mp4?_=5\" \/><a href=\"https:\/\/kosmetikbyemad.de\/wp-content\/uploads\/2021\/04\/premium6.mp4\">https:\/\/kosmetikbyemad.de\/wp-content\/uploads\/2021\/04\/premium6.mp4<\/a><\/video><\/div><\/div><\/div><\/div><\/div><\/div>                        <\/div>\r\n                                            <div>\r\n                            <div id=\"pl-w1e2ac266\"  class=\"panel-layout\" ><div id=\"pg-w1e2ac266-0\"  class=\"panel-grid panel-no-style\" ><div id=\"pgc-w1e2ac266-0-0\"  class=\"panel-grid-cell\" ><div id=\"panel-w1e2ac266-0-0-0\" class=\"so-panel widget widget_media_video panel-first-child panel-last-child\" data-index=\"0\" ><div class=\"panel-widget-style panel-widget-style-for-w1e2ac266-0-0-0\" ><div style=\"width:100%;\" class=\"wp-video\"><video class=\"wp-video-shortcode\" id=\"video-3047-6\" preload=\"metadata\" controls=\"controls\"><source type=\"video\/mp4\" src=\"https:\/\/kosmetikbyemad.de\/wp-content\/uploads\/2021\/04\/premium5.mp4?_=6\" \/><source type=\"video\/mp4\" src=\"https:\/\/kosmetikbyemad.de\/wp-content\/uploads\/2021\/04\/premium5.mp4?_=6\" \/><a href=\"https:\/\/kosmetikbyemad.de\/wp-content\/uploads\/2021\/04\/premium5.mp4\">https:\/\/kosmetikbyemad.de\/wp-content\/uploads\/2021\/04\/premium5.mp4<\/a><\/video><\/div><\/div><\/div><\/div><\/div><\/div>                        <\/div>\r\n                                            <div>\r\n                            <div id=\"pl-w09dabe2a\"  class=\"panel-layout\" ><div id=\"pg-w09dabe2a-0\"  class=\"panel-grid panel-no-style\" ><div id=\"pgc-w09dabe2a-0-0\"  class=\"panel-grid-cell\" ><div id=\"panel-w09dabe2a-0-0-0\" class=\"so-panel widget widget_media_video panel-first-child panel-last-child\" data-index=\"0\" ><div class=\"panel-widget-style panel-widget-style-for-w09dabe2a-0-0-0\" ><div style=\"width:100%;\" class=\"wp-video\"><video class=\"wp-video-shortcode\" id=\"video-3047-7\" preload=\"metadata\" controls=\"controls\"><source type=\"video\/mp4\" src=\"https:\/\/kosmetikbyemad.de\/wp-content\/uploads\/2021\/04\/premium4.mp4?_=7\" \/><source type=\"video\/mp4\" src=\"https:\/\/kosmetikbyemad.de\/wp-content\/uploads\/2021\/04\/premium4.mp4?_=7\" \/><a href=\"https:\/\/kosmetikbyemad.de\/wp-content\/uploads\/2021\/04\/premium4.mp4\">https:\/\/kosmetikbyemad.de\/wp-content\/uploads\/2021\/04\/premium4.mp4<\/a><\/video><\/div><\/div><\/div><\/div><\/div><\/div>                        <\/div>\r\n                                            <div>\r\n                            <div id=\"pl-w74511a3d\"  class=\"panel-layout\" ><div id=\"pg-w74511a3d-0\"  class=\"panel-grid panel-no-style\" ><div id=\"pgc-w74511a3d-0-0\"  class=\"panel-grid-cell\" ><div id=\"panel-w74511a3d-0-0-0\" class=\"so-panel widget widget_media_video panel-first-child panel-last-child\" data-index=\"0\" ><div class=\"panel-widget-style panel-widget-style-for-w74511a3d-0-0-0\" ><div style=\"width:100%;\" class=\"wp-video\"><video class=\"wp-video-shortcode\" id=\"video-3047-8\" preload=\"metadata\" controls=\"controls\"><source type=\"video\/mp4\" src=\"https:\/\/kosmetikbyemad.de\/wp-content\/uploads\/2021\/04\/premium3.mp4?_=8\" \/><source type=\"video\/mp4\" src=\"https:\/\/kosmetikbyemad.de\/wp-content\/uploads\/2021\/04\/premium3.mp4?_=8\" \/><a href=\"https:\/\/kosmetikbyemad.de\/wp-content\/uploads\/2021\/04\/premium3.mp4\">https:\/\/kosmetikbyemad.de\/wp-content\/uploads\/2021\/04\/premium3.mp4<\/a><\/video><\/div><\/div><\/div><\/div><\/div><\/div>                        <\/div>\r\n                                            <div>\r\n                            <div id=\"pl-wc01509e2\"  class=\"panel-layout\" ><div id=\"pg-wc01509e2-0\"  class=\"panel-grid panel-no-style\" ><div id=\"pgc-wc01509e2-0-0\"  class=\"panel-grid-cell\" ><div id=\"panel-wc01509e2-0-0-0\" class=\"so-panel widget widget_media_video panel-first-child panel-last-child\" data-index=\"0\" ><div class=\"panel-widget-style panel-widget-style-for-wc01509e2-0-0-0\" ><div style=\"width:100%;\" class=\"wp-video\"><video class=\"wp-video-shortcode\" id=\"video-3047-9\" preload=\"metadata\" controls=\"controls\"><source type=\"video\/mp4\" src=\"https:\/\/kosmetikbyemad.de\/wp-content\/uploads\/2021\/04\/premium2.mp4?_=9\" \/><source type=\"video\/mp4\" src=\"https:\/\/kosmetikbyemad.de\/wp-content\/uploads\/2021\/04\/premium2.mp4?_=9\" \/><a href=\"https:\/\/kosmetikbyemad.de\/wp-content\/uploads\/2021\/04\/premium2.mp4\">https:\/\/kosmetikbyemad.de\/wp-content\/uploads\/2021\/04\/premium2.mp4<\/a><\/video><\/div><\/div><\/div><\/div><\/div><\/div>                        <\/div>\r\n                                            <div>\r\n                            <div id=\"pl-w5b1442ad\"  class=\"panel-layout\" ><div id=\"pg-w5b1442ad-0\"  class=\"panel-grid panel-no-style\" ><div id=\"pgc-w5b1442ad-0-0\"  class=\"panel-grid-cell\" ><div id=\"panel-w5b1442ad-0-0-0\" class=\"so-panel widget widget_media_video panel-first-child panel-last-child\" data-index=\"0\" ><div class=\"panel-widget-style panel-widget-style-for-w5b1442ad-0-0-0\" ><div style=\"width:100%;\" class=\"wp-video\"><video class=\"wp-video-shortcode\" id=\"video-3047-10\" preload=\"metadata\" controls=\"controls\"><source type=\"video\/mp4\" src=\"https:\/\/kosmetikbyemad.de\/wp-content\/uploads\/2021\/04\/premium11.mp4?_=10\" \/><source type=\"video\/mp4\" src=\"https:\/\/kosmetikbyemad.de\/wp-content\/uploads\/2021\/04\/premium11.mp4?_=10\" \/><a href=\"https:\/\/kosmetikbyemad.de\/wp-content\/uploads\/2021\/04\/premium11.mp4\">https:\/\/kosmetikbyemad.de\/wp-content\/uploads\/2021\/04\/premium11.mp4<\/a><\/video><\/div><\/div><\/div><\/div><\/div><\/div>                        <\/div>\r\n                                    <\/div>\r\n\r\n            <\/div>\r\n\r\n                            <a class=\"uk-slidenav uk-position-center-left-out eso eso uk-hidden-touch\" href=\"#\" uk-slidenav-previous uk-slider-item=\"previous\"><\/a>\r\n                <a class=\"uk-slidenav uk-position-center-right-out eso eso uk-hidden-touch\" href=\"#\" uk-slidenav-next uk-slider-item=\"next\"><\/a>\r\n            \r\n        <\/div>\r\n\r\n                    <ul class=\"uk-slider-nav uk-dotnav uk-flex-center\"><\/ul>\r\n        \r\n    <\/div>\r\n\r\n<\/div><\/div><\/div><\/div><\/div><\/div>","protected":false},"excerpt":{"rendered":"<p><strong>Premium Hair Smooth<\/strong> ist eine fortschrittliche Gl\u00e4ttungsbehandlung, die f\u00fcr eine umfassende Regeneration und Gl\u00e4ttung des Haares entwickelt wurde.<\/p>","protected":false},"featured_media":3524,"comment_status":"open","ping_status":"closed","template":"","meta":[],"product_brand":[],"product_cat":[220,50],"product_tag":[144,102,100,101,103,153],"class_list":{"0":"post-3047","1":"product","2":"type-product","3":"status-publish","4":"has-post-thumbnail","6":"product_cat-premium-protein-120-ml","7":"product_cat-top-hair","8":"product_tag-dauerhafthaarglaettung","9":"product_tag-haarglaettung","10":"product_tag-keratin","11":"product_tag-keratinglaettung","12":"product_tag-proteinglaettung","13":"product_tag-taninno","14":"product_shipping_class-package","16":"first","17":"instock","18":"sale","19":"taxable","20":"shipping-taxable","21":"purchasable","22":"product-type-simple"},"jetpack_sharing_enabled":true,"_links":{"self":[{"href":"https:\/\/kosmetikbyemad.de\/en\/wp-json\/wp\/v2\/product\/3047","targetHints":{"allow":["GET"]}}],"collection":[{"href":"https:\/\/kosmetikbyemad.de\/en\/wp-json\/wp\/v2\/product"}],"about":[{"href":"https:\/\/kosmetikbyemad.de\/en\/wp-json\/wp\/v2\/types\/product"}],"replies":[{"embeddable":true,"href":"https:\/\/kosmetikbyemad.de\/en\/wp-json\/wp\/v2\/comments?post=3047"}],"wp:featuredmedia":[{"embeddable":true,"href":"https:\/\/kosmetikbyemad.de\/en\/wp-json\/wp\/v2\/media\/3524"}],"wp:attachment":[{"href":"https:\/\/kosmetikbyemad.de\/en\/wp-json\/wp\/v2\/media?parent=3047"}],"wp:term":[{"taxonomy":"product_brand","embeddable":true,"href":"https:\/\/kosmetikbyemad.de\/en\/wp-json\/wp\/v2\/product_brand?post=3047"},{"taxonomy":"product_cat","embeddable":true,"href":"https:\/\/kosmetikbyemad.de\/en\/wp-json\/wp\/v2\/product_cat?post=3047"},{"taxonomy":"product_tag","embeddable":true,"href":"https:\/\/kosmetikbyemad.de\/en\/wp-json\/wp\/v2\/product_tag?post=3047"}],"curies":[{"name":"wp","href":"https:\/\/api.w.org\/{rel}","templated":true}]}}