{"id":3070,"date":"2024-09-02T02:58:29","date_gmt":"2024-09-02T00:58:29","guid":{"rendered":"https:\/\/kosmetikbyemad.de\/?post_type=product&#038;p=3070"},"modified":"2026-02-24T09:12:12","modified_gmt":"2026-02-24T08:12:12","slug":"essential-home-care","status":"publish","type":"product","link":"https:\/\/kosmetikbyemad.de\/en\/product\/essential-home-care\/","title":{"rendered":"Essential Home Care"},"content":{"rendered":"<div id=\"pl-3070\"  class=\"panel-layout\" ><div id=\"pg-3070-0\"  class=\"panel-grid panel-no-style\" ><div id=\"pgc-3070-0-0\"  class=\"panel-grid-cell\" ><div id=\"panel-3070-0-0-0\" class=\"so-panel widget widget_sow-editor panel-first-child panel-last-child\" data-index=\"0\" ><div\n\t\t\t\n\t\t\tclass=\"so-widget-sow-editor so-widget-sow-editor-base\"\n\t\t\t\n\t\t>\n<div class=\"siteorigin-widget-tinymce textwidget\">\n\t<p>Der Essential Hairline ist ideal, um das Haar zu revitalisieren und es st\u00e4rker, weicher und voller Leben zu machen<br \/>\nDie kraftvolle Kombination aus Murumuru-und Cupuacu-\u00d6len<br \/>\nZusammen sorgen diese \u00d6le f\u00fcr tiefe Feuchtigkeitsversorgung.<br \/>\nIntensive Ern\u00e4hrung, Schutz vor Sch\u00e4den und ein gesundes.<br \/>\ngl\u00e4nzendes Aussehen des Haars.<br \/>\nSulfatfrei,<br \/>\nEssential hat eine feuchtigkeitsspendende Formel, die die glatte Wirkung f\u00fcr viel l\u00e4nger f\u00f6rdert, reduziert Frizz und f\u00f6rdert Glanz.<\/p>\n<\/div>\n<\/div><\/div><\/div><\/div><div id=\"pg-3070-1\"  class=\"panel-grid panel-no-style\" ><div id=\"pgc-3070-1-0\"  class=\"panel-grid-cell\" ><div id=\"panel-3070-1-0-0\" class=\"so-panel widget widget_echelonso-eso-slider panel-first-child panel-last-child\" data-index=\"1\" ><div class=\"slider-product-video panel-widget-style panel-widget-style-for-3070-1-0-0\" ><div\n\t\t\t\n\t\t\tclass=\"so-widget-echelonso-eso-slider so-widget-echelonso-eso-slider-default-4333943d95ad-3070\"\n\t\t\t\n\t\t>\r\n    <div uk-slider=\"center: true; autoplay: true; autoplay-interval: 6000; clsActivated: uk-transition-active\" tabindex=\"-1\">\r\n\r\n        <div class=\"uk-position-relative\">\r\n\r\n            <div uk-lightbox class=\"uk-slider-container\">\r\n\r\n                <div class=\"uk-slider-items uk-grid eso-slider-items-class uk-child-width-1-1 uk-child-width-1-1 uk-child-width-1-1 uk-child-width-1-1\">\r\n                                            <div>\r\n                            <div id=\"pl-w0cfd4c5a\"  class=\"panel-layout\" ><div id=\"pg-w0cfd4c5a-0\"  class=\"panel-grid panel-no-style\" ><div id=\"pgc-w0cfd4c5a-0-0\"  class=\"panel-grid-cell\" ><div id=\"panel-w0cfd4c5a-0-0-0\" class=\"so-panel widget widget_echelonso-eso-video panel-first-child panel-last-child\" data-index=\"0\" ><div class=\"panel-widget-style panel-widget-style-for-w0cfd4c5a-0-0-0\" ><div\n\t\t\t\n\t\t\tclass=\"so-widget-echelonso-eso-video so-widget-echelonso-eso-video-default-d75171398898\"\n\t\t\t\n\t\t>    <video style=\"max-width: 100%;\" src=\"https:\/\/kosmetikbyemad.de\/wp-content\/uploads\/2024\/09\/WhatsApp-Video-2025-12-24-at-01.55.09.mp4\" uk-video=\"autoplay: inview\" eso muted loop playsinline><\/video>\r\n<\/div><\/div><\/div><\/div><\/div><\/div>                        <\/div>\r\n                                    <\/div>\r\n\r\n            <\/div>\r\n\r\n                            <a class=\"uk-slidenav uk-position-center-left-out eso uk-hidden-hover uk-hidden-touch\" href=\"#\" uk-slidenav-previous uk-slider-item=\"previous\"><\/a>\r\n                <a class=\"uk-slidenav uk-position-center-right-out eso uk-hidden-hover uk-hidden-touch\" href=\"#\" uk-slidenav-next uk-slider-item=\"next\"><\/a>\r\n            \r\n        <\/div>\r\n\r\n                    <ul class=\"uk-slider-nav uk-dotnav uk-flex-center\"><\/ul>\r\n        \r\n    <\/div>\r\n\r\n<\/div><\/div><\/div><\/div><\/div><\/div>","protected":false},"excerpt":{"rendered":"<p>Essential Home Care<\/p>","protected":false},"featured_media":3941,"comment_status":"open","ping_status":"closed","template":"","meta":[],"product_brand":[],"product_cat":[221,50],"product_tag":[],"class_list":{"0":"post-3070","1":"product","2":"type-product","3":"status-publish","4":"has-post-thumbnail","6":"product_cat-essential-home-care","7":"product_cat-top-hair","8":"product_shipping_class-package","10":"first","11":"instock","12":"sale","13":"taxable","14":"shipping-taxable","15":"purchasable","16":"product-type-simple"},"jetpack_sharing_enabled":true,"_links":{"self":[{"href":"https:\/\/kosmetikbyemad.de\/en\/wp-json\/wp\/v2\/product\/3070","targetHints":{"allow":["GET"]}}],"collection":[{"href":"https:\/\/kosmetikbyemad.de\/en\/wp-json\/wp\/v2\/product"}],"about":[{"href":"https:\/\/kosmetikbyemad.de\/en\/wp-json\/wp\/v2\/types\/product"}],"replies":[{"embeddable":true,"href":"https:\/\/kosmetikbyemad.de\/en\/wp-json\/wp\/v2\/comments?post=3070"}],"wp:featuredmedia":[{"embeddable":true,"href":"https:\/\/kosmetikbyemad.de\/en\/wp-json\/wp\/v2\/media\/3941"}],"wp:attachment":[{"href":"https:\/\/kosmetikbyemad.de\/en\/wp-json\/wp\/v2\/media?parent=3070"}],"wp:term":[{"taxonomy":"product_brand","embeddable":true,"href":"https:\/\/kosmetikbyemad.de\/en\/wp-json\/wp\/v2\/product_brand?post=3070"},{"taxonomy":"product_cat","embeddable":true,"href":"https:\/\/kosmetikbyemad.de\/en\/wp-json\/wp\/v2\/product_cat?post=3070"},{"taxonomy":"product_tag","embeddable":true,"href":"https:\/\/kosmetikbyemad.de\/en\/wp-json\/wp\/v2\/product_tag?post=3070"}],"curies":[{"name":"wp","href":"https:\/\/api.w.org\/{rel}","templated":true}]}}