{"id":3097,"date":"2024-09-16T13:40:15","date_gmt":"2024-09-16T11:40:15","guid":{"rendered":"https:\/\/kosmetikbyemad.de\/?post_type=product&#038;p=3097"},"modified":"2026-02-05T19:15:37","modified_gmt":"2026-02-05T18:15:37","slug":"jrl-professional-ff-2020-gold-collection-combo-kit","status":"publish","type":"product","link":"https:\/\/kosmetikbyemad.de\/en\/product\/jrl-professional-ff-2020-gold-collection-combo-kit\/","title":{"rendered":"JRL Professional FF 2020 Gold Collection Combo Kit"},"content":{"rendered":"<div id=\"pl-3097\"  class=\"panel-layout\" ><div id=\"pg-3097-0\"  class=\"panel-grid panel-no-style\" ><div id=\"pgc-3097-0-0\"  class=\"panel-grid-cell\" ><div id=\"panel-3097-0-0-0\" class=\"so-panel widget widget_sow-editor panel-first-child panel-last-child\" data-index=\"0\" ><div\n\t\t\t\n\t\t\tclass=\"so-widget-sow-editor so-widget-sow-editor-base\"\n\t\t\t\n\t\t><h3 class=\"widget-title\">Zweiteiliges Combo Kit mit Clipper &amp; Trimmer<\/h3>\n<div class=\"siteorigin-widget-tinymce textwidget\">\n\t<div id=\"tab-label-description\" class=\"data item title\" data-role=\"collapsible\"><span id=\"tab-label-description-title\" class=\"data switch\" tabindex=\"-1\" data-toggle=\"trigger\"><strong class=\"colon\">Beschreibung<\/strong> JRL Professional FF 2020 Gold Collection Combo Kit<\/span><\/div>\n<div class=\"data item title\" data-role=\"collapsible\">Das\u00a0<strong>JRL Professional FF 2020 Gold Collection Combo Kit<\/strong>\u00a0\u00a0ist das ultimative Haarschneide- und Trimmer-Set f\u00fcr anspruchsvolle Profis und stilbewusste Barber und Friseure. Mit seiner herausragenden Leistung und innovativen Technologie ist dieses Set die perfekte Wahl f\u00fcr pr\u00e4zises Schneiden und Stylen.<\/div>\n<div data-role=\"collapsible\">Der innovative Trimmer und die passende\u00a0 Haarschneidemaschine verf\u00fcgen \u00fcber die neuartige patentierte Cool-Blade-Technologie. Diese sorgt daf\u00fcr, dass auch nach langem Gebrauch die Klingen sch\u00f6n k\u00fchl bleiben. Dazu wird - die ebenfalls patentierte - Smart-Clip-Technologie eingesetzt. Diese erkennt dickeres Haar w\u00e4hrend des Schneidens und erh\u00f6ht automatisch den Drehmoment. So dass die Maschine nicht h\u00e4ngen bleibt.<\/div>\n<div data-role=\"collapsible\"><\/div>\n<div data-role=\"collapsible\"><\/div>\n<div data-role=\"collapsible\"><b><span style=\"color: #b71e3f;\">Technische Details Clipper:<\/span><\/b><\/div>\n<div data-role=\"collapsible\"><b>Akku:<\/b><\/p>\n<ul>\n<li>Lithium-Ionen-Akku<\/li>\n<li>Laufzeit: 4 Stunden<\/li>\n<li>Ladezeit: 3 Stunden<\/li>\n<li>LED-Anzeige zeigt verbleibende Ladezeit<\/li>\n<\/ul>\n<\/div>\n<div data-role=\"collapsible\">\n<div><b>Motor:<\/b><\/div>\n<div>\n<ul>\n<li>2 Geschwindigkeiten: 6.000 bzw. 7200 U\/min<\/li>\n<\/ul>\n<\/div>\n<div><\/div>\n<p><b>Schnittl\u00e4nge:<\/b><\/p>\n<ul>\n<li>0,5 - 3,5 mm<\/li>\n<\/ul>\n<div><\/div>\n<p><b>Gewicht:<\/b><\/p>\n<div>\n<ul>\n<li>340g<\/li>\n<\/ul>\n<div><\/div>\n<\/div>\n<div><b>Zubeh\u00f6r:<\/b><\/div>\n<div>\n<ul>\n<li>10 Kammaufs\u00e4tze (1\/2#, 1#, 1.1\/2#, 3#, 4#, 5#, 6#, 7#, 8#)<\/li>\n<li>Schraubendreher<\/li>\n<li>Reinigungsb\u00fcrste<\/li>\n<li>\u00d6l<\/li>\n<li>Klingenschutz<\/li>\n<li>Adapter<\/li>\n<\/ul>\n<p><b><span style=\"color: #b71e3f;\">Technische Details Trimmer<\/span><\/b><\/p>\n<p><b>Akku:<\/b><\/p>\n<ul>\n<li>Lithium-Ionen-Akku<\/li>\n<li>Betriebsdauer: 2 Stunden<\/li>\n<li>Ladezeit: 2 Stunden<\/li>\n<\/ul>\n<p><b>Motor:<\/b><\/p>\n<ul>\n<li>7.200 U\/min.<\/li>\n<li>Weniger als 60 dB laut<\/li>\n<\/ul>\n<p><b>Schnittl\u00e4ngeneinstellung:\u00a0<\/b>Zero-Gap f\u00fcr hautnahe Schnitte<\/p>\n<p><b>Gewicht:<\/b>\u00a0212g<\/p>\n<p><b>Zubeh\u00f6r:<\/b><\/p>\n<ul>\n<li>Schraubendreher<\/li>\n<li>Reinigungsb\u00fcrste<\/li>\n<li>\u00d6l<\/li>\n<li>Klingenschutz<\/li>\n<li>Adapter<\/li>\n<\/ul>\n<\/div>\n<\/div>\n<\/div>\n<\/div><\/div><\/div><\/div><div id=\"pg-3097-1\"  class=\"panel-grid panel-no-style\" ><div id=\"pgc-3097-1-0\"  class=\"panel-grid-cell panel-grid-cell-empty\" ><\/div><\/div><\/div>","protected":false},"excerpt":{"rendered":"<p>Zweiteiliges Combo Kit mit Clipper &amp; Trimmer<\/p>","protected":false},"featured_media":3099,"comment_status":"closed","ping_status":"closed","template":"","meta":[],"product_brand":[],"product_cat":[222,214],"product_tag":[167,159],"class_list":{"0":"post-3097","1":"product","2":"type-product","3":"status-publish","4":"has-post-thumbnail","6":"product_cat-jrl-haarschneider","7":"product_cat-zubehoer","8":"product_tag-haarschneider","9":"product_tag-hair-trimmer","10":"product_shipping_class-package","12":"first","13":"outofstock","14":"sale","15":"taxable","16":"shipping-taxable","17":"purchasable","18":"product-type-simple"},"jetpack_sharing_enabled":true,"_links":{"self":[{"href":"https:\/\/kosmetikbyemad.de\/en\/wp-json\/wp\/v2\/product\/3097","targetHints":{"allow":["GET"]}}],"collection":[{"href":"https:\/\/kosmetikbyemad.de\/en\/wp-json\/wp\/v2\/product"}],"about":[{"href":"https:\/\/kosmetikbyemad.de\/en\/wp-json\/wp\/v2\/types\/product"}],"replies":[{"embeddable":true,"href":"https:\/\/kosmetikbyemad.de\/en\/wp-json\/wp\/v2\/comments?post=3097"}],"wp:featuredmedia":[{"embeddable":true,"href":"https:\/\/kosmetikbyemad.de\/en\/wp-json\/wp\/v2\/media\/3099"}],"wp:attachment":[{"href":"https:\/\/kosmetikbyemad.de\/en\/wp-json\/wp\/v2\/media?parent=3097"}],"wp:term":[{"taxonomy":"product_brand","embeddable":true,"href":"https:\/\/kosmetikbyemad.de\/en\/wp-json\/wp\/v2\/product_brand?post=3097"},{"taxonomy":"product_cat","embeddable":true,"href":"https:\/\/kosmetikbyemad.de\/en\/wp-json\/wp\/v2\/product_cat?post=3097"},{"taxonomy":"product_tag","embeddable":true,"href":"https:\/\/kosmetikbyemad.de\/en\/wp-json\/wp\/v2\/product_tag?post=3097"}],"curies":[{"name":"wp","href":"https:\/\/api.w.org\/{rel}","templated":true}]}}