{"id":3115,"date":"2024-09-28T00:59:56","date_gmt":"2024-09-27T22:59:56","guid":{"rendered":"https:\/\/kosmetikbyemad.de\/?post_type=product&#038;p=3115"},"modified":"2026-02-05T19:15:20","modified_gmt":"2026-02-05T18:15:20","slug":"aloe-vera-my-brasil-hair-care-tiefreinigungsshampoo-vorbehandlung","status":"publish","type":"product","link":"https:\/\/kosmetikbyemad.de\/en\/product\/aloe-vera-my-brasil-hair-care-tiefreinigungsshampoo-vorbehandlung\/","title":{"rendered":"Aloe Vera My Brasil Hair Care Tiefreinigungsshampoo Vorbehandlung"},"content":{"rendered":"<div id=\"pl-3115\"  class=\"panel-layout\" ><div id=\"pg-3115-0\"  class=\"panel-grid panel-no-style\" ><div id=\"pgc-3115-0-0\"  class=\"panel-grid-cell\" ><div id=\"panel-3115-0-0-0\" class=\"so-panel widget widget_sow-editor panel-first-child panel-last-child\" data-index=\"0\" ><div\n\t\t\t\n\t\t\tclass=\"so-widget-sow-editor so-widget-sow-editor-base\"\n\t\t\t\n\t\t><h3 class=\"widget-title\">ALOE VERE Clarifying Shampoo<\/h3>\n<div class=\"siteorigin-widget-tinymce textwidget\">\n\t<p><strong>ALOE VERA REINIGUNGSSHAMPOO<\/strong><br \/>\nDas Tiefenreinigungsshampoo besitzt eine Formel aus den besten Komponenten und<br \/>\nexklusiven Kombinationen. Das Ergebnis ist eine kontrollierte Erweiterung der \u00e4u\u00dferen<br \/>\nSchuppenschicht (= Kutikula) um sie auf die Behandlung vorzubereiten<\/p>\n<p>Vorsichtsma\u00dfnahmen:  Von Kindern fernhalten. Vor Licht, \u00fcberm\u00e4\u00dfiger Hitze und Feuchtigkeit sch\u00fctzen. Kontakt mit Augen, Mund und Schleimh\u00e4uten vermeiden. Bei Allergien die Anwendung abbrechen.<\/p>\n<\/div>\n<\/div><\/div><\/div><\/div><div id=\"pg-3115-1\"  class=\"panel-grid panel-no-style\" ><div id=\"pgc-3115-1-0\"  class=\"panel-grid-cell\" ><div id=\"panel-3115-1-0-0\" class=\"so-panel widget widget_echelonso-eso-video panel-first-child panel-last-child\" data-index=\"1\" ><div\n\t\t\t\n\t\t\tclass=\"so-widget-echelonso-eso-video so-widget-echelonso-eso-video-default-d75171398898-3115\"\n\t\t\t\n\t\t>    <video style=\"max-width: 100%;\" src=\"https:\/\/kosmetikbyemad.de\/wp-content\/uploads\/2024\/09\/Aloevera-v1.mp4\" uk-video=\"autoplay: inview\" eso muted loop playsinline><\/video>\r\n<\/div><\/div><\/div><\/div><\/div>","protected":false},"excerpt":{"rendered":"<p>ALOE VERE Clarifying Shampoo 500 ML<\/p>","protected":false},"featured_media":3014,"comment_status":"open","ping_status":"closed","template":"","meta":[],"product_brand":[],"product_cat":[223,217],"product_tag":[109,111,110],"class_list":{"0":"post-3115","1":"product","2":"type-product","3":"status-publish","4":"has-post-thumbnail","6":"product_cat-aloe-vera","7":"product_cat-mybrasil","8":"product_tag-clarifying-shampoo","9":"product_tag-reinigendes-shampoo","10":"product_tag-sulfat-frei","11":"product_shipping_class-package","13":"first","14":"instock","15":"sale","16":"taxable","17":"shipping-taxable","18":"purchasable","19":"product-type-simple"},"jetpack_sharing_enabled":true,"_links":{"self":[{"href":"https:\/\/kosmetikbyemad.de\/en\/wp-json\/wp\/v2\/product\/3115","targetHints":{"allow":["GET"]}}],"collection":[{"href":"https:\/\/kosmetikbyemad.de\/en\/wp-json\/wp\/v2\/product"}],"about":[{"href":"https:\/\/kosmetikbyemad.de\/en\/wp-json\/wp\/v2\/types\/product"}],"replies":[{"embeddable":true,"href":"https:\/\/kosmetikbyemad.de\/en\/wp-json\/wp\/v2\/comments?post=3115"}],"wp:featuredmedia":[{"embeddable":true,"href":"https:\/\/kosmetikbyemad.de\/en\/wp-json\/wp\/v2\/media\/3014"}],"wp:attachment":[{"href":"https:\/\/kosmetikbyemad.de\/en\/wp-json\/wp\/v2\/media?parent=3115"}],"wp:term":[{"taxonomy":"product_brand","embeddable":true,"href":"https:\/\/kosmetikbyemad.de\/en\/wp-json\/wp\/v2\/product_brand?post=3115"},{"taxonomy":"product_cat","embeddable":true,"href":"https:\/\/kosmetikbyemad.de\/en\/wp-json\/wp\/v2\/product_cat?post=3115"},{"taxonomy":"product_tag","embeddable":true,"href":"https:\/\/kosmetikbyemad.de\/en\/wp-json\/wp\/v2\/product_tag?post=3115"}],"curies":[{"name":"wp","href":"https:\/\/api.w.org\/{rel}","templated":true}]}}