{"id":3119,"date":"2024-09-28T01:33:10","date_gmt":"2024-09-27T23:33:10","guid":{"rendered":"https:\/\/kosmetikbyemad.de\/?post_type=product&#038;p=3119"},"modified":"2026-03-14T14:50:45","modified_gmt":"2026-03-14T13:50:45","slug":"murumuru-brasilianische-proteinglaettung-140-ml","status":"publish","type":"product","link":"https:\/\/kosmetikbyemad.de\/en\/product\/murumuru-brasilianische-proteinglaettung-140-ml\/","title":{"rendered":"MURUMURU \u2013 Brasilianische Proteingl\u00e4ttung 140 ML"},"content":{"rendered":"<div id=\"pl-3119\"  class=\"panel-layout\" ><div id=\"pg-3119-0\"  class=\"panel-grid panel-no-style\" ><div id=\"pgc-3119-0-0\"  class=\"panel-grid-cell\" ><div id=\"panel-3119-0-0-0\" class=\"so-panel widget widget_sow-editor panel-first-child panel-last-child\" data-index=\"0\" ><div\n\t\t\t\n\t\t\tclass=\"so-widget-sow-editor so-widget-sow-editor-base\"\n\t\t\t\n\t\t>\n<div class=\"siteorigin-widget-tinymce textwidget\">\n\t<p><strong>MURUMURU<\/strong> \u2013 Brasilianische Proteingl\u00e4ttung (140 ML)<br \/>\nProfessionelle Haarpflege \u2013 F\u00fcr alle Haartypen geeignet<\/p>\n<p><strong>Erlebe<\/strong>\u00a0luxuri\u00f6se Haarpflege aus Brasilien mit der MURUMURU Proteingl\u00e4ttung von MYBRASIL Hair Care \u2013 ganz ohne sch\u00e4dliche Chemikalien. Diese innovative Gl\u00e4ttung vereint kraftvolle, nat\u00fcrliche Wirkstoffe wie Amla, Tanino und Murumuru-Butter, um das Haar intensiv zu n\u00e4hren, zu restrukturieren und ihm einen seidigen Glanz zu verleihen.<\/p>\n<p><strong>Ohne Formaldehyd &amp; ohne Chemie<\/strong><br \/>\nDiese Formel ist 100\u202f% frei von aggressiven Inhaltsstoffen und daher besonders schonend \u2013 auch f\u00fcr empfindliches Haar oder sensible Kopfhaut.<\/p>\n<p><strong>Rekonstruktive Tiefenpflege &amp; intensive Hydration<\/strong><br \/>\nSt\u00e4rkt das Haar von innen heraus, reduziert Frizz und sorgt f\u00fcr eine glatte, geschmeidige Struktur \u2013 ohne es zu beschweren.<\/p>\n<p><strong>Intensiver Glanz-Effekt<\/strong><br \/>\nF\u00fcr sichtbar ges\u00fcnderes, strahlenderes Haar schon nach der ersten Anwendung.<\/p>\n<p>F\u00fcr alle Haartypen geeignet \u2013 egal ob glatt, wellig oder lockig.<\/p>\n<p>Nach der Behandlung empfiehlt sich die Verwendung des Murumuru Set,Essential Set Oder Total Repair es verl\u00e4ngert die Wirkung der Behandlung um mehrere Monate. Aufgrund der gleichen Wirkstoffe erg\u00e4nzen sie die Kortexschicht, den interzellul\u00e4ren Zement und die Haarkutikula.<\/p>\n<p><strong>Vorsichtsma\u00dfnahmen:<\/strong>\u00a0Von Kindern fernhalten. Vor Licht, \u00fcberm\u00e4\u00dfiger Hitze und Feuchtigkeit sch\u00fctzen. Kontakt mit Augen, Mund und Schleimh\u00e4uten vermeiden. Bei Allergien die Anwendung abbrechen.<\/p>\n<p>*** ACHTUNG! ***<br \/>\nMYBRASIL HAIR CARE<br \/>\nDie Produkte sind f\u00fcr den Professionellen Gebrauch. Wir ber\u00fccksichtigen keine Reklamationen!<\/p>\n<\/div>\n<\/div><\/div><\/div><\/div><div id=\"pg-3119-1\"  class=\"panel-grid panel-no-style\" ><div id=\"pgc-3119-1-0\"  class=\"panel-grid-cell\" ><div id=\"panel-3119-1-0-0\" class=\"so-panel widget widget_echelonso-eso-slider panel-first-child panel-last-child\" data-index=\"1\" ><div class=\"slider-product-video panel-widget-style panel-widget-style-for-3119-1-0-0\" ><div\n\t\t\t\n\t\t\tclass=\"so-widget-echelonso-eso-slider so-widget-echelonso-eso-slider-default-4333943d95ad-3119\"\n\t\t\t\n\t\t>\r\n    <div uk-slider=\"center: true; autoplay: true; autoplay-interval: 6000; clsActivated: eso\" tabindex=\"-1\">\r\n\r\n        <div class=\"uk-position-relative\">\r\n\r\n            <div  class=\"uk-slider-container\">\r\n\r\n                <div class=\"uk-slider-items uk-grid eso-slider-items-class uk-child-width-1-1 uk-child-width-1-1 uk-child-width-1-1 uk-child-width-1-1\">\r\n                                            <div>\r\n                            <div id=\"pl-w0e7ea9ae\"  class=\"panel-layout\" ><div id=\"pg-w0e7ea9ae-0\"  class=\"panel-grid panel-no-style\" ><div id=\"pgc-w0e7ea9ae-0-0\"  class=\"panel-grid-cell\" ><div id=\"panel-w0e7ea9ae-0-0-0\" class=\"so-panel widget widget_media_video panel-first-child panel-last-child\" data-index=\"0\" ><div class=\"panel-widget-style panel-widget-style-for-w0e7ea9ae-0-0-0\" ><div style=\"width:100%;\" class=\"wp-video\"><video class=\"wp-video-shortcode\" id=\"video-3119-1\" preload=\"metadata\" controls=\"controls\"><source type=\"video\/mp4\" src=\"https:\/\/kosmetikbyemad.de\/wp-content\/uploads\/2024\/08\/murumuru-14.mp4?_=1\" \/><source type=\"video\/mp4\" src=\"https:\/\/kosmetikbyemad.de\/wp-content\/uploads\/2024\/08\/murumuru-14.mp4?_=1\" \/><a href=\"https:\/\/kosmetikbyemad.de\/wp-content\/uploads\/2024\/08\/murumuru-14.mp4\">https:\/\/kosmetikbyemad.de\/wp-content\/uploads\/2024\/08\/murumuru-14.mp4<\/a><\/video><\/div><\/div><\/div><\/div><\/div><\/div>                        <\/div>\r\n                                            <div>\r\n                            <div id=\"pl-wbb139293\"  class=\"panel-layout\" ><div id=\"pg-wbb139293-0\"  class=\"panel-grid panel-no-style\" ><div id=\"pgc-wbb139293-0-0\"  class=\"panel-grid-cell\" ><div id=\"panel-wbb139293-0-0-0\" class=\"so-panel widget widget_media_video panel-first-child panel-last-child\" data-index=\"0\" ><div class=\"panel-widget-style panel-widget-style-for-wbb139293-0-0-0\" ><div style=\"width:100%;\" class=\"wp-video\"><video class=\"wp-video-shortcode\" id=\"video-3119-2\" preload=\"metadata\" controls=\"controls\"><source type=\"video\/mp4\" src=\"https:\/\/kosmetikbyemad.de\/wp-content\/uploads\/2024\/08\/murumuru-13.mp4?_=2\" \/><source type=\"video\/mp4\" src=\"https:\/\/kosmetikbyemad.de\/wp-content\/uploads\/2024\/08\/murumuru-13.mp4?_=2\" \/><a href=\"https:\/\/kosmetikbyemad.de\/wp-content\/uploads\/2024\/08\/murumuru-13.mp4\">https:\/\/kosmetikbyemad.de\/wp-content\/uploads\/2024\/08\/murumuru-13.mp4<\/a><\/video><\/div><\/div><\/div><\/div><\/div><\/div>                        <\/div>\r\n                                            <div>\r\n                            <div id=\"pl-w5ec2d609\"  class=\"panel-layout\" ><div id=\"pg-w5ec2d609-0\"  class=\"panel-grid panel-no-style\" ><div id=\"pgc-w5ec2d609-0-0\"  class=\"panel-grid-cell\" ><div id=\"panel-w5ec2d609-0-0-0\" class=\"so-panel widget widget_media_video panel-first-child panel-last-child\" data-index=\"0\" ><div class=\"panel-widget-style panel-widget-style-for-w5ec2d609-0-0-0\" ><div style=\"width:100%;\" class=\"wp-video\"><video class=\"wp-video-shortcode\" id=\"video-3119-3\" preload=\"metadata\" controls=\"controls\"><source type=\"video\/mp4\" src=\"https:\/\/kosmetikbyemad.de\/wp-content\/uploads\/2024\/08\/murumuru-12.mp4?_=3\" \/><source type=\"video\/mp4\" src=\"https:\/\/kosmetikbyemad.de\/wp-content\/uploads\/2024\/08\/murumuru-12.mp4?_=3\" \/><a href=\"https:\/\/kosmetikbyemad.de\/wp-content\/uploads\/2024\/08\/murumuru-12.mp4\">https:\/\/kosmetikbyemad.de\/wp-content\/uploads\/2024\/08\/murumuru-12.mp4<\/a><\/video><\/div><\/div><\/div><\/div><\/div><\/div>                        <\/div>\r\n                                            <div>\r\n                            <div id=\"pl-w32088a84\"  class=\"panel-layout\" ><div id=\"pg-w32088a84-0\"  class=\"panel-grid panel-no-style\" ><div id=\"pgc-w32088a84-0-0\"  class=\"panel-grid-cell\" ><div id=\"panel-w32088a84-0-0-0\" class=\"so-panel widget widget_media_video panel-first-child panel-last-child\" data-index=\"0\" ><div class=\"panel-widget-style panel-widget-style-for-w32088a84-0-0-0\" ><div style=\"width:100%;\" class=\"wp-video\"><video class=\"wp-video-shortcode\" id=\"video-3119-4\" preload=\"metadata\" controls=\"controls\"><source type=\"video\/mp4\" src=\"https:\/\/kosmetikbyemad.de\/wp-content\/uploads\/2024\/08\/murumuru-10.mp4?_=4\" \/><source type=\"video\/mp4\" src=\"https:\/\/kosmetikbyemad.de\/wp-content\/uploads\/2024\/08\/murumuru-10.mp4?_=4\" \/><a href=\"https:\/\/kosmetikbyemad.de\/wp-content\/uploads\/2024\/08\/murumuru-10.mp4\">https:\/\/kosmetikbyemad.de\/wp-content\/uploads\/2024\/08\/murumuru-10.mp4<\/a><\/video><\/div><\/div><\/div><\/div><\/div><\/div>                        <\/div>\r\n                                            <div>\r\n                            <div id=\"pl-wa3d28158\"  class=\"panel-layout\" ><div id=\"pg-wa3d28158-0\"  class=\"panel-grid panel-no-style\" ><div id=\"pgc-wa3d28158-0-0\"  class=\"panel-grid-cell\" ><div id=\"panel-wa3d28158-0-0-0\" class=\"so-panel widget widget_media_video panel-first-child panel-last-child\" data-index=\"0\" ><div class=\"panel-widget-style panel-widget-style-for-wa3d28158-0-0-0\" ><div style=\"width:100%;\" class=\"wp-video\"><video class=\"wp-video-shortcode\" id=\"video-3119-5\" preload=\"metadata\" controls=\"controls\"><source type=\"video\/mp4\" src=\"https:\/\/kosmetikbyemad.de\/wp-content\/uploads\/2024\/08\/murumuru-9.mp4?_=5\" \/><source type=\"video\/mp4\" src=\"https:\/\/kosmetikbyemad.de\/wp-content\/uploads\/2024\/08\/murumuru-9.mp4?_=5\" \/><a href=\"https:\/\/kosmetikbyemad.de\/wp-content\/uploads\/2024\/08\/murumuru-9.mp4\">https:\/\/kosmetikbyemad.de\/wp-content\/uploads\/2024\/08\/murumuru-9.mp4<\/a><\/video><\/div><\/div><\/div><\/div><\/div><\/div>                        <\/div>\r\n                                            <div>\r\n                            <div id=\"pl-w0d056b9d\"  class=\"panel-layout\" ><div id=\"pg-w0d056b9d-0\"  class=\"panel-grid panel-no-style\" ><div id=\"pgc-w0d056b9d-0-0\"  class=\"panel-grid-cell\" ><div id=\"panel-w0d056b9d-0-0-0\" class=\"so-panel widget widget_media_video panel-first-child panel-last-child\" data-index=\"0\" ><div class=\"panel-widget-style panel-widget-style-for-w0d056b9d-0-0-0\" ><div style=\"width:100%;\" class=\"wp-video\"><video class=\"wp-video-shortcode\" id=\"video-3119-6\" preload=\"metadata\" controls=\"controls\"><source type=\"video\/mp4\" src=\"https:\/\/kosmetikbyemad.de\/wp-content\/uploads\/2024\/08\/murumuru-2.mp4?_=6\" \/><source type=\"video\/mp4\" src=\"https:\/\/kosmetikbyemad.de\/wp-content\/uploads\/2024\/08\/murumuru-2.mp4?_=6\" \/><a href=\"https:\/\/kosmetikbyemad.de\/wp-content\/uploads\/2024\/08\/murumuru-2.mp4\">https:\/\/kosmetikbyemad.de\/wp-content\/uploads\/2024\/08\/murumuru-2.mp4<\/a><\/video><\/div><\/div><\/div><\/div><\/div><\/div>                        <\/div>\r\n                                    <\/div>\r\n\r\n            <\/div>\r\n\r\n                            <a class=\"uk-slidenav uk-position-center-left-out eso eso uk-hidden-touch\" href=\"#\" uk-slidenav-previous uk-slider-item=\"previous\"><\/a>\r\n                <a class=\"uk-slidenav uk-position-center-right-out eso eso uk-hidden-touch\" href=\"#\" uk-slidenav-next uk-slider-item=\"next\"><\/a>\r\n            \r\n        <\/div>\r\n\r\n                    <ul class=\"uk-slider-nav uk-dotnav uk-flex-center\"><\/ul>\r\n        \r\n    <\/div>\r\n\r\n<\/div><\/div><\/div><\/div><\/div><\/div>","protected":false},"excerpt":{"rendered":"<p>ist ein technologisches brasilianisches Protein, dass das Volumen der widerstandsf\u00e4higsten Haare vollst\u00e4ndig reduziert.<\/p>","protected":false},"featured_media":3568,"comment_status":"open","ping_status":"closed","template":"","meta":[],"product_brand":[],"product_cat":[224,217],"product_tag":[144,102,100,101,103,153],"class_list":{"0":"post-3119","1":"product","2":"type-product","3":"status-publish","4":"has-post-thumbnail","6":"product_cat-murumuru-140-ml","7":"product_cat-mybrasil","8":"product_tag-dauerhafthaarglaettung","9":"product_tag-haarglaettung","10":"product_tag-keratin","11":"product_tag-keratinglaettung","12":"product_tag-proteinglaettung","13":"product_tag-taninno","14":"product_shipping_class-package","16":"first","17":"instock","18":"sale","19":"taxable","20":"shipping-taxable","21":"purchasable","22":"product-type-simple"},"jetpack_sharing_enabled":true,"_links":{"self":[{"href":"https:\/\/kosmetikbyemad.de\/en\/wp-json\/wp\/v2\/product\/3119","targetHints":{"allow":["GET"]}}],"collection":[{"href":"https:\/\/kosmetikbyemad.de\/en\/wp-json\/wp\/v2\/product"}],"about":[{"href":"https:\/\/kosmetikbyemad.de\/en\/wp-json\/wp\/v2\/types\/product"}],"replies":[{"embeddable":true,"href":"https:\/\/kosmetikbyemad.de\/en\/wp-json\/wp\/v2\/comments?post=3119"}],"wp:featuredmedia":[{"embeddable":true,"href":"https:\/\/kosmetikbyemad.de\/en\/wp-json\/wp\/v2\/media\/3568"}],"wp:attachment":[{"href":"https:\/\/kosmetikbyemad.de\/en\/wp-json\/wp\/v2\/media?parent=3119"}],"wp:term":[{"taxonomy":"product_brand","embeddable":true,"href":"https:\/\/kosmetikbyemad.de\/en\/wp-json\/wp\/v2\/product_brand?post=3119"},{"taxonomy":"product_cat","embeddable":true,"href":"https:\/\/kosmetikbyemad.de\/en\/wp-json\/wp\/v2\/product_cat?post=3119"},{"taxonomy":"product_tag","embeddable":true,"href":"https:\/\/kosmetikbyemad.de\/en\/wp-json\/wp\/v2\/product_tag?post=3119"}],"curies":[{"name":"wp","href":"https:\/\/api.w.org\/{rel}","templated":true}]}}