{"id":3142,"date":"2024-10-05T20:30:45","date_gmt":"2024-10-05T18:30:45","guid":{"rendered":"https:\/\/kosmetikbyemad.de\/?post_type=product&#038;p=3142"},"modified":"2026-04-06T09:11:00","modified_gmt":"2026-04-06T07:11:00","slug":"buriti-serum-capilar-mybrasil-hair-care","status":"publish","type":"product","link":"https:\/\/kosmetikbyemad.de\/en\/product\/buriti-serum-capilar-mybrasil-hair-care\/","title":{"rendered":"Buriti S\u00e9rum Capilar \u2013 MyBrasil Hair Care"},"content":{"rendered":"<div id=\"pl-3142\"  class=\"panel-layout\" ><div id=\"pg-3142-0\"  class=\"panel-grid panel-no-style\" ><div id=\"pgc-3142-0-0\"  class=\"panel-grid-cell\" ><div id=\"panel-3142-0-0-0\" class=\"so-panel widget widget_sow-editor panel-first-child panel-last-child\" data-index=\"0\" ><div\n\t\t\t\n\t\t\tclass=\"so-widget-sow-editor so-widget-sow-editor-base\"\n\t\t\t\n\t\t><h3 class=\"widget-title\">Buriti MyBrasil Serum f\u00fcr trockenes &amp; gesch\u00e4digtes Haar 60 ml<\/h3>\n<div class=\"siteorigin-widget-tinymce textwidget\">\n\t<p><strong>Buriti S\u00e9rum Capilar<\/strong> \u2013 MyBrasil Hair Care<br \/>\n\u2728 Frizz Frei \u2013 gesund gl\u00e4nzendes Haar! \u2728<\/p>\n<p>Das Buriti Haarserum ist die perfekte Pflege f\u00fcr trockenes, strapaziertes und splissanf\u00e4lliges Haar. Die reichhaltige Formel mit Buriti-\u00d6l, bekannt f\u00fcr seinen hohen Gehalt an Provitamin A und Antioxidantien, pflegt intensiv, reduziert Frizz und repariert gesch\u00e4digte Spitzen.<\/p>\n<p><strong>Vorteile:<\/strong><br \/>\n\u2022 Reduziert Frizz sichtbar ab der ersten Anwendung<br \/>\n\u2022 Repariert und beugt Spliss vor<br \/>\n\u2022 Verleiht Glanz und Geschmeidigkeit<br \/>\n\u2022 Sch\u00fctzt vor \u00e4u\u00dferen Umwelteinfl\u00fcssen<\/p>\n<p><strong>Inhalt<\/strong>: 60 ml (2.02 fl.oz)<br \/>\nF\u00fcr alle Haartypen geeignet<\/p>\n<p>\ud83d\udc9b Tipp: Ideal als t\u00e4gliche Leave-in-Pflege oder als Finish f\u00fcr extra Glanz und Seidigkeit.<\/p>\n<p>Vorsichtsma\u00dfnahmen: Von Kindern fernhalten. Vor Licht, \u00fcberm\u00e4\u00dfiger Hitze und Feuchtigkeit sch\u00fctzen. Kontakt mit Augen, Mund und Schleimh\u00e4uten vermeiden. Bei Allergien die Anwendung abbrechen.<\/p>\n<\/div>\n<\/div><\/div><\/div><\/div><div id=\"pg-3142-1\"  class=\"panel-grid panel-no-style\" ><div id=\"pgc-3142-1-0\"  class=\"panel-grid-cell\" ><div id=\"panel-3142-1-0-0\" class=\"so-panel widget widget_echelonso-eso-video panel-first-child\" data-index=\"1\" ><div\n\t\t\t\n\t\t\tclass=\"so-widget-echelonso-eso-video so-widget-echelonso-eso-video-default-d75171398898-3142\"\n\t\t\t\n\t\t>    <video style=\"max-width: 100%;\" src=\"https:\/\/kosmetikbyemad.de\/wp-content\/uploads\/2024\/10\/Buriti-Serum-v1.mp4\" uk-video=\"autoplay: inview\" eso muted loop playsinline><\/video>\r\n<\/div><\/div><div id=\"panel-3142-1-0-1\" class=\"so-panel widget widget_echelonso-eso-video panel-last-child\" data-index=\"2\" ><div\n\t\t\t\n\t\t\tclass=\"so-widget-echelonso-eso-video so-widget-echelonso-eso-video-default-d75171398898-3142\"\n\t\t\t\n\t\t>    <video style=\"max-width: 100%;\" src=\"https:\/\/kosmetikbyemad.de\/wp-content\/uploads\/2024\/10\/WhatsApp-Video-2025-08-15-at-23.26.38.mp4\" uk-video=\"autoplay: inview\" eso muted loop playsinline><\/video>\r\n<\/div><\/div><\/div><\/div><\/div>","protected":false},"excerpt":{"rendered":"<p>Buriti MyBrasil Serum ist leichter als Finishing-\u00d6le, spendet dem Haar Feuchtigkeit und verleiht ihm Spannkraft. 60 ml.<\/p>","protected":false},"featured_media":3682,"comment_status":"open","ping_status":"closed","template":"","meta":[],"product_brand":[],"product_cat":[229],"product_tag":[121,166],"class_list":{"0":"post-3142","1":"product","2":"type-product","3":"status-publish","4":"has-post-thumbnail","6":"product_cat-buriti-mybrasil-serum","7":"product_tag-oel","8":"product_tag-serum","9":"product_shipping_class-package","11":"first","12":"instock","13":"sale","14":"taxable","15":"shipping-taxable","16":"purchasable","17":"product-type-simple"},"jetpack_sharing_enabled":true,"_links":{"self":[{"href":"https:\/\/kosmetikbyemad.de\/en\/wp-json\/wp\/v2\/product\/3142","targetHints":{"allow":["GET"]}}],"collection":[{"href":"https:\/\/kosmetikbyemad.de\/en\/wp-json\/wp\/v2\/product"}],"about":[{"href":"https:\/\/kosmetikbyemad.de\/en\/wp-json\/wp\/v2\/types\/product"}],"replies":[{"embeddable":true,"href":"https:\/\/kosmetikbyemad.de\/en\/wp-json\/wp\/v2\/comments?post=3142"}],"wp:featuredmedia":[{"embeddable":true,"href":"https:\/\/kosmetikbyemad.de\/en\/wp-json\/wp\/v2\/media\/3682"}],"wp:attachment":[{"href":"https:\/\/kosmetikbyemad.de\/en\/wp-json\/wp\/v2\/media?parent=3142"}],"wp:term":[{"taxonomy":"product_brand","embeddable":true,"href":"https:\/\/kosmetikbyemad.de\/en\/wp-json\/wp\/v2\/product_brand?post=3142"},{"taxonomy":"product_cat","embeddable":true,"href":"https:\/\/kosmetikbyemad.de\/en\/wp-json\/wp\/v2\/product_cat?post=3142"},{"taxonomy":"product_tag","embeddable":true,"href":"https:\/\/kosmetikbyemad.de\/en\/wp-json\/wp\/v2\/product_tag?post=3142"}],"curies":[{"name":"wp","href":"https:\/\/api.w.org\/{rel}","templated":true}]}}