{"id":3174,"date":"2024-10-15T13:02:27","date_gmt":"2024-10-15T11:02:27","guid":{"rendered":"https:\/\/kosmetikbyemad.de\/?post_type=product&#038;p=3174"},"modified":"2026-04-06T09:10:57","modified_gmt":"2026-04-06T07:10:57","slug":"top-hair-cosmetics-leblon-haarpflegemaske","status":"publish","type":"product","link":"https:\/\/kosmetikbyemad.de\/en\/product\/top-hair-cosmetics-leblon-haarpflegemaske\/","title":{"rendered":"Top Hair Cosmetics Leblon Haarpflegemaske"},"content":{"rendered":"<div id=\"pl-3174\"  class=\"panel-layout\" ><div id=\"pg-3174-0\"  class=\"panel-grid panel-no-style\" ><div id=\"pgc-3174-0-0\"  class=\"panel-grid-cell\" ><div id=\"panel-3174-0-0-0\" class=\"so-panel widget widget_sow-editor panel-first-child panel-last-child\" data-index=\"0\" ><div\n\t\t\t\n\t\t\tclass=\"so-widget-sow-editor so-widget-sow-editor-base\"\n\t\t\t\n\t\t>\n<div class=\"siteorigin-widget-tinymce textwidget\">\n\t<p><strong>Leblon Mask<\/strong> ist eine fortschrittliche Maske zur intensiven <strong>Regeneration, Hydratation und Rekonstruktion von Haaren , insbesondere von Haaren, die\u00a0<\/strong><strong>nach chemischen Behandlungen<\/strong>\u00a0geschw\u00e4cht wurden .<\/p>\n<p>Verl\u00e4ngert die Wirkung von Haargl\u00e4ttungsbehandlungen. Spendet intensiv Feuchtigkeit in nur wenigen Minuten<\/p>\n<p><strong>250 gm<\/strong><\/p>\n<p><strong>Vorsichtsma\u00dfnahmen:<\/strong>\u00a0Von Kindern fernhalten. Vor Licht, \u00fcberm\u00e4\u00dfiger Hitze und Feuchtigkeit sch\u00fctzen. Kontakt mit Augen, Mund und Schleimh\u00e4uten vermeiden. Bei Allergien die Anwendung abbrechen.<\/p>\n<\/div>\n<\/div><\/div><\/div><\/div><\/div>","protected":false},"excerpt":{"rendered":"<p>Die Wirkung ist nach einigen Minuten der Anwendung der Maske sichtbar und die regelm\u00e4\u00dfige Anwendung bringt langanhaltende Vorteile.<\/p>","protected":false},"featured_media":3175,"comment_status":"open","ping_status":"closed","template":"","meta":[],"product_brand":[],"product_cat":[231,50],"product_tag":[141,170,142,171],"class_list":{"0":"post-3174","1":"product","2":"type-product","3":"status-publish","4":"has-post-thumbnail","6":"product_cat-leblon-mask","7":"product_cat-top-hair","8":"product_tag-anti-frizz","9":"product_tag-home-care","10":"product_tag-organic","11":"product_tag-pflage-produkt","12":"product_shipping_class-package","14":"first","15":"instock","16":"sale","17":"taxable","18":"shipping-taxable","19":"purchasable","20":"product-type-simple"},"jetpack_sharing_enabled":true,"_links":{"self":[{"href":"https:\/\/kosmetikbyemad.de\/en\/wp-json\/wp\/v2\/product\/3174","targetHints":{"allow":["GET"]}}],"collection":[{"href":"https:\/\/kosmetikbyemad.de\/en\/wp-json\/wp\/v2\/product"}],"about":[{"href":"https:\/\/kosmetikbyemad.de\/en\/wp-json\/wp\/v2\/types\/product"}],"replies":[{"embeddable":true,"href":"https:\/\/kosmetikbyemad.de\/en\/wp-json\/wp\/v2\/comments?post=3174"}],"wp:featuredmedia":[{"embeddable":true,"href":"https:\/\/kosmetikbyemad.de\/en\/wp-json\/wp\/v2\/media\/3175"}],"wp:attachment":[{"href":"https:\/\/kosmetikbyemad.de\/en\/wp-json\/wp\/v2\/media?parent=3174"}],"wp:term":[{"taxonomy":"product_brand","embeddable":true,"href":"https:\/\/kosmetikbyemad.de\/en\/wp-json\/wp\/v2\/product_brand?post=3174"},{"taxonomy":"product_cat","embeddable":true,"href":"https:\/\/kosmetikbyemad.de\/en\/wp-json\/wp\/v2\/product_cat?post=3174"},{"taxonomy":"product_tag","embeddable":true,"href":"https:\/\/kosmetikbyemad.de\/en\/wp-json\/wp\/v2\/product_tag?post=3174"}],"curies":[{"name":"wp","href":"https:\/\/api.w.org\/{rel}","templated":true}]}}