{"id":3176,"date":"2024-10-15T15:13:30","date_gmt":"2024-10-15T13:13:30","guid":{"rendered":"https:\/\/kosmetikbyemad.de\/?post_type=product&#038;p=3176"},"modified":"2026-03-23T10:23:41","modified_gmt":"2026-03-23T09:23:41","slug":"bio-plastia-3-step-glaettungsbehandlung","status":"publish","type":"product","link":"https:\/\/kosmetikbyemad.de\/en\/product\/bio-plastia-3-step-glaettungsbehandlung\/","title":{"rendered":"BIO-PLASTIA 3 Step Gl\u00e4ttungsbehandlung"},"content":{"rendered":"<div id=\"pl-3176\"  class=\"panel-layout\" ><div id=\"pg-3176-0\"  class=\"panel-grid panel-no-style\" ><div id=\"pgc-3176-0-0\"  class=\"panel-grid-cell\" ><div id=\"panel-3176-0-0-0\" class=\"so-panel widget widget_sow-editor panel-first-child panel-last-child\" data-index=\"0\" ><div\n\t\t\t\n\t\t\tclass=\"so-widget-sow-editor so-widget-sow-editor-base\"\n\t\t\t\n\t\t>\n<div class=\"siteorigin-widget-tinymce textwidget\">\n\t<p><strong>1-Das Deep Cleaning<\/strong><br \/>\nTiefreinigendes Shampoo, die mit den besten Verbindungen und exklusiven Kombinationen Green tea + Aloe vera ausgew\u00e4hlt wurde, die zu einer Kontrolle der Erweiterung der Nagelhaut f\u00fchren und Aggressionen in der Kapillarstruktur verhindern.<\/p>\n<p><strong>2-Barra_da_tijuca <\/strong><br \/>\nBrasilianische Bio proteingl\u00e4ttung<br \/>\nEntwickelt mit Modernster Bio-plastia Technologie Anwendung, hergestellt mit Bio S\u00e4uren und \u00f6len wie:<br \/>\nAMLA  BIOTIN  TANINO KERATIN  JASMIN\u00d6LSHEA-BUTTER<br \/>\nDie die haarstruktur reichhaltig pflegt und gl\u00e4ttet.Das Haar wir von wurzel bis in die spitzen regeneriert.<\/p>\n<p><strong>3- PH-Acidifiyngmask  Intensivpfleg<\/strong><br \/>\nDas PH-Acidifiyngmask  wurde mit einer wertvollen Formel auf der Basis von Hyalurons\u00e4ure undSilk Protein entwickelt, die mit ihren starken Rekonstruktionsmitteln 10-mal mehr Best\u00e4ndigkeit und 70% weniger Bruch bietet. f\u00fcr alle Haartypen geeignet.<\/p>\n<p><strong>geeignet F\u00fcr:<\/strong> alle Haartypen und sorgt f\u00fcr eine Gl\u00e4tte von bis zu 99 %. Es kann bei Schwangeren, Stillenden und Jugendlichen angewendet werden.<\/p>\n<p>Nach der Behandlung empfiehlt sich die Verwendung des Leblon Set,Essential Set Oder Total Repair es verl\u00e4ngert die Wirkung der Behandlung um mehrere Monate. Aufgrund der gleichen Wirkstoffe erg\u00e4nzen sie die Kortexschicht, den interzellul\u00e4ren Zement und die Haarkutikula.<\/p>\n<p><strong>Vorsichtsma\u00dfnahmen:<\/strong>Von Kindern fernhalten. Vor Licht, \u00fcberm\u00e4\u00dfiger Hitze und Feuchtigkeit sch\u00fctzen. Kontakt mit Augen, Mund und Schleimh\u00e4uten vermeiden. Bei Allergien die Anwendung abbrechen.<\/p>\n<p>*** ACHTUNG! ***<br \/>\nTOP HAIR COSMETICS<br \/>\nDie Produkte sind f\u00fcr den Professionellen Gebrauch. Wir ber\u00fccksichtigen keine Reklamationen!<\/p>\n<\/div>\n<\/div><\/div><\/div><\/div><div id=\"pg-3176-1\"  class=\"panel-grid panel-no-style\" ><div id=\"pgc-3176-1-0\"  class=\"panel-grid-cell\" ><div id=\"panel-3176-1-0-0\" class=\"so-panel widget widget_echelonso-eso-slider panel-first-child panel-last-child\" data-index=\"1\" ><div class=\"slider-product-video panel-widget-style panel-widget-style-for-3176-1-0-0\" ><div\n\t\t\t\n\t\t\tclass=\"so-widget-echelonso-eso-slider so-widget-echelonso-eso-slider-default-4333943d95ad-3176\"\n\t\t\t\n\t\t>\r\n    <div uk-slider=\"center: true; autoplay: true; autoplay-interval: 6000; clsActivated: eso\" tabindex=\"-1\">\r\n\r\n        <div class=\"uk-position-relative\">\r\n\r\n            <div  class=\"uk-slider-container\">\r\n\r\n                <div class=\"uk-slider-items uk-grid eso-slider-items-class uk-child-width-1-1 uk-child-width-1-1 uk-child-width-1-1 uk-child-width-1-1\">\r\n                                            <div>\r\n                            <div id=\"pl-w4b65ccf6\"  class=\"panel-layout\" ><div id=\"pg-w4b65ccf6-0\"  class=\"panel-grid panel-no-style\" ><div id=\"pgc-w4b65ccf6-0-0\"  class=\"panel-grid-cell\" ><div id=\"panel-w4b65ccf6-0-0-0\" class=\"so-panel widget widget_media_video panel-first-child panel-last-child\" data-index=\"0\" ><div class=\"panel-widget-style panel-widget-style-for-w4b65ccf6-0-0-0\" ><div style=\"width:100%;\" class=\"wp-video\"><video class=\"wp-video-shortcode\" id=\"video-3176-1\" preload=\"metadata\" controls=\"controls\"><source type=\"video\/mp4\" src=\"https:\/\/kosmetikbyemad.de\/wp-content\/uploads\/2022\/02\/bioplastia-2.mp4?_=1\" \/><source type=\"video\/mp4\" src=\"https:\/\/kosmetikbyemad.de\/wp-content\/uploads\/2022\/02\/bioplastia-2.mp4?_=1\" \/><a href=\"https:\/\/kosmetikbyemad.de\/wp-content\/uploads\/2022\/02\/bioplastia-2.mp4\">https:\/\/kosmetikbyemad.de\/wp-content\/uploads\/2022\/02\/bioplastia-2.mp4<\/a><\/video><\/div><\/div><\/div><\/div><\/div><\/div>                        <\/div>\r\n                                            <div>\r\n                            <div id=\"pl-wbbce4e5b\"  class=\"panel-layout\" ><div id=\"pg-wbbce4e5b-0\"  class=\"panel-grid panel-no-style\" ><div id=\"pgc-wbbce4e5b-0-0\"  class=\"panel-grid-cell\" ><div id=\"panel-wbbce4e5b-0-0-0\" class=\"so-panel widget widget_media_video panel-first-child panel-last-child\" data-index=\"0\" ><div class=\"panel-widget-style panel-widget-style-for-wbbce4e5b-0-0-0\" ><div style=\"width:100%;\" class=\"wp-video\"><video class=\"wp-video-shortcode\" id=\"video-3176-2\" preload=\"metadata\" controls=\"controls\"><source type=\"video\/mp4\" src=\"https:\/\/kosmetikbyemad.de\/wp-content\/uploads\/2022\/02\/bioplastia1.mp4?_=2\" \/><source type=\"video\/mp4\" src=\"https:\/\/kosmetikbyemad.de\/wp-content\/uploads\/2022\/02\/bioplastia1.mp4?_=2\" \/><a href=\"https:\/\/kosmetikbyemad.de\/wp-content\/uploads\/2022\/02\/bioplastia1.mp4\">https:\/\/kosmetikbyemad.de\/wp-content\/uploads\/2022\/02\/bioplastia1.mp4<\/a><\/video><\/div><\/div><\/div><\/div><\/div><\/div>                        <\/div>\r\n                                            <div>\r\n                            <div id=\"pl-w256a2d2d\"  class=\"panel-layout\" ><div id=\"pg-w256a2d2d-0\"  class=\"panel-grid panel-no-style\" ><div id=\"pgc-w256a2d2d-0-0\"  class=\"panel-grid-cell\" ><div id=\"panel-w256a2d2d-0-0-0\" class=\"so-panel widget widget_media_video panel-first-child panel-last-child\" data-index=\"0\" ><div class=\"panel-widget-style panel-widget-style-for-w256a2d2d-0-0-0\" ><div style=\"width:100%;\" class=\"wp-video\"><video class=\"wp-video-shortcode\" id=\"video-3176-3\" preload=\"metadata\" controls=\"controls\"><source type=\"video\/mp4\" src=\"https:\/\/kosmetikbyemad.de\/wp-content\/uploads\/2022\/02\/bioplastia2.mp4?_=3\" \/><source type=\"video\/mp4\" src=\"https:\/\/kosmetikbyemad.de\/wp-content\/uploads\/2022\/02\/bioplastia2.mp4?_=3\" \/><a href=\"https:\/\/kosmetikbyemad.de\/wp-content\/uploads\/2022\/02\/bioplastia2.mp4\">https:\/\/kosmetikbyemad.de\/wp-content\/uploads\/2022\/02\/bioplastia2.mp4<\/a><\/video><\/div><\/div><\/div><\/div><\/div><\/div>                        <\/div>\r\n                                            <div>\r\n                            <div id=\"pl-w76d269c4\"  class=\"panel-layout\" ><div id=\"pg-w76d269c4-0\"  class=\"panel-grid panel-no-style\" ><div id=\"pgc-w76d269c4-0-0\"  class=\"panel-grid-cell\" ><div id=\"panel-w76d269c4-0-0-0\" class=\"so-panel widget widget_media_video panel-first-child panel-last-child\" data-index=\"0\" ><div class=\"panel-widget-style panel-widget-style-for-w76d269c4-0-0-0\" ><div style=\"width:100%;\" class=\"wp-video\"><video class=\"wp-video-shortcode\" id=\"video-3176-4\" preload=\"metadata\" controls=\"controls\"><source type=\"video\/mp4\" src=\"https:\/\/kosmetikbyemad.de\/wp-content\/uploads\/2022\/02\/bioplastia3.mp4?_=4\" \/><source type=\"video\/mp4\" src=\"https:\/\/kosmetikbyemad.de\/wp-content\/uploads\/2022\/02\/bioplastia3.mp4?_=4\" \/><a href=\"https:\/\/kosmetikbyemad.de\/wp-content\/uploads\/2022\/02\/bioplastia3.mp4\">https:\/\/kosmetikbyemad.de\/wp-content\/uploads\/2022\/02\/bioplastia3.mp4<\/a><\/video><\/div><\/div><\/div><\/div><\/div><\/div>                        <\/div>\r\n                                            <div>\r\n                            <div id=\"pl-w330af15f\"  class=\"panel-layout\" ><div id=\"pg-w330af15f-0\"  class=\"panel-grid panel-no-style\" ><div id=\"pgc-w330af15f-0-0\"  class=\"panel-grid-cell\" ><div id=\"panel-w330af15f-0-0-0\" class=\"so-panel widget widget_media_video panel-first-child panel-last-child\" data-index=\"0\" ><div class=\"panel-widget-style panel-widget-style-for-w330af15f-0-0-0\" ><div style=\"width:100%;\" class=\"wp-video\"><video class=\"wp-video-shortcode\" id=\"video-3176-5\" preload=\"metadata\" controls=\"controls\"><source type=\"video\/mp4\" src=\"https:\/\/kosmetikbyemad.de\/wp-content\/uploads\/2022\/02\/bioplastia4.mp4?_=5\" \/><source type=\"video\/mp4\" src=\"https:\/\/kosmetikbyemad.de\/wp-content\/uploads\/2022\/02\/bioplastia4.mp4?_=5\" \/><a href=\"https:\/\/kosmetikbyemad.de\/wp-content\/uploads\/2022\/02\/bioplastia4.mp4\">https:\/\/kosmetikbyemad.de\/wp-content\/uploads\/2022\/02\/bioplastia4.mp4<\/a><\/video><\/div><\/div><\/div><\/div><\/div><\/div>                        <\/div>\r\n                                            <div>\r\n                            <div id=\"pl-wf256ba69\"  class=\"panel-layout\" ><div id=\"pg-wf256ba69-0\"  class=\"panel-grid panel-no-style\" ><div id=\"pgc-wf256ba69-0-0\"  class=\"panel-grid-cell\" ><div id=\"panel-wf256ba69-0-0-0\" class=\"so-panel widget widget_media_video panel-first-child panel-last-child\" data-index=\"0\" ><div class=\"panel-widget-style panel-widget-style-for-wf256ba69-0-0-0\" ><div style=\"width:100%;\" class=\"wp-video\"><video class=\"wp-video-shortcode\" id=\"video-3176-6\" preload=\"metadata\" controls=\"controls\"><source type=\"video\/mp4\" src=\"https:\/\/kosmetikbyemad.de\/wp-content\/uploads\/2022\/02\/bioplastia5.mp4?_=6\" \/><source type=\"video\/mp4\" src=\"https:\/\/kosmetikbyemad.de\/wp-content\/uploads\/2022\/02\/bioplastia5.mp4?_=6\" \/><a href=\"https:\/\/kosmetikbyemad.de\/wp-content\/uploads\/2022\/02\/bioplastia5.mp4\">https:\/\/kosmetikbyemad.de\/wp-content\/uploads\/2022\/02\/bioplastia5.mp4<\/a><\/video><\/div><\/div><\/div><\/div><\/div><\/div>                        <\/div>\r\n                                            <div>\r\n                            <div id=\"pl-wb946f038\"  class=\"panel-layout\" ><div id=\"pg-wb946f038-0\"  class=\"panel-grid panel-no-style\" ><div id=\"pgc-wb946f038-0-0\"  class=\"panel-grid-cell\" ><div id=\"panel-wb946f038-0-0-0\" class=\"so-panel widget widget_media_video panel-first-child panel-last-child\" data-index=\"0\" ><div class=\"panel-widget-style panel-widget-style-for-wb946f038-0-0-0\" ><div style=\"width:100%;\" class=\"wp-video\"><video class=\"wp-video-shortcode\" id=\"video-3176-7\" preload=\"metadata\" controls=\"controls\"><source type=\"video\/mp4\" src=\"https:\/\/kosmetikbyemad.de\/wp-content\/uploads\/2022\/02\/bioplastia6.mp4?_=7\" \/><source type=\"video\/mp4\" src=\"https:\/\/kosmetikbyemad.de\/wp-content\/uploads\/2022\/02\/bioplastia6.mp4?_=7\" \/><a href=\"https:\/\/kosmetikbyemad.de\/wp-content\/uploads\/2022\/02\/bioplastia6.mp4\">https:\/\/kosmetikbyemad.de\/wp-content\/uploads\/2022\/02\/bioplastia6.mp4<\/a><\/video><\/div><\/div><\/div><\/div><\/div><\/div>                        <\/div>\r\n                                            <div>\r\n                            <div id=\"pl-w5d35011e\"  class=\"panel-layout\" ><div id=\"pg-w5d35011e-0\"  class=\"panel-grid panel-no-style\" ><div id=\"pgc-w5d35011e-0-0\"  class=\"panel-grid-cell\" ><div id=\"panel-w5d35011e-0-0-0\" class=\"so-panel widget widget_media_video panel-first-child panel-last-child\" data-index=\"0\" ><div class=\"panel-widget-style panel-widget-style-for-w5d35011e-0-0-0\" ><div style=\"width:100%;\" class=\"wp-video\"><video class=\"wp-video-shortcode\" id=\"video-3176-8\" preload=\"metadata\" controls=\"controls\"><source type=\"video\/mp4\" src=\"https:\/\/kosmetikbyemad.de\/wp-content\/uploads\/2022\/02\/bioplastia7.mp4?_=8\" \/><source type=\"video\/mp4\" src=\"https:\/\/kosmetikbyemad.de\/wp-content\/uploads\/2022\/02\/bioplastia7.mp4?_=8\" \/><a href=\"https:\/\/kosmetikbyemad.de\/wp-content\/uploads\/2022\/02\/bioplastia7.mp4\">https:\/\/kosmetikbyemad.de\/wp-content\/uploads\/2022\/02\/bioplastia7.mp4<\/a><\/video><\/div><\/div><\/div><\/div><\/div><\/div>                        <\/div>\r\n                                            <div>\r\n                            <div id=\"pl-w5d092736\"  class=\"panel-layout\" ><div id=\"pg-w5d092736-0\"  class=\"panel-grid panel-no-style\" ><div id=\"pgc-w5d092736-0-0\"  class=\"panel-grid-cell\" ><div id=\"panel-w5d092736-0-0-0\" class=\"so-panel widget widget_media_video panel-first-child panel-last-child\" data-index=\"0\" ><div class=\"panel-widget-style panel-widget-style-for-w5d092736-0-0-0\" ><div style=\"width:100%;\" class=\"wp-video\"><video class=\"wp-video-shortcode\" id=\"video-3176-9\" preload=\"metadata\" controls=\"controls\"><source type=\"video\/mp4\" src=\"https:\/\/kosmetikbyemad.de\/wp-content\/uploads\/2022\/02\/bioplastia8.mp4?_=9\" \/><source type=\"video\/mp4\" src=\"https:\/\/kosmetikbyemad.de\/wp-content\/uploads\/2022\/02\/bioplastia8.mp4?_=9\" \/><a href=\"https:\/\/kosmetikbyemad.de\/wp-content\/uploads\/2022\/02\/bioplastia8.mp4\">https:\/\/kosmetikbyemad.de\/wp-content\/uploads\/2022\/02\/bioplastia8.mp4<\/a><\/video><\/div><\/div><\/div><\/div><\/div><\/div>                        <\/div>\r\n                                            <div>\r\n                            <div id=\"pl-w2c76a97c\"  class=\"panel-layout\" ><div id=\"pg-w2c76a97c-0\"  class=\"panel-grid panel-no-style\" ><div id=\"pgc-w2c76a97c-0-0\"  class=\"panel-grid-cell\" ><div id=\"panel-w2c76a97c-0-0-0\" class=\"so-panel widget widget_media_video panel-first-child panel-last-child\" data-index=\"0\" ><div class=\"panel-widget-style panel-widget-style-for-w2c76a97c-0-0-0\" ><div style=\"width:100%;\" class=\"wp-video\"><video class=\"wp-video-shortcode\" id=\"video-3176-10\" preload=\"metadata\" controls=\"controls\"><source type=\"video\/mp4\" src=\"https:\/\/kosmetikbyemad.de\/wp-content\/uploads\/2022\/02\/bioplastia-3.mp4?_=10\" \/><source type=\"video\/mp4\" src=\"https:\/\/kosmetikbyemad.de\/wp-content\/uploads\/2022\/02\/bioplastia-3.mp4?_=10\" \/><a href=\"https:\/\/kosmetikbyemad.de\/wp-content\/uploads\/2022\/02\/bioplastia-3.mp4\">https:\/\/kosmetikbyemad.de\/wp-content\/uploads\/2022\/02\/bioplastia-3.mp4<\/a><\/video><\/div><\/div><\/div><\/div><\/div><\/div>                        <\/div>\r\n                                            <div>\r\n                            <div id=\"pl-w51368faf\"  class=\"panel-layout\" ><div id=\"pg-w51368faf-0\"  class=\"panel-grid panel-no-style\" ><div id=\"pgc-w51368faf-0-0\"  class=\"panel-grid-cell\" ><div id=\"panel-w51368faf-0-0-0\" class=\"so-panel widget widget_media_video panel-first-child panel-last-child\" data-index=\"0\" ><div class=\"panel-widget-style panel-widget-style-for-w51368faf-0-0-0\" ><div style=\"width:100%;\" class=\"wp-video\"><video class=\"wp-video-shortcode\" id=\"video-3176-11\" preload=\"metadata\" controls=\"controls\"><source type=\"video\/mp4\" src=\"https:\/\/kosmetikbyemad.de\/wp-content\/uploads\/2022\/02\/bioplastia9.mp4?_=11\" \/><source type=\"video\/mp4\" src=\"https:\/\/kosmetikbyemad.de\/wp-content\/uploads\/2022\/02\/bioplastia9.mp4?_=11\" \/><a href=\"https:\/\/kosmetikbyemad.de\/wp-content\/uploads\/2022\/02\/bioplastia9.mp4\">https:\/\/kosmetikbyemad.de\/wp-content\/uploads\/2022\/02\/bioplastia9.mp4<\/a><\/video><\/div><\/div><\/div><\/div><\/div><\/div>                        <\/div>\r\n                                            <div>\r\n                            <div id=\"pl-w326c9d17\"  class=\"panel-layout\" ><div id=\"pg-w326c9d17-0\"  class=\"panel-grid panel-no-style\" ><div id=\"pgc-w326c9d17-0-0\"  class=\"panel-grid-cell\" ><div id=\"panel-w326c9d17-0-0-0\" class=\"so-panel widget widget_media_video panel-first-child panel-last-child\" data-index=\"0\" ><div class=\"panel-widget-style panel-widget-style-for-w326c9d17-0-0-0\" ><div style=\"width:100%;\" class=\"wp-video\"><video class=\"wp-video-shortcode\" id=\"video-3176-12\" preload=\"metadata\" controls=\"controls\"><source type=\"video\/mp4\" src=\"https:\/\/kosmetikbyemad.de\/wp-content\/uploads\/2022\/02\/bioplastia10.mp4?_=12\" \/><source type=\"video\/mp4\" src=\"https:\/\/kosmetikbyemad.de\/wp-content\/uploads\/2022\/02\/bioplastia10.mp4?_=12\" \/><a href=\"https:\/\/kosmetikbyemad.de\/wp-content\/uploads\/2022\/02\/bioplastia10.mp4\">https:\/\/kosmetikbyemad.de\/wp-content\/uploads\/2022\/02\/bioplastia10.mp4<\/a><\/video><\/div><\/div><\/div><\/div><\/div><\/div>                        <\/div>\r\n                                            <div>\r\n                            <div id=\"pl-w446979e3\"  class=\"panel-layout\" ><div id=\"pg-w446979e3-0\"  class=\"panel-grid panel-no-style\" ><div id=\"pgc-w446979e3-0-0\"  class=\"panel-grid-cell\" ><div id=\"panel-w446979e3-0-0-0\" class=\"so-panel widget widget_media_video panel-first-child panel-last-child\" data-index=\"0\" ><div class=\"panel-widget-style panel-widget-style-for-w446979e3-0-0-0\" ><div style=\"width:100%;\" class=\"wp-video\"><video class=\"wp-video-shortcode\" id=\"video-3176-13\" preload=\"metadata\" controls=\"controls\"><source type=\"video\/mp4\" src=\"https:\/\/kosmetikbyemad.de\/wp-content\/uploads\/2022\/02\/bioplastia14.mp4?_=13\" \/><source type=\"video\/mp4\" src=\"https:\/\/kosmetikbyemad.de\/wp-content\/uploads\/2022\/02\/bioplastia14.mp4?_=13\" \/><a href=\"https:\/\/kosmetikbyemad.de\/wp-content\/uploads\/2022\/02\/bioplastia14.mp4\">https:\/\/kosmetikbyemad.de\/wp-content\/uploads\/2022\/02\/bioplastia14.mp4<\/a><\/video><\/div><\/div><\/div><\/div><\/div><\/div>                        <\/div>\r\n                                    <\/div>\r\n\r\n            <\/div>\r\n\r\n                            <a class=\"uk-slidenav uk-position-center-left-out eso eso uk-hidden-touch\" href=\"#\" uk-slidenav-previous uk-slider-item=\"previous\"><\/a>\r\n                <a class=\"uk-slidenav uk-position-center-right-out eso eso uk-hidden-touch\" href=\"#\" uk-slidenav-next uk-slider-item=\"next\"><\/a>\r\n            \r\n        <\/div>\r\n\r\n                    <ul class=\"uk-slider-nav uk-dotnav uk-flex-center\"><\/ul>\r\n        \r\n    <\/div>\r\n\r\n<\/div><\/div><\/div><\/div><\/div><\/div>","protected":false},"excerpt":{"rendered":"<p>1-Das Deep Cleaning Tiefreinigendes Shampoo, die mit den besten Verbindungen und exklusiven Kombinationen Green tea + Aloe vera ausgew\u00e4hlt wurde, [&hellip;]<\/p>\n","protected":false},"featured_media":3185,"comment_status":"open","ping_status":"closed","template":"","meta":[],"product_brand":[],"product_cat":[232],"product_tag":[144,102,100,101,103,153],"class_list":{"0":"post-3176","1":"product","2":"type-product","3":"status-publish","4":"has-post-thumbnail","6":"product_cat-bioplastia-3-step","7":"product_tag-dauerhafthaarglaettung","8":"product_tag-haarglaettung","9":"product_tag-keratin","10":"product_tag-keratinglaettung","11":"product_tag-proteinglaettung","12":"product_tag-taninno","13":"product_shipping_class-package","15":"first","16":"outofstock","17":"taxable","18":"shipping-taxable","19":"purchasable","20":"product-type-simple"},"jetpack_sharing_enabled":true,"_links":{"self":[{"href":"https:\/\/kosmetikbyemad.de\/en\/wp-json\/wp\/v2\/product\/3176","targetHints":{"allow":["GET"]}}],"collection":[{"href":"https:\/\/kosmetikbyemad.de\/en\/wp-json\/wp\/v2\/product"}],"about":[{"href":"https:\/\/kosmetikbyemad.de\/en\/wp-json\/wp\/v2\/types\/product"}],"replies":[{"embeddable":true,"href":"https:\/\/kosmetikbyemad.de\/en\/wp-json\/wp\/v2\/comments?post=3176"}],"wp:featuredmedia":[{"embeddable":true,"href":"https:\/\/kosmetikbyemad.de\/en\/wp-json\/wp\/v2\/media\/3185"}],"wp:attachment":[{"href":"https:\/\/kosmetikbyemad.de\/en\/wp-json\/wp\/v2\/media?parent=3176"}],"wp:term":[{"taxonomy":"product_brand","embeddable":true,"href":"https:\/\/kosmetikbyemad.de\/en\/wp-json\/wp\/v2\/product_brand?post=3176"},{"taxonomy":"product_cat","embeddable":true,"href":"https:\/\/kosmetikbyemad.de\/en\/wp-json\/wp\/v2\/product_cat?post=3176"},{"taxonomy":"product_tag","embeddable":true,"href":"https:\/\/kosmetikbyemad.de\/en\/wp-json\/wp\/v2\/product_tag?post=3176"}],"curies":[{"name":"wp","href":"https:\/\/api.w.org\/{rel}","templated":true}]}}