{"id":3502,"date":"2025-06-19T00:30:37","date_gmt":"2025-06-18T22:30:37","guid":{"rendered":"https:\/\/kosmetikbyemad.de\/?post_type=product&#038;p=3502"},"modified":"2026-03-23T17:04:14","modified_gmt":"2026-03-23T16:04:14","slug":"top-hair-cosmetics-leblon-nutritive-shampoo-balm-1000-ml","status":"publish","type":"product","link":"https:\/\/kosmetikbyemad.de\/en\/product\/top-hair-cosmetics-leblon-nutritive-shampoo-balm-1000-ml\/","title":{"rendered":"Top Hair Cosmetics \u2013 Leblon Nutritive Shampoo &#038; Balm 1000 Ml"},"content":{"rendered":"<div id=\"pl-3502\"  class=\"panel-layout\" ><div id=\"pg-3502-0\"  class=\"panel-grid panel-no-style\" ><div id=\"pgc-3502-0-0\"  class=\"panel-grid-cell\" ><div id=\"panel-3502-0-0-0\" class=\"so-panel widget widget_sow-editor panel-first-child\" data-index=\"0\" ><div\n\t\t\t\n\t\t\tclass=\"so-widget-sow-editor so-widget-sow-editor-base\"\n\t\t\t\n\t\t>\n<div class=\"siteorigin-widget-tinymce textwidget\">\n\t<p>Top Hair Cosmetics \u2013 Leblon Nutritive Shampoo &amp; Balm 1000 Ml<\/p>\n<div>Intensive Pflege aus Brasilien f\u00fcr strapaziertes und trockenes Haar<\/div>\n<div><\/div>\n<div>Entdecke die Kraft brasilianischer Haarpflege mit dem TopHair Cosmetics Nutritive Shampoo &amp; Balm im gro\u00dfz\u00fcgigen 1-Liter-Format \u2013 ideal f\u00fcr den professionellen Einsatz oder die langanhaltende Pflege zu Hause.<\/div>\n<div><\/div>\n<div><strong>Diese<\/strong> Pflegeserie wurde speziell entwickelt, um trockenem, strapaziertem und chemisch behandeltem Haar seine Vitalit\u00e4t zur\u00fcckzugeben. Angereichert mit wertvollen Inhaltsstoffen wie Argan\u00f6l und Pflanzenextrakten, versorgen Shampoo und Balm das Haar intensiv mit Feuchtigkeit, n\u00e4hren es bis in die Tiefe und verleihen ihm neue Geschmeidigkeit und Glanz.<\/div>\n<div><\/div>\n<div><strong>Shampoo<\/strong> \u2013 Sanfte Reinigung &amp; N\u00e4hrstoffversorgung<\/div>\n<div>\u2022Reinigt Haar und Kopfhaut schonend<\/div>\n<div>\u2022Versorgt das Haar mit essenziellen N\u00e4hrstoffen<\/div>\n<div>\u2022Bereitet optimal auf die Pflege mit dem Balm vor<\/div>\n<div><\/div>\n<div><strong>Balm<\/strong> \u2013 Intensivpflege &amp; Regeneration<\/div>\n<div>\u2022Pflegt intensiv ohne zu beschweren<\/div>\n<div>\u2022Repariert strapazierte Haarfasern<\/div>\n<div>\u2022Macht das Haar weich, k\u00e4mmbar und sichtbar ges\u00fcnder<\/div>\n<div><\/div>\n<div><strong>Hergestellt in Brasilien<\/strong> \u2013 inspiriert von der nat\u00fcrlichen Vielfalt und Expertise brasilianischer Kosmetik.<\/div>\n<div><\/div>\n<div>\u2e3b<\/div>\n<div><\/div>\n<div><strong>Ideal f\u00fcr:<\/strong><\/div>\n<div>Trockenes, gesch\u00e4digtes oder chemisch behandeltes Haar<\/div>\n<div>Professionelle Salons &amp; anspruchsvolle Heimanwender<\/div>\n<div>Gro\u00dfe Familien oder Vielnutzer dank der 1-Liter-Gr\u00f6\u00dfe<\/div>\n<div><\/div>\n<div>\u2e3b<\/div>\n<div><\/div>\n<div><strong>Inhalt:<\/strong><\/div>\n<div>\u20221x Nutritive Shampoo \u2013 1000 ml<\/div>\n<div>\u20221x Nutritive Balm \u2013 1000 ml<\/div>\n<\/div>\n<\/div><\/div><div id=\"panel-3502-0-0-1\" class=\"so-panel widget widget_echelonso-eso-video panel-last-child\" data-index=\"1\" ><div\n\t\t\t\n\t\t\tclass=\"so-widget-echelonso-eso-video so-widget-echelonso-eso-video-default-d75171398898-3502\"\n\t\t\t\n\t\t>    <video style=\"max-width: 100%;\" src=\"https:\/\/kosmetikbyemad.de\/wp-content\/uploads\/2025\/06\/WhatsApp-Video-2025-06-18-at-22.14.15.mp4\" uk-video=\"autoplay: inview\" eso muted loop playsinline><\/video>\r\n<\/div><\/div><\/div><\/div><\/div>","protected":false},"excerpt":{"rendered":"<p>Home Care pflegeProdukte Sulfat frei Silikon frei<\/p>","protected":false},"featured_media":3590,"comment_status":"open","ping_status":"closed","template":"","meta":[],"product_brand":[],"product_cat":[169,50],"product_tag":[141,139,170,142,171,140],"class_list":{"0":"post-3502","1":"product","2":"type-product","3":"status-publish","4":"has-post-thumbnail","6":"product_cat-leblon-home-care","7":"product_cat-top-hair","8":"product_tag-anti-frizz","9":"product_tag-haarmaske","10":"product_tag-home-care","11":"product_tag-organic","12":"product_tag-pflage-produkt","13":"product_tag-ph-equilibrium","14":"product_shipping_class-package","16":"first","17":"instock","18":"sale","19":"taxable","20":"shipping-taxable","21":"purchasable","22":"product-type-simple"},"jetpack_sharing_enabled":true,"_links":{"self":[{"href":"https:\/\/kosmetikbyemad.de\/en\/wp-json\/wp\/v2\/product\/3502","targetHints":{"allow":["GET"]}}],"collection":[{"href":"https:\/\/kosmetikbyemad.de\/en\/wp-json\/wp\/v2\/product"}],"about":[{"href":"https:\/\/kosmetikbyemad.de\/en\/wp-json\/wp\/v2\/types\/product"}],"replies":[{"embeddable":true,"href":"https:\/\/kosmetikbyemad.de\/en\/wp-json\/wp\/v2\/comments?post=3502"}],"wp:featuredmedia":[{"embeddable":true,"href":"https:\/\/kosmetikbyemad.de\/en\/wp-json\/wp\/v2\/media\/3590"}],"wp:attachment":[{"href":"https:\/\/kosmetikbyemad.de\/en\/wp-json\/wp\/v2\/media?parent=3502"}],"wp:term":[{"taxonomy":"product_brand","embeddable":true,"href":"https:\/\/kosmetikbyemad.de\/en\/wp-json\/wp\/v2\/product_brand?post=3502"},{"taxonomy":"product_cat","embeddable":true,"href":"https:\/\/kosmetikbyemad.de\/en\/wp-json\/wp\/v2\/product_cat?post=3502"},{"taxonomy":"product_tag","embeddable":true,"href":"https:\/\/kosmetikbyemad.de\/en\/wp-json\/wp\/v2\/product_tag?post=3502"}],"curies":[{"name":"wp","href":"https:\/\/api.w.org\/{rel}","templated":true}]}}