{"id":3760,"date":"2025-09-23T19:52:44","date_gmt":"2025-09-23T17:52:44","guid":{"rendered":"https:\/\/kosmetikbyemad.de\/?post_type=product&#038;p=3760"},"modified":"2026-03-14T14:45:40","modified_gmt":"2026-03-14T13:45:40","slug":"top-hair-cosmetics-leblon-nutritive-shampoo-300-ml","status":"publish","type":"product","link":"https:\/\/kosmetikbyemad.de\/en\/product\/top-hair-cosmetics-leblon-nutritive-shampoo-300-ml\/","title":{"rendered":"Top Hair Cosmetics \u2013 Leblon Nutritive Shampoo 300 Ml"},"content":{"rendered":"<div id=\"pl-3760\"  class=\"panel-layout\" ><div id=\"pg-3760-0\"  class=\"panel-grid panel-no-style\" ><div id=\"pgc-3760-0-0\"  class=\"panel-grid-cell\" ><div id=\"panel-3760-0-0-0\" class=\"so-panel widget widget_sow-editor panel-first-child panel-last-child\" data-index=\"0\" ><div\n\t\t\t\n\t\t\tclass=\"so-widget-sow-editor so-widget-sow-editor-base\"\n\t\t\t\n\t\t>\n<div class=\"siteorigin-widget-tinymce textwidget\">\n\t<p>Top Hair Cosmetics \u2013 Leblon Nutritive Shampoo 300 Ml<\/p>\n<div>Intensive Pflege aus Brasilien f\u00fcr strapaziertes und trockenes Haar<\/div>\n<div><\/div>\n<div>Entdecke die Kraft brasilianischer Haarpflege mit dem TopHair Cosmetics Nutritive Shampoo im gro\u00dfz\u00fcgigen 300 ML-Format \u2013 ideal f\u00fcr den professionellen Einsatz oder die langanhaltende Pflege zu Hause.<\/div>\n<div><\/div>\n<div><strong>Diese Pflegeserie<\/strong> wurde speziell entwickelt, um trockenem, strapaziertem und chemisch behandeltem Haar seine Vitalit\u00e4t zur\u00fcckzugeben. Angereichert mit wertvollen Inhaltsstoffen wie Argan\u00f6l und Pflanzenextrakten, versorgen Shampoo\u00a0 das Haar intensiv mit Feuchtigkeit, n\u00e4hren es bis in die Tiefe und verleihen ihm neue Geschmeidigkeit und Glanz.<\/div>\n<div><\/div>\n<div>\ud83d\udca7 <strong>Shampoo<\/strong> \u2013 Sanfte Reinigung &amp; N\u00e4hrstoffversorgung<\/div>\n<div>\u2022Reinigt Haar und Kopfhaut schonend<\/div>\n<div>\u2022Versorgt das Haar mit essenziellen N\u00e4hrstoffen<\/div>\n<div>\u2022Bereitet optimal auf die Pflege mit dem Balm vor<\/div>\n<div><\/div>\n<div><\/div>\n<div><strong>Hergestellt in Brasilien<\/strong> \u2013 inspiriert von der nat\u00fcrlichen Vielfalt und Expertise brasilianischer Kosmetik.<\/div>\n<div><\/div>\n<div>\u2e3b<\/div>\n<div><\/div>\n<div><strong>Ideal f\u00fcr:<\/strong><\/div>\n<div>\u2714\ufe0f Trockenes, gesch\u00e4digtes oder chemisch behandeltes Haar<\/div>\n<div>\u2714\ufe0f Professionelle Salons &amp; anspruchsvolle Heimanwender<\/div>\n<div>\u2714\ufe0f Gro\u00dfe Familien oder Vielnutzer dank der 1-Liter-Gr\u00f6\u00dfe<\/div>\n<div><\/div>\n<div>\u2e3b<\/div>\n<div><\/div>\n<div><strong>Inhalt:<\/strong><\/div>\n<div>\u20221x Nutritive Shampoo \u2013 300 ml<\/div>\n<\/div>\n<\/div><\/div><\/div><\/div><\/div>","protected":false},"excerpt":{"rendered":"<p>Home Care pfleg Produkt Sulfat frei Silikon frei<\/p>","protected":false},"featured_media":3761,"comment_status":"open","ping_status":"closed","template":"","meta":[],"product_brand":[],"product_cat":[169,50],"product_tag":[141,139,170,142,171,140],"class_list":{"0":"post-3760","1":"product","2":"type-product","3":"status-publish","4":"has-post-thumbnail","6":"product_cat-leblon-home-care","7":"product_cat-top-hair","8":"product_tag-anti-frizz","9":"product_tag-haarmaske","10":"product_tag-home-care","11":"product_tag-organic","12":"product_tag-pflage-produkt","13":"product_tag-ph-equilibrium","14":"product_shipping_class-package","16":"first","17":"instock","18":"sale","19":"taxable","20":"shipping-taxable","21":"purchasable","22":"product-type-simple"},"jetpack_sharing_enabled":true,"_links":{"self":[{"href":"https:\/\/kosmetikbyemad.de\/en\/wp-json\/wp\/v2\/product\/3760","targetHints":{"allow":["GET"]}}],"collection":[{"href":"https:\/\/kosmetikbyemad.de\/en\/wp-json\/wp\/v2\/product"}],"about":[{"href":"https:\/\/kosmetikbyemad.de\/en\/wp-json\/wp\/v2\/types\/product"}],"replies":[{"embeddable":true,"href":"https:\/\/kosmetikbyemad.de\/en\/wp-json\/wp\/v2\/comments?post=3760"}],"wp:featuredmedia":[{"embeddable":true,"href":"https:\/\/kosmetikbyemad.de\/en\/wp-json\/wp\/v2\/media\/3761"}],"wp:attachment":[{"href":"https:\/\/kosmetikbyemad.de\/en\/wp-json\/wp\/v2\/media?parent=3760"}],"wp:term":[{"taxonomy":"product_brand","embeddable":true,"href":"https:\/\/kosmetikbyemad.de\/en\/wp-json\/wp\/v2\/product_brand?post=3760"},{"taxonomy":"product_cat","embeddable":true,"href":"https:\/\/kosmetikbyemad.de\/en\/wp-json\/wp\/v2\/product_cat?post=3760"},{"taxonomy":"product_tag","embeddable":true,"href":"https:\/\/kosmetikbyemad.de\/en\/wp-json\/wp\/v2\/product_tag?post=3760"}],"curies":[{"name":"wp","href":"https:\/\/api.w.org\/{rel}","templated":true}]}}