{"id":3924,"date":"2025-12-23T00:52:06","date_gmt":"2025-12-22T23:52:06","guid":{"rendered":"https:\/\/kosmetikbyemad.de\/?post_type=product&#038;p=3924"},"modified":"2026-03-03T02:50:08","modified_gmt":"2026-03-03T01:50:08","slug":"magic-curls-das-ultimative-3-teilige-pflegeset-fuer-lockiges-krauses-haar-3-teilig-je-1l","status":"publish","type":"product","link":"https:\/\/kosmetikbyemad.de\/en\/product\/magic-curls-das-ultimative-3-teilige-pflegeset-fuer-lockiges-krauses-haar-3-teilig-je-1l\/","title":{"rendered":"Magic Curls \u2013 Das ultimative Pflegeset f\u00fcr lockiges &#038; krauses Haar (3-teilig | je 1L)"},"content":{"rendered":"<div id=\"pl-3924\"  class=\"panel-layout\" ><div id=\"pg-3924-0\"  class=\"panel-grid panel-no-style\" ><div id=\"pgc-3924-0-0\"  class=\"panel-grid-cell\" ><div id=\"panel-3924-0-0-0\" class=\"so-panel widget widget_sow-editor panel-first-child panel-last-child\" data-index=\"0\" ><div\n\t\t\t\n\t\t\tclass=\"so-widget-sow-editor so-widget-sow-editor-base\"\n\t\t\t\n\t\t>\n<div class=\"siteorigin-widget-tinymce textwidget\">\n\t<p><strong>Magic Curls \u2013 Das ultimative 3-teilige Pflegeset f\u00fcr lockiges &amp; krauses Haar<\/strong><br \/>\n\u200bVerwandle deine Locken mit der Kraft der Natur! Das Magic Curls Set von TopHair Cosmetics wurde speziell entwickelt, um welligem, lockigem und krausem Haar (Haartypen 2A bis 4C) genau das zu geben, was es braucht: intensive Feuchtigkeit, Definition und strahlenden Glanz.<br \/>\n\u200bDank der hochwirksamen Formel mit Kokosnuss\u00f6l, Sheabutter, Leinsamen\u00f6l und Vitamin E geh\u00f6rt trockenes und stumpfes Haar der Vergangenheit an.<br \/>\n\u200b<\/p>\n<p>Das Set beinhaltet:<br \/>\n<strong>\u200bShampoo (1 Liter):<\/strong> Reinigt sanft, ohne das Haar auszutrocknen. Angereichert mit Rosmarin-Extrakt und PCA, um die Kopfhaut zu beruhigen und die Haarfaser zu st\u00e4rken.<\/p>\n<p>\u200b<strong>Conditioning Mask 2-in-1 (1 kg):<\/strong> Eine intensive Tiefenpflege, die als Maske oder Sp\u00fclung verwendet werden kann. Sie repariert die Haarstruktur mit Panthenol und Ceramiden und macht das Haar sofort k\u00e4mmbar.<\/p>\n<p>\u200b<strong>Curls Activator (1 Liter):<\/strong> Der perfekte Abschluss f\u00fcr definierte Locken. Er b\u00fcndelt die Sprungkraft, reduziert Frizz und sch\u00fctzt das Haar den ganzen Tag \u00fcber vor dem Austrocknen.<br \/>\n\u200b<strong>Deine Vorteile auf einen Blick:<\/strong><br \/>\n\u200bMaximale Hydratation: Hochwertige \u00d6le und Sheabutter f\u00fcllen die Feuchtigkeitsspeicher tief im Inneren auf.<br \/>\n\u200bAnti-Frizz Effekt: Gl\u00e4ttet die Haaroberfl\u00e4che und b\u00e4ndigt widerspenstige H\u00e4rchen.<br \/>\n\u200bF\u00fcr alle Lockentypen: Ideal f\u00fcr Wellen (2A) bis hin zu sehr engem Afro-Haar (4C).<br \/>\n\u200bProfi-Gr\u00f6\u00dfe: Mit insgesamt \u00fcber 3 Litern Inhalt hast du eine langanhaltende Pflege f\u00fcr deine t\u00e4gliche Routine.<br \/>\n\u200bGlanz &amp; Vitalit\u00e4t: Dein Haar wird nicht nur gesund gepflegt, sondern erh\u00e4lt einen nat\u00fcrlichen, gesunden Glow.<br \/>\n\u200bAnwendung: Zuerst das Shampoo sanft einmassieren und aussp\u00fclen. Danach die Maske in die L\u00e4ngen und Spitzen geben, kurz einwirken lassen und gr\u00fcndlich aussp\u00fclen. Zum Styling den Activator im feuchten Haar verteilen und die Locken wie gewohnt definieren.<\/p>\n<p>\u200bSchenke deinen Locken die Magie, die sie verdienen!<br \/>\n\u200bTipp: Da das Set sehr reichhaltig ist, eignet es sich hervorragend f\u00fcr die \u201eCurly Girl Methode\u201c.<\/p>\n<\/div>\n<\/div><\/div><\/div><\/div><div id=\"pg-3924-1\"  class=\"panel-grid panel-no-style\" ><div id=\"pgc-3924-1-0\"  class=\"panel-grid-cell\" ><div id=\"panel-3924-1-0-0\" class=\"so-panel widget widget_echelonso-eso-slider panel-first-child panel-last-child\" data-index=\"1\" ><div class=\"slider-product-video panel-widget-style panel-widget-style-for-3924-1-0-0\" ><div\n\t\t\t\n\t\t\tclass=\"so-widget-echelonso-eso-slider so-widget-echelonso-eso-slider-default-4333943d95ad-3924\"\n\t\t\t\n\t\t>\r\n    <div uk-slider=\"center: true; autoplay: true; autoplay-interval: 6000; clsActivated: uk-transition-active\" tabindex=\"-1\">\r\n\r\n        <div class=\"uk-position-relative\">\r\n\r\n            <div uk-lightbox class=\"uk-slider-container\">\r\n\r\n                <div class=\"uk-slider-items uk-grid eso-slider-items-class uk-child-width-1-1 uk-child-width-1-1 uk-child-width-1-1 uk-child-width-1-1\">\r\n                                            <div>\r\n                            <div id=\"pl-w35d2800b\"  class=\"panel-layout\" ><div id=\"pg-w35d2800b-0\"  class=\"panel-grid panel-no-style\" ><div id=\"pgc-w35d2800b-0-0\"  class=\"panel-grid-cell\" ><div id=\"panel-w35d2800b-0-0-0\" class=\"so-panel widget widget_echelonso-eso-video panel-first-child panel-last-child\" data-index=\"0\" ><div class=\"panel-widget-style panel-widget-style-for-w35d2800b-0-0-0\" ><div\n\t\t\t\n\t\t\tclass=\"so-widget-echelonso-eso-video so-widget-echelonso-eso-video-default-d75171398898\"\n\t\t\t\n\t\t>    <video style=\"max-width: 100%;\" src=\"https:\/\/kosmetikbyemad.de\/wp-content\/uploads\/2025\/12\/WhatsApp-Video-2025-12-23-at-11.40.54.mp4\" uk-video=\"autoplay: inview\" eso muted loop playsinline><\/video>\r\n<\/div><\/div><\/div><\/div><\/div><\/div>                        <\/div>\r\n                                            <div>\r\n                            <div id=\"pl-wd238836c\"  class=\"panel-layout\" ><div id=\"pg-wd238836c-0\"  class=\"panel-grid panel-no-style\" ><div id=\"pgc-wd238836c-0-0\"  class=\"panel-grid-cell\" ><div id=\"panel-wd238836c-0-0-0\" class=\"so-panel widget widget_echelonso-eso-video panel-first-child panel-last-child\" data-index=\"0\" ><div class=\"panel-widget-style panel-widget-style-for-wd238836c-0-0-0\" ><div\n\t\t\t\n\t\t\tclass=\"so-widget-echelonso-eso-video so-widget-echelonso-eso-video-default-d75171398898\"\n\t\t\t\n\t\t>    <video style=\"max-width: 100%;\" src=\"https:\/\/kosmetikbyemad.de\/wp-content\/uploads\/2025\/12\/WhatsApp-Video-2025-12-23-at-11.40.55.mp4\" uk-video=\"autoplay: inview\" eso muted loop playsinline><\/video>\r\n<\/div><\/div><\/div><\/div><\/div><\/div>                        <\/div>\r\n                                    <\/div>\r\n\r\n            <\/div>\r\n\r\n                            <a class=\"uk-slidenav uk-position-center-left-out eso uk-hidden-hover uk-hidden-touch\" href=\"#\" uk-slidenav-previous uk-slider-item=\"previous\"><\/a>\r\n                <a class=\"uk-slidenav uk-position-center-right-out eso uk-hidden-hover uk-hidden-touch\" href=\"#\" uk-slidenav-next uk-slider-item=\"next\"><\/a>\r\n            \r\n        <\/div>\r\n\r\n                    <ul class=\"uk-slider-nav uk-dotnav uk-flex-center\"><\/ul>\r\n        \r\n    <\/div>\r\n\r\n<\/div><\/div><\/div><\/div><\/div><\/div>","protected":false},"excerpt":{"rendered":"<p>Magic Curls \u2013 Das ultimative 3-teilige<\/p>","protected":false},"featured_media":3925,"comment_status":"open","ping_status":"closed","template":"","meta":[],"product_brand":[],"product_cat":[50],"product_tag":[],"class_list":{"0":"post-3924","1":"product","2":"type-product","3":"status-publish","4":"has-post-thumbnail","6":"product_cat-top-hair","7":"product_shipping_class-package","9":"first","10":"instock","11":"sale","12":"taxable","13":"shipping-taxable","14":"purchasable","15":"product-type-simple"},"jetpack_sharing_enabled":true,"_links":{"self":[{"href":"https:\/\/kosmetikbyemad.de\/en\/wp-json\/wp\/v2\/product\/3924","targetHints":{"allow":["GET"]}}],"collection":[{"href":"https:\/\/kosmetikbyemad.de\/en\/wp-json\/wp\/v2\/product"}],"about":[{"href":"https:\/\/kosmetikbyemad.de\/en\/wp-json\/wp\/v2\/types\/product"}],"replies":[{"embeddable":true,"href":"https:\/\/kosmetikbyemad.de\/en\/wp-json\/wp\/v2\/comments?post=3924"}],"wp:featuredmedia":[{"embeddable":true,"href":"https:\/\/kosmetikbyemad.de\/en\/wp-json\/wp\/v2\/media\/3925"}],"wp:attachment":[{"href":"https:\/\/kosmetikbyemad.de\/en\/wp-json\/wp\/v2\/media?parent=3924"}],"wp:term":[{"taxonomy":"product_brand","embeddable":true,"href":"https:\/\/kosmetikbyemad.de\/en\/wp-json\/wp\/v2\/product_brand?post=3924"},{"taxonomy":"product_cat","embeddable":true,"href":"https:\/\/kosmetikbyemad.de\/en\/wp-json\/wp\/v2\/product_cat?post=3924"},{"taxonomy":"product_tag","embeddable":true,"href":"https:\/\/kosmetikbyemad.de\/en\/wp-json\/wp\/v2\/product_tag?post=3924"}],"curies":[{"name":"wp","href":"https:\/\/api.w.org\/{rel}","templated":true}]}}