{"id":4046,"date":"2026-04-07T19:40:51","date_gmt":"2026-04-07T17:40:51","guid":{"rendered":"https:\/\/kosmetikbyemad.de\/?post_type=product&#038;p=4046"},"modified":"2026-04-08T00:23:25","modified_gmt":"2026-04-07T22:23:25","slug":"flawless-professional-titanium-glaetteisen-100-titanium-power","status":"publish","type":"product","link":"https:\/\/kosmetikbyemad.de\/en\/product\/flawless-professional-titanium-glaetteisen-100-titanium-power\/","title":{"rendered":"Flawless Professional Titanium Gl\u00e4tteisen \u2013 100% Titanium Power"},"content":{"rendered":"<div id=\"pl-4046\"  class=\"panel-layout\" ><div id=\"pg-4046-0\"  class=\"panel-grid panel-no-style\" ><div id=\"pgc-4046-0-0\"  class=\"panel-grid-cell\" ><div id=\"panel-4046-0-0-0\" class=\"so-panel widget widget_sow-editor panel-first-child panel-last-child\" data-index=\"0\" ><div\n\t\t\t\n\t\t\tclass=\"so-widget-sow-editor so-widget-sow-editor-base\"\n\t\t\t\n\t\t>\n<div class=\"siteorigin-widget-tinymce textwidget\">\n\t<div>Erlebe professionelles Haarstyling auf einem neuen Level mit dem Fawess Titanium Gl\u00e4tteisen. Dank modernster Titanium-Technologie sorgt dieses Gl\u00e4tteisen f\u00fcr ultra-glatte, gl\u00e4nzende Ergebnisse \u2013 schnell, schonend und langanhaltend.<\/div>\n<div><\/div>\n<div>Die hochwertigen Titanium-Platten erm\u00f6glichen eine besonders gleichm\u00e4\u00dfige Hitzeverteilung und gleiten m\u00fchelos durch das Haar, ohne zu ziehen oder es zu strapazieren. Ob glattes Sleek-Hair, sanfte Wellen oder definierte Locken \u2013 dieses Styling-Tool ist dein perfekter Allrounder.<\/div>\n<div><\/div>\n<div>Highlights auf einen Blick:<\/div>\n<div>\u2022100% Titanium-Platten f\u00fcr maximale Gl\u00e4tte &amp; Glanz<\/div>\n<div>\u2022Schnelles Aufheizen f\u00fcr sofortiges Styling<\/div>\n<div>\u2022Schonende Hitzeverteilung \u2013 weniger Haarsch\u00e4den<\/div>\n<div>\u2022Professionelle 360\u00b0 Drehkabel-Technologie f\u00fcr maximale Flexibilit\u00e4t<\/div>\n<div>\u2022Ergonomisches Design f\u00fcr komfortable Anwendung<\/div>\n<div>\u2022Leicht &amp; handlich \u2013 ideal f\u00fcr Zuhause und unterwegs<\/div>\n<div><\/div>\n<div>Mit einer leistungsstarken Performance und stilvollem Design ist dieses Gl\u00e4tteisen perfekt f\u00fcr alle, die Wert auf professionelle Ergebnisse legen \u2013 ganz ohne Friseur.<\/div>\n<div><\/div>\n<div>F\u00fcr wen geeignet?<\/div>\n<div>\u2714 Alle Haartypen \u2013 von fein bis dick<\/div>\n<div>\u2714 Perfekt f\u00fcr glatte Styles, Wellen &amp; Locken<\/div>\n<div>\u2714 Ideal f\u00fcr den t\u00e4glichen Gebrauch oder besondere Anl\u00e4sse<\/div>\n<div><\/div>\n<div>Mach Schluss mit Frizz und widerspenstigem Haar \u2013 und bring dein Styling auf das n\u00e4chste Level.<\/div>\n<\/div>\n<\/div><\/div><\/div><\/div><div id=\"pg-4046-1\"  class=\"panel-grid panel-no-style\" ><div id=\"pgc-4046-1-0\"  class=\"panel-grid-cell\" ><div id=\"panel-4046-1-0-0\" class=\"so-panel widget widget_echelonso-eso-slider panel-first-child panel-last-child\" data-index=\"1\" ><div class=\"slider-product-video panel-widget-style panel-widget-style-for-4046-1-0-0\" ><div\n\t\t\t\n\t\t\tclass=\"so-widget-echelonso-eso-slider so-widget-echelonso-eso-slider-default-4333943d95ad-4046\"\n\t\t\t\n\t\t>\r\n    <div uk-slider=\"center: true; autoplay: true; autoplay-interval: 6000; clsActivated: eso\" tabindex=\"-1\">\r\n\r\n        <div class=\"uk-position-relative\">\r\n\r\n            <div  class=\"uk-slider-container\">\r\n\r\n                <div class=\"uk-slider-items uk-grid eso-slider-items-class uk-child-width-1-1 uk-child-width-1-1 uk-child-width-1-1 uk-child-width-1-1\">\r\n                                            <div>\r\n                            <div id=\"pl-w5594f4bd\"  class=\"panel-layout\" ><div id=\"pg-w5594f4bd-0\"  class=\"panel-grid panel-no-style\" ><div id=\"pgc-w5594f4bd-0-0\"  class=\"panel-grid-cell\" ><div id=\"panel-w5594f4bd-0-0-0\" class=\"so-panel widget widget_media_video panel-first-child panel-last-child\" data-index=\"0\" ><div class=\"panel-widget-style panel-widget-style-for-w5594f4bd-0-0-0\" ><div style=\"width:100%;\" class=\"wp-video\"><video class=\"wp-video-shortcode\" id=\"video-4046-1\" preload=\"metadata\" controls=\"controls\"><source type=\"video\/mp4\" src=\"https:\/\/kosmetikbyemad.de\/wp-content\/uploads\/2026\/04\/WhatsApp-Video-2026-04-07-at-22.27.51.mp4?_=1\" \/><source type=\"video\/mp4\" src=\"https:\/\/kosmetikbyemad.de\/wp-content\/uploads\/2026\/04\/WhatsApp-Video-2026-04-07-at-22.27.51.mp4?_=1\" \/><a href=\"https:\/\/kosmetikbyemad.de\/wp-content\/uploads\/2026\/04\/WhatsApp-Video-2026-04-07-at-22.27.51.mp4\">https:\/\/kosmetikbyemad.de\/wp-content\/uploads\/2026\/04\/WhatsApp-Video-2026-04-07-at-22.27.51.mp4<\/a><\/video><\/div><\/div><\/div><\/div><\/div><\/div>                        <\/div>\r\n                                    <\/div>\r\n\r\n            <\/div>\r\n\r\n                            <a class=\"uk-slidenav uk-position-center-left-out eso eso uk-hidden-touch\" href=\"#\" uk-slidenav-previous uk-slider-item=\"previous\"><\/a>\r\n                <a class=\"uk-slidenav uk-position-center-right-out eso eso uk-hidden-touch\" href=\"#\" uk-slidenav-next uk-slider-item=\"next\"><\/a>\r\n            \r\n        <\/div>\r\n\r\n                    <ul class=\"uk-slider-nav uk-dotnav uk-flex-center\"><\/ul>\r\n        \r\n    <\/div>\r\n\r\n<\/div><\/div><\/div><\/div><\/div><\/div>","protected":false},"excerpt":{"rendered":"<p>Flawless Professional Titanium\u00a0250\u00b0C \/ 480\u00b0F<\/p>","protected":false},"featured_media":2874,"comment_status":"open","ping_status":"closed","template":"","meta":[],"product_brand":[],"product_cat":[215,214],"product_tag":[129,130],"class_list":{"0":"post-4046","1":"product","2":"type-product","3":"status-publish","4":"has-post-thumbnail","6":"product_cat-5g","7":"product_cat-zubehoer","8":"product_tag-glaetteisen","9":"product_tag-haarglaetter","10":"product_shipping_class-package","12":"first","13":"instock","14":"sale","15":"taxable","16":"shipping-taxable","17":"purchasable","18":"product-type-simple"},"jetpack_sharing_enabled":true,"_links":{"self":[{"href":"https:\/\/kosmetikbyemad.de\/en\/wp-json\/wp\/v2\/product\/4046","targetHints":{"allow":["GET"]}}],"collection":[{"href":"https:\/\/kosmetikbyemad.de\/en\/wp-json\/wp\/v2\/product"}],"about":[{"href":"https:\/\/kosmetikbyemad.de\/en\/wp-json\/wp\/v2\/types\/product"}],"replies":[{"embeddable":true,"href":"https:\/\/kosmetikbyemad.de\/en\/wp-json\/wp\/v2\/comments?post=4046"}],"wp:featuredmedia":[{"embeddable":true,"href":"https:\/\/kosmetikbyemad.de\/en\/wp-json\/wp\/v2\/media\/2874"}],"wp:attachment":[{"href":"https:\/\/kosmetikbyemad.de\/en\/wp-json\/wp\/v2\/media?parent=4046"}],"wp:term":[{"taxonomy":"product_brand","embeddable":true,"href":"https:\/\/kosmetikbyemad.de\/en\/wp-json\/wp\/v2\/product_brand?post=4046"},{"taxonomy":"product_cat","embeddable":true,"href":"https:\/\/kosmetikbyemad.de\/en\/wp-json\/wp\/v2\/product_cat?post=4046"},{"taxonomy":"product_tag","embeddable":true,"href":"https:\/\/kosmetikbyemad.de\/en\/wp-json\/wp\/v2\/product_tag?post=4046"}],"curies":[{"name":"wp","href":"https:\/\/api.w.org\/{rel}","templated":true}]}}