{"id":881,"date":"2021-03-29T22:30:19","date_gmt":"2021-03-29T20:30:19","guid":{"rendered":"https:\/\/kosmetikbyemad.de\/?post_type=product&#038;p=881"},"modified":"2026-04-08T17:22:38","modified_gmt":"2026-04-08T15:22:38","slug":"top-hair-cosmetics-top-liss-brazilian-straightening-1l","status":"publish","type":"product","link":"https:\/\/kosmetikbyemad.de\/en\/product\/top-hair-cosmetics-top-liss-brazilian-straightening-1l\/","title":{"rendered":"Top Hair Cosmetics \u2013 Top Liss Brazilian Straightening | 1L"},"content":{"rendered":"<div id=\"pl-881\"  class=\"panel-layout\" ><div id=\"pg-881-0\"  class=\"panel-grid panel-no-style\" ><div id=\"pgc-881-0-0\"  class=\"panel-grid-cell\" ><div id=\"panel-881-0-0-0\" class=\"so-panel widget widget_sow-editor panel-first-child panel-last-child\" data-index=\"0\" ><div\n\t\t\t\n\t\t\tclass=\"so-widget-sow-editor so-widget-sow-editor-base\"\n\t\t\t\n\t\t>\n<div class=\"siteorigin-widget-tinymce textwidget\">\n\t<p><strong>Gl\u00e4ttung & Pflege<\/strong> in einem \u2013 ohne Formaldehyd, mit brasilianischer Power<\/p>\n<p><strong>Erlebe<\/strong> die perfekte Kombination aus Gl\u00e4tte, Pflege und Sicherheit mit Top Liss Brazilian Straightening von TopHair Cosmetics \u2013 einer hochwertigen Proteingl\u00e4ttung aus Brasilien, speziell entwickelt f\u00fcr eine langanhaltende, glatte und frizzfreie Haarstruktur.<\/p>\n<p><strong>Dank<\/strong> seiner einzigartigen Formel mit Kokos\u00f6l, Kollagen, Tannin und Amazonas-\u00d6len sorgt dieses Gl\u00e4ttungssystem f\u00fcr sichtbar glatteres, geschmeidigeres und gl\u00e4nzenderes Haar \u2013 ganz ohne Formaldehyd.<br \/>\nIdeal f\u00fcr alle Haartypen \u2013 ob fein, kraus, wellig oder chemisch behandelt.<\/p>\n<p><strong>\ud83c\udf3f Vorteile auf einen Blick:<\/strong><br \/>\n\t\u2022\tGl\u00e4ttet das Haar auf nat\u00fcrliche Weise<br \/>\n\t\u2022\tReduziert Frizz effektiv und nachhaltig<br \/>\n\t\u2022\tSt\u00e4rkt & n\u00e4hrt mit pflanzlichen Proteinen & \u00d6len<br \/>\n\t\u2022\tSicher & sanft, da formaldehydfrei<br \/>\n\t\u2022\tF\u00fcr alle Haartypen geeignet<\/p>\n<p>Ob f\u00fcr den professionellen Salon oder den anspruchsvollen Home-Use \u2013 diese 1-Liter-Flasche bietet langanhaltende Ergebnisse und intensive Pflege in einem.<\/p>\n<p>\u2e3b<\/p>\n<p><strong>Inhalt: 1000 ml<\/strong><br \/>\nAnwendung: Professionelle Anwendung empfohlen<br \/>\nHergestelt: Brasilien \ud83c\udde7\ud83c\uddf7<\/p>\n<p>Nach der Behandlung empfiehlt sich die Verwendung des Leblon Set,Essential Set Oder Total Repair es verl\u00e4ngert die Wirkung der Behandlung um mehrere Monate. Aufgrund der gleichen Wirkstoffe erg\u00e4nzen sie die Kortexschicht, den interzellul\u00e4ren Zement und die Haarkutikula.<\/p>\n<p><strong>Vorsichtsma\u00dfnahmen:<\/strong> Von Kindern fernhalten. Vor Licht, \u00fcberm\u00e4\u00dfiger Hitze und Feuchtigkeit sch\u00fctzen. Kontakt mit Augen, Mund und Schleimh\u00e4uten vermeiden. Bei Allergien die Anwendung abbrechen.<\/p>\n<p><strong>*** ACHTUNG! ***<\/strong><br \/>\nTOP HAIR COSMETICS<br \/>\nDie Produkte sind f\u00fcr den Professionellen Gebrauch. Wir ber\u00fccksichtigen keine Reklamationen!<\/p>\n<\/div>\n<\/div><\/div><\/div><\/div><div id=\"pg-881-1\"  class=\"panel-grid panel-no-style\" ><div id=\"pgc-881-1-0\"  class=\"panel-grid-cell\" ><div id=\"panel-881-1-0-0\" class=\"so-panel widget widget_echelonso-eso-slider panel-first-child panel-last-child\" data-index=\"1\" ><div class=\"slider-product-video panel-widget-style panel-widget-style-for-881-1-0-0\" ><div\n\t\t\t\n\t\t\tclass=\"so-widget-echelonso-eso-slider so-widget-echelonso-eso-slider-default-4333943d95ad-881\"\n\t\t\t\n\t\t>\r\n    <div uk-slider=\"center: true; autoplay: true; autoplay-interval: 6000; clsActivated: eso\" tabindex=\"-1\">\r\n\r\n        <div class=\"uk-position-relative\">\r\n\r\n            <div  class=\"uk-slider-container\">\r\n\r\n                <div class=\"uk-slider-items uk-grid eso-slider-items-class uk-child-width-1-1 uk-child-width-1-1 uk-child-width-1-1 uk-child-width-1-1\">\r\n                                            <div>\r\n                            <div id=\"pl-w5124348d\"  class=\"panel-layout\" ><div id=\"pg-w5124348d-0\"  class=\"panel-grid panel-no-style\" ><div id=\"pgc-w5124348d-0-0\"  class=\"panel-grid-cell\" ><div id=\"panel-w5124348d-0-0-0\" class=\"so-panel widget widget_media_video panel-first-child panel-last-child\" data-index=\"0\" ><div class=\"panel-widget-style panel-widget-style-for-w5124348d-0-0-0\" ><div style=\"width:100%;\" class=\"wp-video\"><video class=\"wp-video-shortcode\" id=\"video-881-1\" preload=\"metadata\" controls=\"controls\"><source type=\"video\/mp4\" src=\"https:\/\/kosmetikbyemad.de\/wp-content\/uploads\/2021\/03\/topliss1.mp4?_=1\" \/><source type=\"video\/mp4\" src=\"https:\/\/kosmetikbyemad.de\/wp-content\/uploads\/2021\/03\/topliss1.mp4?_=1\" \/><a href=\"https:\/\/kosmetikbyemad.de\/wp-content\/uploads\/2021\/03\/topliss1.mp4\">https:\/\/kosmetikbyemad.de\/wp-content\/uploads\/2021\/03\/topliss1.mp4<\/a><\/video><\/div><\/div><\/div><\/div><\/div><\/div>                        <\/div>\r\n                                            <div>\r\n                            <div id=\"pl-w0fbbf031\"  class=\"panel-layout\" ><div id=\"pg-w0fbbf031-0\"  class=\"panel-grid panel-no-style\" ><div id=\"pgc-w0fbbf031-0-0\"  class=\"panel-grid-cell\" ><div id=\"panel-w0fbbf031-0-0-0\" class=\"so-panel widget widget_media_video panel-first-child panel-last-child\" data-index=\"0\" ><div class=\"panel-widget-style panel-widget-style-for-w0fbbf031-0-0-0\" ><div style=\"width:100%;\" class=\"wp-video\"><video class=\"wp-video-shortcode\" id=\"video-881-2\" preload=\"metadata\" controls=\"controls\"><source type=\"video\/mp4\" src=\"https:\/\/kosmetikbyemad.de\/wp-content\/uploads\/2021\/03\/topliss11.mp4?_=2\" \/><source type=\"video\/mp4\" src=\"https:\/\/kosmetikbyemad.de\/wp-content\/uploads\/2021\/03\/topliss11.mp4?_=2\" \/><a href=\"https:\/\/kosmetikbyemad.de\/wp-content\/uploads\/2021\/03\/topliss11.mp4\">https:\/\/kosmetikbyemad.de\/wp-content\/uploads\/2021\/03\/topliss11.mp4<\/a><\/video><\/div><\/div><\/div><\/div><\/div><\/div>                        <\/div>\r\n                                            <div>\r\n                            <div id=\"pl-w40352b0a\"  class=\"panel-layout\" ><div id=\"pg-w40352b0a-0\"  class=\"panel-grid panel-no-style\" ><div id=\"pgc-w40352b0a-0-0\"  class=\"panel-grid-cell\" ><div id=\"panel-w40352b0a-0-0-0\" class=\"so-panel widget widget_media_video panel-first-child panel-last-child\" data-index=\"0\" ><div class=\"panel-widget-style panel-widget-style-for-w40352b0a-0-0-0\" ><div style=\"width:100%;\" class=\"wp-video\"><video class=\"wp-video-shortcode\" id=\"video-881-3\" preload=\"metadata\" controls=\"controls\"><source type=\"video\/mp4\" src=\"https:\/\/kosmetikbyemad.de\/wp-content\/uploads\/2021\/03\/topliss13.mp4?_=3\" \/><source type=\"video\/mp4\" src=\"https:\/\/kosmetikbyemad.de\/wp-content\/uploads\/2021\/03\/topliss13.mp4?_=3\" \/><a href=\"https:\/\/kosmetikbyemad.de\/wp-content\/uploads\/2021\/03\/topliss13.mp4\">https:\/\/kosmetikbyemad.de\/wp-content\/uploads\/2021\/03\/topliss13.mp4<\/a><\/video><\/div><\/div><\/div><\/div><\/div><\/div>                        <\/div>\r\n                                            <div>\r\n                            <div id=\"pl-w72a02705\"  class=\"panel-layout\" ><div id=\"pg-w72a02705-0\"  class=\"panel-grid panel-no-style\" ><div id=\"pgc-w72a02705-0-0\"  class=\"panel-grid-cell\" ><div id=\"panel-w72a02705-0-0-0\" class=\"so-panel widget widget_media_video panel-first-child panel-last-child\" data-index=\"0\" ><div class=\"panel-widget-style panel-widget-style-for-w72a02705-0-0-0\" ><div style=\"width:100%;\" class=\"wp-video\"><video class=\"wp-video-shortcode\" id=\"video-881-4\" preload=\"metadata\" controls=\"controls\"><source type=\"video\/mp4\" src=\"https:\/\/kosmetikbyemad.de\/wp-content\/uploads\/2021\/03\/topliss12.mp4?_=4\" \/><source type=\"video\/mp4\" src=\"https:\/\/kosmetikbyemad.de\/wp-content\/uploads\/2021\/03\/topliss12.mp4?_=4\" \/><a href=\"https:\/\/kosmetikbyemad.de\/wp-content\/uploads\/2021\/03\/topliss12.mp4\">https:\/\/kosmetikbyemad.de\/wp-content\/uploads\/2021\/03\/topliss12.mp4<\/a><\/video><\/div><\/div><\/div><\/div><\/div><\/div>                        <\/div>\r\n                                            <div>\r\n                            <div id=\"pl-w70b9a9d6\"  class=\"panel-layout\" ><div id=\"pg-w70b9a9d6-0\"  class=\"panel-grid panel-no-style\" ><div id=\"pgc-w70b9a9d6-0-0\"  class=\"panel-grid-cell\" ><div id=\"panel-w70b9a9d6-0-0-0\" class=\"so-panel widget widget_media_video panel-first-child panel-last-child\" data-index=\"0\" ><div class=\"panel-widget-style panel-widget-style-for-w70b9a9d6-0-0-0\" ><div style=\"width:100%;\" class=\"wp-video\"><video class=\"wp-video-shortcode\" id=\"video-881-5\" preload=\"metadata\" controls=\"controls\"><source type=\"video\/mp4\" src=\"https:\/\/kosmetikbyemad.de\/wp-content\/uploads\/2021\/03\/topliss10.mp4?_=5\" \/><source type=\"video\/mp4\" src=\"https:\/\/kosmetikbyemad.de\/wp-content\/uploads\/2021\/03\/topliss10.mp4?_=5\" \/><a href=\"https:\/\/kosmetikbyemad.de\/wp-content\/uploads\/2021\/03\/topliss10.mp4\">https:\/\/kosmetikbyemad.de\/wp-content\/uploads\/2021\/03\/topliss10.mp4<\/a><\/video><\/div><\/div><\/div><\/div><\/div><\/div>                        <\/div>\r\n                                            <div>\r\n                            <div id=\"pl-w2b13697c\"  class=\"panel-layout\" ><div id=\"pg-w2b13697c-0\"  class=\"panel-grid panel-no-style\" ><div id=\"pgc-w2b13697c-0-0\"  class=\"panel-grid-cell\" ><div id=\"panel-w2b13697c-0-0-0\" class=\"so-panel widget widget_media_video panel-first-child panel-last-child\" data-index=\"0\" ><div class=\"panel-widget-style panel-widget-style-for-w2b13697c-0-0-0\" ><div style=\"width:100%;\" class=\"wp-video\"><video class=\"wp-video-shortcode\" id=\"video-881-6\" preload=\"metadata\" controls=\"controls\"><source type=\"video\/mp4\" src=\"https:\/\/kosmetikbyemad.de\/wp-content\/uploads\/2021\/03\/topliss5.mp4?_=6\" \/><source type=\"video\/mp4\" src=\"https:\/\/kosmetikbyemad.de\/wp-content\/uploads\/2021\/03\/topliss5.mp4?_=6\" \/><a href=\"https:\/\/kosmetikbyemad.de\/wp-content\/uploads\/2021\/03\/topliss5.mp4\">https:\/\/kosmetikbyemad.de\/wp-content\/uploads\/2021\/03\/topliss5.mp4<\/a><\/video><\/div><\/div><\/div><\/div><\/div><\/div>                        <\/div>\r\n                                            <div>\r\n                            <div id=\"pl-w1544e9d9\"  class=\"panel-layout\" ><div id=\"pg-w1544e9d9-0\"  class=\"panel-grid panel-no-style\" ><div id=\"pgc-w1544e9d9-0-0\"  class=\"panel-grid-cell\" ><div id=\"panel-w1544e9d9-0-0-0\" class=\"so-panel widget widget_media_video panel-first-child panel-last-child\" data-index=\"0\" ><div class=\"panel-widget-style panel-widget-style-for-w1544e9d9-0-0-0\" ><div style=\"width:100%;\" class=\"wp-video\"><video class=\"wp-video-shortcode\" id=\"video-881-7\" preload=\"metadata\" controls=\"controls\"><source type=\"video\/mp4\" src=\"https:\/\/kosmetikbyemad.de\/wp-content\/uploads\/2021\/03\/topliss4.mp4?_=7\" \/><source type=\"video\/mp4\" src=\"https:\/\/kosmetikbyemad.de\/wp-content\/uploads\/2021\/03\/topliss4.mp4?_=7\" \/><a href=\"https:\/\/kosmetikbyemad.de\/wp-content\/uploads\/2021\/03\/topliss4.mp4\">https:\/\/kosmetikbyemad.de\/wp-content\/uploads\/2021\/03\/topliss4.mp4<\/a><\/video><\/div><\/div><\/div><\/div><\/div><\/div>                        <\/div>\r\n                                            <div>\r\n                            <div id=\"pl-w40d0d0c3\"  class=\"panel-layout\" ><div id=\"pg-w40d0d0c3-0\"  class=\"panel-grid panel-no-style\" ><div id=\"pgc-w40d0d0c3-0-0\"  class=\"panel-grid-cell\" ><div id=\"panel-w40d0d0c3-0-0-0\" class=\"so-panel widget widget_media_video panel-first-child panel-last-child\" data-index=\"0\" ><div class=\"panel-widget-style panel-widget-style-for-w40d0d0c3-0-0-0\" ><div style=\"width:100%;\" class=\"wp-video\"><video class=\"wp-video-shortcode\" id=\"video-881-8\" preload=\"metadata\" controls=\"controls\"><source type=\"video\/mp4\" src=\"https:\/\/kosmetikbyemad.de\/wp-content\/uploads\/2021\/03\/topliss3.mp4?_=8\" \/><source type=\"video\/mp4\" src=\"https:\/\/kosmetikbyemad.de\/wp-content\/uploads\/2021\/03\/topliss3.mp4?_=8\" \/><a href=\"https:\/\/kosmetikbyemad.de\/wp-content\/uploads\/2021\/03\/topliss3.mp4\">https:\/\/kosmetikbyemad.de\/wp-content\/uploads\/2021\/03\/topliss3.mp4<\/a><\/video><\/div><\/div><\/div><\/div><\/div><\/div>                        <\/div>\r\n                                    <\/div>\r\n\r\n            <\/div>\r\n\r\n                            <a class=\"uk-slidenav uk-position-center-left-out eso eso uk-hidden-touch\" href=\"#\" uk-slidenav-previous uk-slider-item=\"previous\"><\/a>\r\n                <a class=\"uk-slidenav uk-position-center-right-out eso eso uk-hidden-touch\" href=\"#\" uk-slidenav-next uk-slider-item=\"next\"><\/a>\r\n            \r\n        <\/div>\r\n\r\n                    <ul class=\"uk-slider-nav uk-dotnav uk-flex-center\"><\/ul>\r\n        \r\n    <\/div>\r\n\r\n<\/div><\/div><\/div><\/div><\/div><\/div>","protected":false},"excerpt":{"rendered":"<p><strong>Top liss Brasilianische proteingl\u00e4ttung 1000ML 0%Formaldehyd<\/strong><\/p>","protected":false},"featured_media":2616,"comment_status":"closed","ping_status":"closed","template":"","meta":[],"product_brand":[],"product_cat":[50,52],"product_tag":[144,102,100,101,103,153],"class_list":{"0":"post-881","1":"product","2":"type-product","3":"status-publish","4":"has-post-thumbnail","6":"product_cat-top-hair","7":"product_cat-top-liss","8":"product_tag-dauerhafthaarglaettung","9":"product_tag-haarglaettung","10":"product_tag-keratin","11":"product_tag-keratinglaettung","12":"product_tag-proteinglaettung","13":"product_tag-taninno","14":"product_shipping_class-package","16":"first","17":"instock","18":"taxable","19":"shipping-taxable","20":"purchasable","21":"product-type-simple"},"jetpack_sharing_enabled":true,"_links":{"self":[{"href":"https:\/\/kosmetikbyemad.de\/en\/wp-json\/wp\/v2\/product\/881","targetHints":{"allow":["GET"]}}],"collection":[{"href":"https:\/\/kosmetikbyemad.de\/en\/wp-json\/wp\/v2\/product"}],"about":[{"href":"https:\/\/kosmetikbyemad.de\/en\/wp-json\/wp\/v2\/types\/product"}],"replies":[{"embeddable":true,"href":"https:\/\/kosmetikbyemad.de\/en\/wp-json\/wp\/v2\/comments?post=881"}],"wp:featuredmedia":[{"embeddable":true,"href":"https:\/\/kosmetikbyemad.de\/en\/wp-json\/wp\/v2\/media\/2616"}],"wp:attachment":[{"href":"https:\/\/kosmetikbyemad.de\/en\/wp-json\/wp\/v2\/media?parent=881"}],"wp:term":[{"taxonomy":"product_brand","embeddable":true,"href":"https:\/\/kosmetikbyemad.de\/en\/wp-json\/wp\/v2\/product_brand?post=881"},{"taxonomy":"product_cat","embeddable":true,"href":"https:\/\/kosmetikbyemad.de\/en\/wp-json\/wp\/v2\/product_cat?post=881"},{"taxonomy":"product_tag","embeddable":true,"href":"https:\/\/kosmetikbyemad.de\/en\/wp-json\/wp\/v2\/product_tag?post=881"}],"curies":[{"name":"wp","href":"https:\/\/api.w.org\/{rel}","templated":true}]}}